{"id":917,"date":"2021-11-26T10:58:49","date_gmt":"2021-11-26T13:58:49","guid":{"rendered":"https:\/\/bosquegurumi.com\/?post_type=product&#038;p=917"},"modified":"2022-12-02T07:05:02","modified_gmt":"2022-12-02T10:05:02","slug":"wicked-padraofanart","status":"publish","type":"product","link":"https:\/\/bosquegurumi.com\/index.php\/produto\/wicked-padraofanart\/","title":{"rendered":"Combo Wicked: Glinda e Elphaba &#8211; Receitas de amigurumi fanart"},"content":{"rendered":"<p style=\"text-align: center;\"><strong>Estas s\u00e3o receitas FANART.<\/strong><br \/>\n<strong>Arquivos digitais para confec\u00e7\u00e3o da pe\u00e7as e n\u00e3o os amigurumis prontos!<\/strong><\/p>\n<p>Padr\u00e3o Glinda:<\/p>\n<ul>\n<li>PDF com 24 p\u00e1ginas<\/li>\n<li>Mais de 80 fotos!<\/li>\n<li>1 v\u00eddeo de apoio<\/li>\n<li>Idioma portugu\u00eas<\/li>\n<li>Cerca de 20cm, dependendo do material e da agulha<\/li>\n<li>N\u00edvel de dificuldade: intermedi\u00e1rio<\/li>\n<\/ul>\n<p>Padr\u00e3o Elphaba:<\/p>\n<ul>\n<li>PDF com 16 p\u00e1ginas<\/li>\n<li>Mais de 40 fotos<\/li>\n<li>2 v\u00eddeos de apoio<\/li>\n<li>Idioma portugu\u00eas<\/li>\n<li>Cerca de 21cm, dependendo do material e da agulha<\/li>\n<li>N\u00edvel de dificuldade: intermedi\u00e1rio<\/li>\n<\/ul>\n<p>Al\u00e9m disso, nos arquivos digitais voc\u00ea encontra:<\/p>\n<ul>\n<li>Receitas de acess\u00f3rios<\/li>\n<li>Instru\u00e7\u00f5es detalhadas para confec\u00e7\u00e3o da pe\u00e7a<\/li>\n<li>Informa\u00e7\u00f5es t\u00e9cnicas (materiais, abrevia\u00e7\u00f5es, etc)<\/li>\n<li>Op\u00e7\u00f5es de fios alternativos.<\/li>\n<\/ul>\n<p>Suporte dispon\u00edvel!<\/p>\n<p><strong>Ap\u00f3s a confirma\u00e7\u00e3o do pagamento, os arquivos digitais ficar\u00e3o dispon\u00edveis para download na sua conta do <\/strong><strong>site na se\u00e7\u00e3o Minha Conta =&gt; Downloads.<\/strong><\/p>\n<p><strong>Padr\u00f5es de uso pessoal, individual e intransfer\u00edvel. Venda e\/ou compartilhamento s\u00e3o proibidos, seja <\/strong><strong>por meios eletr\u00f4nicos ou f\u00edsicos, de acordo com a lei de direitos autorais N\u00ba 9.610\/98. Ao realizar a <\/strong><strong>compra voc\u00ea concorda as referidas condi\u00e7\u00f5es de n\u00e3o compartilhamento.<\/strong><\/p>\n<p>&nbsp;<\/p>\n","protected":false},"excerpt":{"rendered":"<p>Padr\u00f5es digitais para confec\u00e7\u00e3o dos amigurumis fanart das personagens Glinda e Elphaba, de \u201cWicked\u201d, musical da Broadway ganhador de 3 pr\u00eamios Tony. A obra, inspirada no livro de Gregory Maguire, est\u00e1 prestes a ganhar uma vers\u00e3o para o cinema estrelada por Ariana Grande e Cynthia Erivo!<\/p>\n<ul>\n<li><strong>PDFs que totalizam 40 p\u00e1ginas<\/strong><\/li>\n<li><strong>Mais de 120 fotos!<\/strong><\/li>\n<li><strong>3 v\u00eddeos de apoio<\/strong><\/li>\n<li><strong>Idioma portugu\u00eas<\/strong><\/li>\n<li><strong>N\u00edvel de dificuldade: intermedi\u00e1rio<\/strong><\/li>\n<li><strong>Cerca de 20cm, dependendo do material e da agulha<\/strong><\/li>\n<\/ul>\n<p>&nbsp;<\/p>\n","protected":false},"featured_media":918,"template":"","meta":{"om_disable_all_campaigns":false,"_monsterinsights_skip_tracking":false,"_monsterinsights_sitenote_active":false,"_monsterinsights_sitenote_note":"","_monsterinsights_sitenote_category":0},"product_brand":[],"product_cat":[24,37],"product_tag":[39,21,38,22],"class_list":{"0":"post-917","1":"product","2":"type-product","3":"status-publish","4":"has-post-thumbnail","6":"product_cat-receitas","7":"product_cat-musicais-receitas","8":"product_tag-bruxes","9":"product_tag-musicais","10":"product_tag-oz","11":"product_tag-wicked","13":"first","14":"instock","15":"downloadable","16":"virtual","17":"taxable","18":"purchasable","19":"product-type-simple"},"aioseo_notices":[],"_links":{"self":[{"href":"https:\/\/bosquegurumi.com\/index.php\/wp-json\/wp\/v2\/product\/917","targetHints":{"allow":["GET"]}}],"collection":[{"href":"https:\/\/bosquegurumi.com\/index.php\/wp-json\/wp\/v2\/product"}],"about":[{"href":"https:\/\/bosquegurumi.com\/index.php\/wp-json\/wp\/v2\/types\/product"}],"wp:featuredmedia":[{"embeddable":true,"href":"https:\/\/bosquegurumi.com\/index.php\/wp-json\/wp\/v2\/media\/918"}],"wp:attachment":[{"href":"https:\/\/bosquegurumi.com\/index.php\/wp-json\/wp\/v2\/media?parent=917"}],"wp:term":[{"taxonomy":"product_brand","embeddable":true,"href":"https:\/\/bosquegurumi.com\/index.php\/wp-json\/wp\/v2\/product_brand?post=917"},{"taxonomy":"product_cat","embeddable":true,"href":"https:\/\/bosquegurumi.com\/index.php\/wp-json\/wp\/v2\/product_cat?post=917"},{"taxonomy":"product_tag","embeddable":true,"href":"https:\/\/bosquegurumi.com\/index.php\/wp-json\/wp\/v2\/product_tag?post=917"}],"curies":[{"name":"wp","href":"https:\/\/api.w.org\/{rel}","templated":true}]}}