{"id":8871,"date":"2023-04-13T07:12:23","date_gmt":"2023-04-13T10:12:23","guid":{"rendered":"https:\/\/bosquegurumi.com\/?post_type=product&#038;p=8871"},"modified":"2025-04-14T22:43:18","modified_gmt":"2025-04-15T01:43:18","slug":"ellie-amigurumi-the-last-of-us","status":"publish","type":"product","link":"https:\/\/bosquegurumi.com\/index.php\/produto\/ellie-amigurumi-the-last-of-us\/","title":{"rendered":"Ellie (The Last of Us) amigurumi [PT\/ENG] pattern \u2022 receita de amigurumi"},"content":{"rendered":"<p style=\"text-align: center;\"><strong>Este produto N\u00c3O \u00e9 a boneca pronta, mas o arquivo em PDF para produzi-la!<\/strong><\/p>\n<p>Receita para confec\u00e7\u00e3o do amigurumi fanart da <strong>Ellie Williams<\/strong>, personagem de &#8220;The Last of Us&#8221; e &#8220;The Last of Us &#8211; Part II&#8221;.<\/p>\n<ul>\n<li>Padr\u00f5es em portugu\u00eas;<\/li>\n<li>Amigurumi em m\u00e9dia com 10cm (mini) e 17cm (boneca);<\/li>\n<li>N\u00edvel de dificuldade intermedi\u00e1rio;<\/li>\n<li>Receitas com v\u00eddeos de apoio e fotos.<\/li>\n<\/ul>\n<p><a href=\"https:\/\/bosquegurumi.com\/index.php\/produto\/thelastofus-amigurumis\/\" target=\"_blank\" rel=\"noopener\"><strong>Confira toda a cole\u00e7\u00e3o de The Last of Us!<\/strong><\/a><\/p>\n<p>Este e os demais PDFs n\u00e3o s\u00e3o enviados por e-mail! Fa\u00e7a o download do(s) arquivo(s) acessando Minha Conta \u300b Downloads.<\/p>\n<p><strong>Este e os demais padr\u00f5es deste site s\u00e3o de uso pessoal e exclusivo, sendo proibido compartilh\u00e1-los, vend\u00ea-los, troc\u00e1-los e\/ou distribu\u00ed-los por quaisquer meios. Ao adquiri-los, voc\u00ea concorda com tais termos e condi\u00e7\u00f5es de uso.<\/strong><\/p>\n<p style=\"text-align: center;\">______________________________________________<\/p>\n<p style=\"text-align: center;\"><strong>This product isn&#8217;t an amigurumi doll, but a PDF pattern to make it!<\/strong><\/p>\n<p style=\"text-align: center;\"><b>Ellie <\/b>amigurumi pattern from &#8220;The Last of Us&#8221; \/ &#8220;The Last of Us &#8211; Part II&#8221;<br \/>\nYou must<strong> <a href=\"https:\/\/bosquegurumi.com\/index.php\/minha-conta\/\">log in<\/a><\/strong> to buy the PDF and download it.<\/p>\n<ul>\n<li>The patterns language is English;<\/li>\n<li>PDFs contain detailed instructions to make the amigurumis;<\/li>\n<li>List of materials and stitches used;<\/li>\n<li>Approximately 10cm (mini) and 17cm (amigurumi doll);<\/li>\n<li>Difficulty level: intermediate level.<\/li>\n<\/ul>\n<p><a href=\"https:\/\/bosquegurumi.com\/index.php\/produto\/thelastofusamigurumis\/\" target=\"_blank\" rel=\"noopener\"><strong>Check out the TLOU pattern bundle!<\/strong><\/a><\/p>\n<p>If you have doubts, you can <a href=\"https:\/\/bosquegurumi.com\/index.php\/contactus\/\">contact me<\/a>.<\/p>\n<p><strong>This pattern is for personal use only, which means it\u2019s forbidden to share or to sell the PDF.<\/strong><\/p>\n<p><strong>The file will be available for download after the payment. Access MY ACCOUNT (Minha Conta) &gt;&gt; DOWNLOADS to download it.<\/strong><\/p>\n<p>&nbsp;<\/p>\n<p>&nbsp;<\/p>\n","protected":false},"excerpt":{"rendered":"<p>Receita para confec\u00e7\u00e3o do amigurumi da <strong>Ellie<\/strong>, protagonista da obra &#8220;The Last of Us&#8221; e &#8220;The Last of Us &#8211; Part II&#8221;. O PDF\/amigurumi conta(m) com:<\/p>\n<ul>\n<li>Cerca de 10cm (mini) e 17cm (boneca);<\/li>\n<li>N\u00edvel de dificuldade intermedi\u00e1rio;<\/li>\n<li>Fotos e conte\u00fado detalhado;<\/li>\n<li>V\u00eddeos de apoio.<\/li>\n<\/ul>\n<p style=\"text-align: center;\">= = = = = = = = = = = =<\/p>\n<p><b>Ellie <\/b>inspired amigurumi pattern from TLOU and TLOU 2.<\/p>\n<ul>\n<li>Patterns in English;<\/li>\n<li>Amigurumi size: about 10cm (mini) and 17cm (amigurumi doll);<\/li>\n<li>Difficulty level: intermediate level (amigurumi doll).<\/li>\n<\/ul>\n<p><strong>International purchases: payment via PayPal<\/strong><\/p>\n<p><em><strong>You must <a href=\"https:\/\/bosquegurumi.com\/index.php\/minha-conta\/\">log in<\/a> to buy the PDF and download it<\/strong>.<\/em><\/p>\n<p>The files will be available for download after the payment. Access MY ACCOUNT (Minha Conta) &gt;&gt; DOWNLOADS to download them.<\/p>\n<p>&nbsp;<\/p>\n<div id=\"malwarebytes-root\"><em><span style=\"text-decoration: underline;\">Note<\/span>: The price is in Brazilian real (BRA). The currency is converted by PayPal to your local currency during the checkout.\u00a0<\/em><\/div>\n<div>.<\/div>\n","protected":false},"featured_media":8879,"template":"","meta":{"om_disable_all_campaigns":false,"_monsterinsights_skip_tracking":false,"_monsterinsights_sitenote_active":false,"_monsterinsights_sitenote_note":"","_monsterinsights_sitenote_category":0},"product_brand":[],"product_cat":[40,24],"product_tag":[94,80,93,92],"class_list":{"0":"post-8871","1":"product","2":"type-product","3":"status-publish","4":"has-post-thumbnail","6":"product_cat-patterns","7":"product_cat-receitas","8":"product_tag-games","9":"product_tag-serie-de-tv","10":"product_tag-the-last-of-us","11":"product_tag-tlou","13":"first","14":"instock","15":"taxable","16":"shipping-taxable","17":"purchasable","18":"product-type-variable","19":"has-default-attributes"},"aioseo_notices":[],"_links":{"self":[{"href":"https:\/\/bosquegurumi.com\/index.php\/wp-json\/wp\/v2\/product\/8871","targetHints":{"allow":["GET"]}}],"collection":[{"href":"https:\/\/bosquegurumi.com\/index.php\/wp-json\/wp\/v2\/product"}],"about":[{"href":"https:\/\/bosquegurumi.com\/index.php\/wp-json\/wp\/v2\/types\/product"}],"wp:featuredmedia":[{"embeddable":true,"href":"https:\/\/bosquegurumi.com\/index.php\/wp-json\/wp\/v2\/media\/8879"}],"wp:attachment":[{"href":"https:\/\/bosquegurumi.com\/index.php\/wp-json\/wp\/v2\/media?parent=8871"}],"wp:term":[{"taxonomy":"product_brand","embeddable":true,"href":"https:\/\/bosquegurumi.com\/index.php\/wp-json\/wp\/v2\/product_brand?post=8871"},{"taxonomy":"product_cat","embeddable":true,"href":"https:\/\/bosquegurumi.com\/index.php\/wp-json\/wp\/v2\/product_cat?post=8871"},{"taxonomy":"product_tag","embeddable":true,"href":"https:\/\/bosquegurumi.com\/index.php\/wp-json\/wp\/v2\/product_tag?post=8871"}],"curies":[{"name":"wp","href":"https:\/\/api.w.org\/{rel}","templated":true}]}}