{"id":8180,"date":"2023-11-25T08:28:22","date_gmt":"2023-11-25T11:28:22","guid":{"rendered":"https:\/\/bosquegurumi.com\/?post_type=product&#038;p=8180"},"modified":"2026-03-17T14:18:36","modified_gmt":"2026-03-17T17:18:36","slug":"eras-taylor-swift-amigurumi","status":"publish","type":"product","link":"https:\/\/bosquegurumi.com\/index.php\/produto\/eras-taylor-swift-amigurumi\/","title":{"rendered":"Taylor Swift Amigurumis: The Eras Tour (Portugu\u00eas) receitas de croch\u00ea"},"content":{"rendered":"<p style=\"text-align: center;\"><strong>Esses produtos n\u00e3o s\u00e3o bonecas, mas sim receitas em PDF para tec\u00ea-las!<\/strong><\/p>\n<p style=\"text-align: center;\"><strong>Taylor Swift &#8211; Combo The Eras Tour<\/strong><br \/>\nLover, Reputation, 1989 e Speak Now<\/p>\n<p style=\"text-align: center;\"><a href=\"https:\/\/bosquegurumi.com\/index.php\/produto-tag\/taylor\/\" target=\"_blank\" rel=\"noopener\"><span style=\"text-decoration: underline;\"><strong>Confira toda a cole\u00e7\u00e3o Taylor Swift<\/strong><\/span><\/a><\/p>\n<ul>\n<li>Receitas em portugu\u00eas;<\/li>\n<li>PDFs cont\u00eam instru\u00e7\u00f5es detalhadas para fazer os amigurumis;<\/li>\n<li>Fotos e v\u00eddeos para facilitar seu trabalho!<\/li>\n<li>Lista de materiais e pontos utilizados;<\/li>\n<li>Aproximadamente 18cm (agulha 2,25mm);<\/li>\n<li>N\u00edvel de dificuldade: intermedi\u00e1rio e\/ou avan\u00e7ado.<\/li>\n<\/ul>\n<p>Suporte dispon\u00edvel!<\/p>\n<p><strong>Ap\u00f3s a confirma\u00e7\u00e3o do pagamento, o arquivo digital ficar\u00e1 dispon\u00edvel para download na sua conta do\u00a0<\/strong><strong>site, na se\u00e7\u00e3o Minha Conta =&gt; Downloads.<\/strong><\/p>\n<p><strong>Padr\u00f5es de uso pessoal, individual e intransfer\u00edvel. Venda e\/ou compartilhamento s\u00e3o proibidos, seja\u00a0<\/strong><strong>por meios f\u00edsicos ou digitais, de acordo com a lei de direitos autorais N\u00ba 9.610\/98. Ao realizar a\u00a0<\/strong><strong>compra voc\u00ea concorda as referidas condi\u00e7\u00f5es de n\u00e3o compartilhamento.<\/strong><\/p>\n","protected":false},"excerpt":{"rendered":"<p style=\"text-align: center;\"><strong>Combo Taylor Swift &#8211; The Eras Tour<\/strong><br \/>\nLover, Reputation, 1898 &amp; Speak Now<\/p>\n<p>Os arquivos digitais somam mais de 90 p\u00e1ginas e dezenas de fotos, al\u00e9m de diversos v\u00eddeos de apoio, que facilitam a execu\u00e7\u00e3o do trabalho e detalham a confec\u00e7\u00e3o dos amigurumis.<\/p>\n<p>J\u00e1 os amigurumis apresentam n\u00edvel de dificuldade intermedi\u00e1rio e\/ou avan\u00e7ado e t\u00eam em m\u00e9dia 18cm (agulha 2,25mm), dependendo da agulha e dos fios usados.<\/p>\n<p><strong><a href=\"https:\/\/bosquegurumi.com\/index.php\/produto\/taylor-swift-amigurumi-eras\">Check out the patterns in English<\/a><\/strong><\/p>\n<p>&nbsp;<\/p>\n","protected":false},"featured_media":8175,"template":"","meta":{"om_disable_all_campaigns":false,"_monsterinsights_skip_tracking":false,"_monsterinsights_sitenote_active":false,"_monsterinsights_sitenote_note":"","_monsterinsights_sitenote_category":0},"product_brand":[],"product_cat":[24,37],"product_tag":[118,121,175,120,119],"class_list":{"0":"post-8180","1":"product","2":"type-product","3":"status-publish","4":"has-post-thumbnail","6":"product_cat-receitas","7":"product_cat-musicais-receitas","8":"product_tag-musica","9":"product_tag-singers","10":"product_tag-taylor","11":"product_tag-taylor-swift","12":"product_tag-the-eras-tour","14":"first","15":"instock","16":"sale","17":"taxable","18":"shipping-taxable","19":"purchasable","20":"product-type-variable","21":"has-default-attributes"},"aioseo_notices":[],"_links":{"self":[{"href":"https:\/\/bosquegurumi.com\/index.php\/wp-json\/wp\/v2\/product\/8180","targetHints":{"allow":["GET"]}}],"collection":[{"href":"https:\/\/bosquegurumi.com\/index.php\/wp-json\/wp\/v2\/product"}],"about":[{"href":"https:\/\/bosquegurumi.com\/index.php\/wp-json\/wp\/v2\/types\/product"}],"wp:featuredmedia":[{"embeddable":true,"href":"https:\/\/bosquegurumi.com\/index.php\/wp-json\/wp\/v2\/media\/8175"}],"wp:attachment":[{"href":"https:\/\/bosquegurumi.com\/index.php\/wp-json\/wp\/v2\/media?parent=8180"}],"wp:term":[{"taxonomy":"product_brand","embeddable":true,"href":"https:\/\/bosquegurumi.com\/index.php\/wp-json\/wp\/v2\/product_brand?post=8180"},{"taxonomy":"product_cat","embeddable":true,"href":"https:\/\/bosquegurumi.com\/index.php\/wp-json\/wp\/v2\/product_cat?post=8180"},{"taxonomy":"product_tag","embeddable":true,"href":"https:\/\/bosquegurumi.com\/index.php\/wp-json\/wp\/v2\/product_tag?post=8180"}],"curies":[{"name":"wp","href":"https:\/\/api.w.org\/{rel}","templated":true}]}}