{"id":8104,"date":"2023-11-05T13:28:51","date_gmt":"2023-11-05T16:28:51","guid":{"rendered":"https:\/\/bosquegurumi.com\/?post_type=product&#038;p=8104"},"modified":"2026-04-01T12:35:32","modified_gmt":"2026-04-01T15:35:32","slug":"estojo-de-croche-one-piece","status":"publish","type":"product","link":"https:\/\/bosquegurumi.com\/index.php\/produto\/estojo-de-croche-one-piece\/","title":{"rendered":"One Piece: Estojo de croch\u00ea e Ponteiras (Portugu\u00eas) Receitas de amigurumi"},"content":{"rendered":"<p style=\"text-align: center;\"><strong>Este produto \u00e9 um arquivo em PDF, ou seja, <\/strong><strong>um arquivo digital para confec\u00e7\u00e3o das pe\u00e7as e n\u00e3o as pe\u00e7as prontas!<\/strong><\/p>\n<p>O PDF traz receitas para a confec\u00e7\u00e3o das seguintes pe\u00e7as fanarts de <a href=\"https:\/\/bosquegurumi.com\/index.php\/produto\/one-piece-receita-amigurumis\/\" target=\"_blank\" rel=\"noopener\"><span style=\"text-decoration: underline;\"><strong>One Piece<\/strong><\/span><\/a>: estojo de croch\u00ea, chaveiro One Piece e tr\u00eas ponteiras do(a) <strong>Luffy, Nami e Zoro<\/strong>.<\/p>\n<p>O arquivo apresenta cerca de <strong>40 p\u00e1ginas e dezenas de fotos<\/strong>\u00a0que facilitam a execu\u00e7\u00e3o do trabalho. Al\u00e9m disso, os padr\u00f5es:<\/p>\n<ul>\n<li>Apresentam n\u00edvel de dificuldade f\u00e1cil-intermedi\u00e1rio;<\/li>\n<li>Trazem tutoriais em fotos e v\u00eddeos;<\/li>\n<li>Incluem informa\u00e7\u00f5es t\u00e9cnicas (materiais, abrevia\u00e7\u00f5es, etc);<\/li>\n<li>E passo a passo detalhado para confec\u00e7\u00e3o dos amigurumis!<\/li>\n<\/ul>\n<p>Suporte dispon\u00edvel!<\/p>\n<p><strong>Ap\u00f3s a confirma\u00e7\u00e3o do pagamento, o arquivo digital ficar\u00e1 dispon\u00edvel para download na sua conta do\u00a0<\/strong><strong>site, na se\u00e7\u00e3o Minha Conta =&gt; Downloads.<\/strong><\/p>\n<p><strong>Padr\u00f5es de uso pessoal, individual e intransfer\u00edvel. Venda e\/ou compartilhamento s\u00e3o proibidos, seja\u00a0<\/strong><strong>por meios f\u00edsicos ou digitais, de acordo com a lei de direitos autorais N\u00ba 9.610\/98. Ao realizar a\u00a0<\/strong><strong>compra voc\u00ea concorda as referidas condi\u00e7\u00f5es de n\u00e3o compartilhamento.<\/strong><\/p>\n","protected":false},"excerpt":{"rendered":"<p style=\"text-align: center;\"><strong><a href=\"https:\/\/bosquegurumi.com\/index.php\/produto\/one-piece-receita-amigurumis\/\" target=\"_blank\" rel=\"noopener\">One Piece receitas de croch\u00ea\/amigurumi<\/a><br \/>\nEstojo &amp; Ponteiras &amp; Chaveiro<\/strong><\/p>\n<p>O PDF inclui os seguintes padr\u00f5es:<\/p>\n<ul>\n<li>Estojo de croch\u00ea One Piece;<\/li>\n<li>Chaveiro de croch\u00ea Luffy;<\/li>\n<li>Tr\u00eas ponteiras: Luffy, Zoro e Nami.<\/li>\n<\/ul>\n<p>Os padr\u00f5es est\u00e3o em portugu\u00eas e apresentam n\u00edvel de dificuldade f\u00e1cil\/intermedi\u00e1rio.<\/p>\n<p style=\"text-align: center;\"><strong><a href=\"https:\/\/bosquegurumi.com\/index.php\/produto\/one-piece-crochet-pattern\/\" target=\"_blank\" rel=\"noopener\">Check out the patterns in English<\/a><\/strong><\/p>\n<p>&nbsp;<\/p>\n<p><em><strong>O(s) arquivo(s) n\u00e3o \u00e9(s\u00e3o) enviado(s) por e-mail! Fa\u00e7a o download ap\u00f3s o pagamento acessando MINHA CONTA &gt;&gt; DOWNLOADS.<\/strong><\/em><\/p>\n<p>&nbsp;<\/p>\n","protected":false},"featured_media":8101,"template":"","meta":{"om_disable_all_campaigns":false,"_monsterinsights_skip_tracking":false,"_monsterinsights_sitenote_active":false,"_monsterinsights_sitenote_note":"","_monsterinsights_sitenote_category":0},"product_brand":[],"product_cat":[116,117,24,53],"product_tag":[58,115,59,111,60,114],"class_list":{"0":"post-8104","1":"product","2":"type-product","3":"status-publish","4":"has-post-thumbnail","6":"product_cat-estojos-pencil-cases","7":"product_cat-ponteiras-pencil-toppers","8":"product_cat-receitas","9":"product_cat-otaku","10":"product_tag-anime","11":"product_tag-estojos","12":"product_tag-manga","13":"product_tag-one-piece","14":"product_tag-otaku","15":"product_tag-ponteiras","17":"first","18":"instock","19":"taxable","20":"shipping-taxable","21":"purchasable","22":"product-type-variable","23":"has-default-attributes"},"aioseo_notices":[],"_links":{"self":[{"href":"https:\/\/bosquegurumi.com\/index.php\/wp-json\/wp\/v2\/product\/8104","targetHints":{"allow":["GET"]}}],"collection":[{"href":"https:\/\/bosquegurumi.com\/index.php\/wp-json\/wp\/v2\/product"}],"about":[{"href":"https:\/\/bosquegurumi.com\/index.php\/wp-json\/wp\/v2\/types\/product"}],"wp:featuredmedia":[{"embeddable":true,"href":"https:\/\/bosquegurumi.com\/index.php\/wp-json\/wp\/v2\/media\/8101"}],"wp:attachment":[{"href":"https:\/\/bosquegurumi.com\/index.php\/wp-json\/wp\/v2\/media?parent=8104"}],"wp:term":[{"taxonomy":"product_brand","embeddable":true,"href":"https:\/\/bosquegurumi.com\/index.php\/wp-json\/wp\/v2\/product_brand?post=8104"},{"taxonomy":"product_cat","embeddable":true,"href":"https:\/\/bosquegurumi.com\/index.php\/wp-json\/wp\/v2\/product_cat?post=8104"},{"taxonomy":"product_tag","embeddable":true,"href":"https:\/\/bosquegurumi.com\/index.php\/wp-json\/wp\/v2\/product_tag?post=8104"}],"curies":[{"name":"wp","href":"https:\/\/api.w.org\/{rel}","templated":true}]}}