{"id":7944,"date":"2023-11-06T15:09:19","date_gmt":"2023-11-06T18:09:19","guid":{"rendered":"https:\/\/bosquegurumi.com\/?post_type=product&#038;p=7944"},"modified":"2026-04-13T13:10:50","modified_gmt":"2026-04-13T16:10:50","slug":"one-piece-receita-amigurumis","status":"publish","type":"product","link":"https:\/\/bosquegurumi.com\/index.php\/produto\/one-piece-receita-amigurumis\/","title":{"rendered":"One Piece amigurumis (Portugu\u00eas) Receitas de croch\u00ea"},"content":{"rendered":"<p style=\"text-align: center;\"><strong>Estas s\u00e3o receitas FANART.<\/strong><br \/>\n<strong>Arquivos digitais para confec\u00e7\u00e3o das pe\u00e7as e n\u00e3o os amigurumis prontos!<\/strong><\/p>\n<p>Os PDFs trazem receitas para a confec\u00e7\u00e3o de amigurumis fanarts inspirados no anime\/mang\u00e1 <a href=\"https:\/\/bosquegurumi.com\/index.php\/produto-tag\/one-piece\/\" target=\"_blank\" rel=\"noopener\">One Piece<\/a>, sendo os personagens retratados no Volume 1: <strong>Luffy, Nami e Zoro<\/strong>.<\/p>\n<p>Os arquivos somam\u00a0<strong>mais de 60 p\u00e1ginas e dezenas de fotos<\/strong>\u00a0que facilitam a execu\u00e7\u00e3o do trabalho. Al\u00e9m disso, os padr\u00f5es:<\/p>\n<ul>\n<li>Apresentam n\u00edvel de dificuldade f\u00e1cil-intermedi\u00e1rio<\/li>\n<li>T\u00eam em m\u00e9dia de 10cm, dependendo dos fios e da agulha<\/li>\n<li>Trazem informa\u00e7\u00f5es t\u00e9cnicas (materiais, abrevia\u00e7\u00f5es, etc)<\/li>\n<li>E passo a passo detalhado para confec\u00e7\u00e3o dos amigurumis!<\/li>\n<\/ul>\n<p>Suporte dispon\u00edvel!<\/p>\n<p><strong>Ap\u00f3s a confirma\u00e7\u00e3o do pagamento, o arquivo digital ficar\u00e1 dispon\u00edvel para download na sua conta do <\/strong><strong>site, na se\u00e7\u00e3o Minha Conta =&gt; Downloads.<\/strong><\/p>\n<p><strong>Padr\u00f5es de uso pessoal, individual e intransfer\u00edvel. Venda e\/ou compartilhamento s\u00e3o proibidos, seja\u00a0<\/strong><strong>por meios f\u00edsicos ou digitais, de acordo com a lei de direitos autorais N\u00ba 9.610\/98. Ao realizar a\u00a0<\/strong><strong>compra voc\u00ea concorda as referidas condi\u00e7\u00f5es de n\u00e3o compartilhamento.<\/strong><\/p>\n<p style=\"text-align: center;\">\n","protected":false},"excerpt":{"rendered":"<p style=\"text-align: center;\"><strong>One Piece amigurumis<\/strong><\/p>\n<p style=\"text-align: center;\"><strong>Minigurumis- Volume 1<\/strong><br \/>\nPadr\u00f5es digitais para confec\u00e7\u00e3o de amigurumis fanarts dos personagens<strong> Luffy, Nami e Zoro<\/strong> do anime\/mang\u00e1 One Piece.<\/p>\n<p style=\"text-align: center;\"><a href=\"https:\/\/bosquegurumi.com\/index.php\/produto\/estojo-de-croche-one-piece\/\" target=\"_blank\" rel=\"noopener\"><span style=\"text-decoration: underline;\"><strong>Chaveiro, ponteiras e estojo One Piece\u00a0<\/strong><\/span><\/a><\/p>\n<p>Os arquivos digitais somam mais de 60 p\u00e1ginas e dezenas de fotos que facilitam a execu\u00e7\u00e3o do trabalho e com passo a passo detalhado para confec\u00e7\u00e3o dos amigurumis.<\/p>\n<p>J\u00e1 os amigurumis apresentam n\u00edvel de dificuldade f\u00e1cil-intermedi\u00e1rio e t\u00eam em m\u00e9dia 10cm, dependendo da agulha e dos fios usados.<\/p>\n<p style=\"text-align: center;\"><strong><a href=\"https:\/\/bosquegurumi.com\/index.php\/produto\/one-piece-amigurumis-eng\" target=\"_blank\" rel=\"noopener\">Check out the English patterns<\/a><\/strong><\/p>\n<p>&nbsp;<\/p>\n<p>&nbsp;<\/p>\n","protected":false},"featured_media":7932,"template":"","meta":{"om_disable_all_campaigns":false,"_monsterinsights_skip_tracking":false,"_monsterinsights_sitenote_active":false,"_monsterinsights_sitenote_note":"","_monsterinsights_sitenote_category":0},"product_brand":[],"product_cat":[79,24,53],"product_tag":[58,59,72,111,60,173],"class_list":{"0":"post-7944","1":"product","2":"type-product","3":"status-publish","4":"has-post-thumbnail","6":"product_cat-minigurumi","7":"product_cat-receitas","8":"product_cat-otaku","9":"product_tag-anime","10":"product_tag-manga","11":"product_tag-minigurumi","12":"product_tag-one-piece","13":"product_tag-otaku","14":"product_tag-promo2026","16":"first","17":"instock","18":"sale","19":"taxable","20":"shipping-taxable","21":"purchasable","22":"product-type-variable","23":"has-default-attributes"},"aioseo_notices":[],"_links":{"self":[{"href":"https:\/\/bosquegurumi.com\/index.php\/wp-json\/wp\/v2\/product\/7944","targetHints":{"allow":["GET"]}}],"collection":[{"href":"https:\/\/bosquegurumi.com\/index.php\/wp-json\/wp\/v2\/product"}],"about":[{"href":"https:\/\/bosquegurumi.com\/index.php\/wp-json\/wp\/v2\/types\/product"}],"wp:featuredmedia":[{"embeddable":true,"href":"https:\/\/bosquegurumi.com\/index.php\/wp-json\/wp\/v2\/media\/7932"}],"wp:attachment":[{"href":"https:\/\/bosquegurumi.com\/index.php\/wp-json\/wp\/v2\/media?parent=7944"}],"wp:term":[{"taxonomy":"product_brand","embeddable":true,"href":"https:\/\/bosquegurumi.com\/index.php\/wp-json\/wp\/v2\/product_brand?post=7944"},{"taxonomy":"product_cat","embeddable":true,"href":"https:\/\/bosquegurumi.com\/index.php\/wp-json\/wp\/v2\/product_cat?post=7944"},{"taxonomy":"product_tag","embeddable":true,"href":"https:\/\/bosquegurumi.com\/index.php\/wp-json\/wp\/v2\/product_tag?post=7944"}],"curies":[{"name":"wp","href":"https:\/\/api.w.org\/{rel}","templated":true}]}}