{"id":7828,"date":"2023-10-23T01:31:17","date_gmt":"2023-10-23T04:31:17","guid":{"rendered":"https:\/\/bosquegurumi.com\/?post_type=product&#038;p=7828"},"modified":"2024-02-20T18:44:13","modified_gmt":"2024-02-20T21:44:13","slug":"frankenstein-amigurumi","status":"publish","type":"product","link":"https:\/\/bosquegurumi.com\/index.php\/produto\/frankenstein-amigurumi\/","title":{"rendered":"Frankenstein [PT\/ENG] amigurumi pattern \u2022 receita de amigurumi"},"content":{"rendered":"<p style=\"text-align: center;\"><strong>Este produto N\u00c3O \u00e9 o boneco, mas o arquivo em PDF para produzi-lo!<\/strong><\/p>\n<p>Receita para confec\u00e7\u00e3o de amigurumi do <strong>Frankenstein<\/strong>, parte da cole\u00e7\u00e3o <a href=\"https:\/\/bosquegurumi.com\/index.php\/produto-tag\/halloween\/\">Monstrinhos do Halloween<\/a>.<\/p>\n<ul>\n<li>Padr\u00e3o em portugu\u00eas;<\/li>\n<li>Em m\u00e9dia 13cm (agulha 2,25mm);<\/li>\n<li>N\u00edvel de dificuldade: intermedi\u00e1rio;<\/li>\n<li>Receitas com v\u00eddeos de apoio e fotos.<\/li>\n<\/ul>\n<p>Este e os demais PDFs n\u00e3o s\u00e3o enviados por e-mail! Fa\u00e7a o download dos arquivos acessando Minha Conta \u300b Downloads.<\/p>\n<p><strong>Este e os demais padr\u00f5es deste site s\u00e3o de uso pessoal e exclusivo, sendo proibido compartilh\u00e1-los, vend\u00ea-los, troc\u00e1-los e\/ou distribu\u00ed-los por quaisquer meios. Ao adquiri-los, voc\u00ea concorda com tais termos e condi\u00e7\u00f5es de uso.<\/strong><\/p>\n<p style=\"text-align: center;\">______________________________________________<\/p>\n<p style=\"text-align: center;\"><strong>This product isn&#8217;t an amigurumi doll, but a PDF pattern to crochet it!<\/strong><\/p>\n<p style=\"text-align: center;\"><b>Frankestein<\/b> amigurumi pattern is the perfect choice for the Halloween spooky season&#8230; or for any time!<br \/>\nYou must <a href=\"https:\/\/bosquegurumi.com\/index.php\/minha-conta\/\">log in<\/a> to buy the PDF and download it.<\/p>\n<ul>\n<li>The pattern language is English;<\/li>\n<li>PDF contains detailed instructions to make the amigurumi;<\/li>\n<li>List of materials and stitches used;<\/li>\n<li>Approximately 13cm (2.25mm crochet hook);<\/li>\n<li>Patterns level: intermediate level.<\/li>\n<\/ul>\n<p><a href=\"https:\/\/bosquegurumi.com\/index.php\/produto-tag\/halloween\/\" target=\"_blank\" rel=\"noopener\">Click here for more Halloween amigurumi patterns<\/a>! Also, if you have doubts, you can <a href=\"https:\/\/bosquegurumi.com\/index.php\/contactus\/\">contact me<\/a>.<\/p>\n<p><strong>This pattern is for personal use only, which means it\u2019s forbidden to share or to sell the PDF.<\/strong><\/p>\n<p><strong>The file will be available for downloading after the payment. Access MY ACCOUNT (Minha Conta) &gt;&gt; DOWNLOADS to download it.<\/strong><\/p>\n<p>&nbsp;<\/p>\n<p>&nbsp;<\/p>\n","protected":false},"excerpt":{"rendered":"<p>Receita para confec\u00e7\u00e3o do amigurumi do <strong>Frankenstein<\/strong>. O PDF e\/ou o amigurumi contam com:<\/p>\n<ul>\n<li>Cerca de 13cm (agulha 2,25mm);<\/li>\n<li>N\u00edvel de dificuldade intermedi\u00e1rio;<\/li>\n<li>Fotos e conte\u00fado detalhado;<\/li>\n<li>V\u00eddeos de apoio.<\/li>\n<\/ul>\n<p style=\"text-align: center;\">= = = = = = = = = = = =<\/p>\n<p><strong>Frankenstein<\/strong> amigurumi pattern, the perfect amigurumi for the spooky season!<\/p>\n<ul>\n<li>Patterns in English;<\/li>\n<li>Size: about 13cm (2.25mm crochet hook);<\/li>\n<li>Difficulty level: intermediate level.<\/li>\n<\/ul>\n<p><strong>International purchases: payment via PayPal<\/strong><\/p>\n<p><em><strong>You must <a href=\"https:\/\/bosquegurumi.com\/index.php\/minha-conta\/\">log in<\/a> to buy the PDF and download it<\/strong>. Access MY ACCOUNT (Minha Conta) &gt;&gt; DOWNLOADS to download it.<\/em><\/p>\n<div id=\"malwarebytes-root\">.<\/div>\n","protected":false},"featured_media":7849,"template":"","meta":{"om_disable_all_campaigns":false,"_monsterinsights_skip_tracking":false,"_monsterinsights_sitenote_active":false,"_monsterinsights_sitenote_note":"","_monsterinsights_sitenote_category":0},"product_brand":[],"product_cat":[40,24],"product_tag":[108,107,110],"class_list":{"0":"post-7828","1":"product","2":"type-product","3":"status-publish","4":"has-post-thumbnail","6":"product_cat-patterns","7":"product_cat-receitas","8":"product_tag-dia-das-bruxas","9":"product_tag-halloween","10":"product_tag-monstrinhos","12":"first","13":"instock","14":"taxable","15":"shipping-taxable","16":"purchasable","17":"product-type-variable","18":"has-default-attributes"},"aioseo_notices":[],"_links":{"self":[{"href":"https:\/\/bosquegurumi.com\/index.php\/wp-json\/wp\/v2\/product\/7828","targetHints":{"allow":["GET"]}}],"collection":[{"href":"https:\/\/bosquegurumi.com\/index.php\/wp-json\/wp\/v2\/product"}],"about":[{"href":"https:\/\/bosquegurumi.com\/index.php\/wp-json\/wp\/v2\/types\/product"}],"wp:featuredmedia":[{"embeddable":true,"href":"https:\/\/bosquegurumi.com\/index.php\/wp-json\/wp\/v2\/media\/7849"}],"wp:attachment":[{"href":"https:\/\/bosquegurumi.com\/index.php\/wp-json\/wp\/v2\/media?parent=7828"}],"wp:term":[{"taxonomy":"product_brand","embeddable":true,"href":"https:\/\/bosquegurumi.com\/index.php\/wp-json\/wp\/v2\/product_brand?post=7828"},{"taxonomy":"product_cat","embeddable":true,"href":"https:\/\/bosquegurumi.com\/index.php\/wp-json\/wp\/v2\/product_cat?post=7828"},{"taxonomy":"product_tag","embeddable":true,"href":"https:\/\/bosquegurumi.com\/index.php\/wp-json\/wp\/v2\/product_tag?post=7828"}],"curies":[{"name":"wp","href":"https:\/\/api.w.org\/{rel}","templated":true}]}}