{"id":7807,"date":"2023-10-20T20:24:00","date_gmt":"2023-10-20T23:24:00","guid":{"rendered":"https:\/\/bosquegurumi.com\/?post_type=product&#038;p=7807"},"modified":"2023-12-01T00:01:15","modified_gmt":"2023-12-01T03:01:15","slug":"halloween-cupcakes-amigurumis","status":"publish","type":"product","link":"https:\/\/bosquegurumi.com\/index.php\/produto\/halloween-cupcakes-amigurumis\/","title":{"rendered":"Halloween cupcakes [PT\/ENG] amigurumi patterns \u2022 receitas de amigurumi"},"content":{"rendered":"<p style=\"text-align: center;\"><strong>Estes produtos n\u00e3o s\u00e3o as pe\u00e7as prontas, mas o arquivo em PDF para produzi-las!<\/strong><\/p>\n<p>Receita para confec\u00e7\u00e3o de amigurumis de <strong>cupcakes de Halloween<\/strong>. A cole\u00e7\u00e3o conta com quatro amigurumis, sendo eles os cupcakes do <strong>Frankestein, ab\u00f3bora de Halloween, gato e aranha, al\u00e9m de uma receita extra<\/strong>.<\/p>\n<ul>\n<li>Padr\u00f5es em portugu\u00eas;<\/li>\n<li>Em m\u00e9dia 7cm (agulha 2,25mm);<\/li>\n<li>N\u00edvel de dificuldade: f\u00e1cil;<\/li>\n<li>Receitas com v\u00eddeos de apoio e fotos.<\/li>\n<\/ul>\n<p>Os PDFs n\u00e3o s\u00e3o enviados por e-mail! Fa\u00e7a o download dos arquivos acessando Minha Conta \u300b Downloads.<\/p>\n<p><strong>Estes padr\u00f5es s\u00e3o de uso pessoal e exclusivo, sendo proibido compartilh\u00e1-los, vend\u00ea-los, troc\u00e1-los e\/ou distribu\u00ed-los por quaisquer meios. Ao adquiri-los, voc\u00ea concorda com tais termos e condi\u00e7\u00f5es de uso.<\/strong><\/p>\n<p style=\"text-align: center;\">______________________________________________<\/p>\n<p style=\"text-align: center;\"><strong>These products aren&#8217;t amigurumis, it&#8217;s a PDF pattern to make them!<\/strong><\/p>\n<p style=\"text-align: center;\"><b>Halloween cupcakes<\/b> amigurumi patterns! The PDF file includes the following patterns: <strong>Frankestein, Halloween Pumpkin, Catcake, Spider, and a bonus<\/strong>.<br \/>\nYou must <a href=\"https:\/\/bosquegurumi.com\/index.php\/minha-conta\/\">log in<\/a> to buy the PDFs and download them.<\/p>\n<ul>\n<li>The patterns language is English;<\/li>\n<li>PDFs contains detailed instructions to make the amigurumis;<\/li>\n<li>List of materials and stitches used;<\/li>\n<li>Approximately 7cm (2.25mm crochet hook);<\/li>\n<li>Patterns level: beginner-intermediate level.<\/li>\n<\/ul>\n<p><a href=\"https:\/\/bosquegurumi.com\/index.php\/produto-tag\/halloween\/\" target=\"_blank\" rel=\"noopener\">Click here for more Halloween amigurumi patterns<\/a>! Also, if you have doubts, you can <a href=\"https:\/\/bosquegurumi.com\/index.php\/contactus\/\">contact me<\/a>.<\/p>\n<p><strong>The patterns are for personal use only, which means it\u2019s forbidden to share or to sell the PDFs.<\/strong><\/p>\n<p><strong>The files will be available for downloading after the payment. Access MY ACCOUNT (Minha Conta) &gt;&gt; DOWNLOADS to download them.<\/strong><\/p>\n<p>&nbsp;<\/p>\n<p>&nbsp;<\/p>\n","protected":false},"excerpt":{"rendered":"<p>Receita para confec\u00e7\u00e3o de amigurumis de <strong>cupcakes de Halloween<\/strong>. O PDF conta com receitas de quatro cupcakes, al\u00e9m de um padr\u00e3o b\u00f4nus.<\/p>\n<ul>\n<li>Cerca de 7cm (agulha 2,25mm);<\/li>\n<li>Fotos e conte\u00fado detalhado;<\/li>\n<li>N\u00edvel de dificuldade b\u00e1sico.<\/li>\n<\/ul>\n<p style=\"text-align: center;\">= = = = = = = =\u00a0 = = = =<\/p>\n<p><strong>Halloween cupcakes<\/strong> crochet patterns. The PDF includes four cupcake patterns + bonus pattern!<\/p>\n<ul>\n<li>Patterns in English;<\/li>\n<li>Size: about 7cm (2.25mm crochet hook);<\/li>\n<li>Difficulty level: beginner-intermediate level.<\/li>\n<\/ul>\n<p><strong>International purchases: payment via PayPal<\/strong><\/p>\n<p><em><strong>You must <a href=\"https:\/\/bosquegurumi.com\/index.php\/minha-conta\/\">log in<\/a> to buy the PDF and download it<\/strong>. Access MY ACCOUNT (Minha Conta) &gt;&gt; DOWNLOADS to download it.<\/em><\/p>\n<div id=\"malwarebytes-root\">.<\/div>\n","protected":false},"featured_media":7815,"template":"","meta":{"om_disable_all_campaigns":false,"_monsterinsights_skip_tracking":false,"_monsterinsights_sitenote_active":false,"_monsterinsights_sitenote_note":"","_monsterinsights_sitenote_category":0},"product_brand":[],"product_cat":[40,24],"product_tag":[109,108,107],"class_list":{"0":"post-7807","1":"product","2":"type-product","3":"status-publish","4":"has-post-thumbnail","6":"product_cat-patterns","7":"product_cat-receitas","8":"product_tag-cupcakes","9":"product_tag-dia-das-bruxas","10":"product_tag-halloween","12":"first","13":"instock","14":"taxable","15":"shipping-taxable","16":"purchasable","17":"product-type-variable"},"aioseo_notices":[],"_links":{"self":[{"href":"https:\/\/bosquegurumi.com\/index.php\/wp-json\/wp\/v2\/product\/7807","targetHints":{"allow":["GET"]}}],"collection":[{"href":"https:\/\/bosquegurumi.com\/index.php\/wp-json\/wp\/v2\/product"}],"about":[{"href":"https:\/\/bosquegurumi.com\/index.php\/wp-json\/wp\/v2\/types\/product"}],"wp:featuredmedia":[{"embeddable":true,"href":"https:\/\/bosquegurumi.com\/index.php\/wp-json\/wp\/v2\/media\/7815"}],"wp:attachment":[{"href":"https:\/\/bosquegurumi.com\/index.php\/wp-json\/wp\/v2\/media?parent=7807"}],"wp:term":[{"taxonomy":"product_brand","embeddable":true,"href":"https:\/\/bosquegurumi.com\/index.php\/wp-json\/wp\/v2\/product_brand?post=7807"},{"taxonomy":"product_cat","embeddable":true,"href":"https:\/\/bosquegurumi.com\/index.php\/wp-json\/wp\/v2\/product_cat?post=7807"},{"taxonomy":"product_tag","embeddable":true,"href":"https:\/\/bosquegurumi.com\/index.php\/wp-json\/wp\/v2\/product_tag?post=7807"}],"curies":[{"name":"wp","href":"https:\/\/api.w.org\/{rel}","templated":true}]}}