{"id":7544,"date":"2023-08-18T12:36:22","date_gmt":"2023-08-18T15:36:22","guid":{"rendered":"https:\/\/bosquegurumi.com\/?post_type=product&#038;p=7544"},"modified":"2023-08-18T14:44:59","modified_gmt":"2023-08-18T17:44:59","slug":"gojo-satoru-amigurumi","status":"publish","type":"product","link":"https:\/\/bosquegurumi.com\/index.php\/produto\/gojo-satoru-amigurumi\/","title":{"rendered":"Gojo Satoru (Jujutsu Kaisen) receita de amigurumi"},"content":{"rendered":"<p style=\"text-align: center;\"><strong>Estas s\u00e3o receitas FANART.<\/strong><br \/>\n<strong>Arquivos digitais para confec\u00e7\u00e3o das pe\u00e7as e n\u00e3o os amigurumis prontos!<\/strong><\/p>\n<p>Os arquivos trazem receitas para a confec\u00e7\u00e3o de amigurumis fanarts inspirados no anime\/mang\u00e1 Jujutsu Kaisen, sendo o personagem retratado <strong>Gojo Satoru<\/strong>. S\u00e3o tr\u00eas vers\u00f5es do personagem:<strong> cl\u00e1ssico pequeno, cl\u00e1ssico grande e Lost in Paradise<\/strong>, que tem aprox. 18cm (menores) e 23cm (maior).<\/p>\n<p>Al\u00e9m disso, os padr\u00f5es:<\/p>\n<ul>\n<li>Apresentam n\u00edvel de dificuldade intermedi\u00e1rio<\/li>\n<li>S\u00e3o acompanhados por v\u00eddeos de apoio<\/li>\n<li>T\u00eam em m\u00e9dia 18cm (menor) e 23cm (maior), dependendo dos fios e da agulha<\/li>\n<li>Trazem informa\u00e7\u00f5es t\u00e9cnicas (materiais, abrevia\u00e7\u00f5es, etc)<\/li>\n<li>E passo a passo detalhado para confec\u00e7\u00e3o dos amigurumis!<\/li>\n<\/ul>\n<p>Suporte dispon\u00edvel!<\/p>\n<p><strong>O arquivo digital ficar\u00e1 dispon\u00edvel para download na sua conta do <\/strong><strong>site na se\u00e7\u00e3o Minha Conta =&gt; Downloads ap\u00f3s a confirma\u00e7\u00e3o do pagamento.<\/strong><\/p>\n<p><strong>Padr\u00f5es de uso pessoal, individual e intransfer\u00edvel. Venda e\/ou compartilhamento s\u00e3o proibidos, seja <\/strong><strong>por meios f\u00edsicos ou digitais, de acordo com a lei de direitos autorais N\u00ba 9.610\/98. Ao realizar a <\/strong><strong>compra voc\u00ea concorda as referidas condi\u00e7\u00f5es de n\u00e3o compartilhamento.<\/strong><\/p>\n<p>&nbsp;<\/p>\n","protected":false},"excerpt":{"rendered":"<p>Os arquivos trazem receitas para a confec\u00e7\u00e3o de amigurumis fanarts inspirados no anime\/mang\u00e1 Jujutsu Kaisen, sendo o personagem retratado <strong>Gojo Satoru<\/strong>\u00a0em suas vers\u00f5es <strong>cl\u00e1ssica<\/strong>\u00a0e <strong>Lost in Paradise<\/strong>.<\/p>\n<p><a href=\"https:\/\/bosquegurumi.com\/index.php\/produto-tag\/jujutsu-kaisen\/\" target=\"_blank\" rel=\"noopener\"><span style=\"text-decoration: underline;\">Outros personagens da obra tamb\u00e9m est\u00e3o dispon\u00edveis<\/span><\/a>.<\/p>\n<p>S\u00e3o tr\u00eas padr\u00f5es, que incluem op\u00e7\u00f5es dos amigurumis em dois tamanhos de corpo: menor (aprox. 18cm) e maior (aprox. 23cm).<\/p>\n<p>Al\u00e9m disso, as receitas:<\/p>\n<ul>\n<li>Tem em m\u00e9dica 25 p\u00e1ginas e 80 fotos;<\/li>\n<li>Apresenta n\u00edvel de dificuldade intermedi\u00e1rio ou avan\u00e7ado;<\/li>\n<li>Cont\u00eam v\u00eddeos de apoio;<\/li>\n<li>Traz amigurumis com m\u00e9dia de 18cm (menor) e 23cm (maior), dependendo dos fios e da agulha;<\/li>\n<li>Inclui informa\u00e7\u00f5es t\u00e9cnicas (materiais, abrevia\u00e7\u00f5es, etc);<\/li>\n<li>E passo a passo detalhado para confec\u00e7\u00e3o dos amigurumis!<\/li>\n<\/ul>\n<p>&nbsp;<\/p>\n","protected":false},"featured_media":7541,"template":"","meta":{"om_disable_all_campaigns":false,"_monsterinsights_skip_tracking":false,"_monsterinsights_sitenote_active":false,"_monsterinsights_sitenote_note":"","_monsterinsights_sitenote_category":0},"product_brand":[],"product_cat":[24,53],"product_tag":[58,106,67,59,60],"class_list":{"0":"post-7544","1":"product","2":"type-product","3":"status-publish","4":"has-post-thumbnail","6":"product_cat-receitas","7":"product_cat-otaku","8":"product_tag-anime","9":"product_tag-gojo","10":"product_tag-jujutsu-kaisen","11":"product_tag-manga","12":"product_tag-otaku","14":"first","15":"instock","16":"taxable","17":"shipping-taxable","18":"purchasable","19":"product-type-variable","20":"has-default-attributes"},"aioseo_notices":[],"_links":{"self":[{"href":"https:\/\/bosquegurumi.com\/index.php\/wp-json\/wp\/v2\/product\/7544","targetHints":{"allow":["GET"]}}],"collection":[{"href":"https:\/\/bosquegurumi.com\/index.php\/wp-json\/wp\/v2\/product"}],"about":[{"href":"https:\/\/bosquegurumi.com\/index.php\/wp-json\/wp\/v2\/types\/product"}],"wp:featuredmedia":[{"embeddable":true,"href":"https:\/\/bosquegurumi.com\/index.php\/wp-json\/wp\/v2\/media\/7541"}],"wp:attachment":[{"href":"https:\/\/bosquegurumi.com\/index.php\/wp-json\/wp\/v2\/media?parent=7544"}],"wp:term":[{"taxonomy":"product_brand","embeddable":true,"href":"https:\/\/bosquegurumi.com\/index.php\/wp-json\/wp\/v2\/product_brand?post=7544"},{"taxonomy":"product_cat","embeddable":true,"href":"https:\/\/bosquegurumi.com\/index.php\/wp-json\/wp\/v2\/product_cat?post=7544"},{"taxonomy":"product_tag","embeddable":true,"href":"https:\/\/bosquegurumi.com\/index.php\/wp-json\/wp\/v2\/product_tag?post=7544"}],"curies":[{"name":"wp","href":"https:\/\/api.w.org\/{rel}","templated":true}]}}