{"id":7118,"date":"2023-07-18T03:54:49","date_gmt":"2023-07-18T06:54:49","guid":{"rendered":"https:\/\/bosquegurumi.com\/?post_type=product&#038;p=7118"},"modified":"2023-12-01T00:01:15","modified_gmt":"2023-12-01T03:01:15","slug":"barbie-amigurumi","status":"publish","type":"product","link":"https:\/\/bosquegurumi.com\/index.php\/produto\/barbie-amigurumi\/","title":{"rendered":"Barbie receitas de amigurumi [PT] amigurumi fanart"},"content":{"rendered":"<blockquote>\n<p style=\"text-align: center;\"><strong>&gt; Estas n\u00e3o s\u00e3o as bonecas prontas, mas PDFs com instru\u00e7\u00f5es para faz\u00ea-las! &lt;&lt;<\/strong><\/p>\n<\/blockquote>\n<p style=\"text-align: left;\">A boneca mais famosa do mundo acaba de ganhar sua vers\u00e3o em amigurumi: Marbie! Marbie \u00e9 um amigurumi fanart inspirado no filme live-action da Barbie.<\/p>\n<p style=\"text-align: left;\">H\u00e1 dois combos dispon\u00edveis, que contam com <strong>6 padr\u00f5es<\/strong>. As vers\u00e3o s\u00e3o da Marbie <strong>Cl\u00e1ssica, Dia Perfeito, Cowgirl, Ken e Marbie de Patins e Presidente<\/strong>, b\u00f4nus para quem garantir a cole\u00e7\u00e3o completa.<\/p>\n<p style=\"text-align: left;\">Voc\u00ea pode adquirir todos ou um \u00fanico padr\u00e3o. Saiba mais sobre eles:<\/p>\n<ul>\n<li style=\"text-align: left;\">Padr\u00f5es em portugu\u00eas;<\/li>\n<li style=\"text-align: left;\">21cm a 25cm (feito com agulha 2mm);<\/li>\n<li>2 op\u00e7\u00f5es e cabe\u00e7a (Cl\u00e1ssica\/Dia Perfeito): chibi e realista;<\/li>\n<li style=\"text-align: left;\">N\u00edvel de dificuldade: intermedi\u00e1rio a avan\u00e7ado;<\/li>\n<li style=\"text-align: left;\">Fotos e v\u00eddeo para ajudar na execu\u00e7\u00e3o!<\/li>\n<\/ul>\n<p><strong>Os PDFs s\u00e3o exclusivamente para uso pessoal, o que significa que \u00e9 proibido distribuir, compartilhar e\/ou revender um ou qualquer padr\u00e3o. Ao adquirir a receita voc\u00ea concorda com estes termos!<\/strong><\/p>\n<p><strong>Para baixar os PDFs a<\/strong><strong>cesse Minha Conta &gt;&gt; DOWNLOADS na respectiva data de download.<\/strong><\/p>\n<p>&nbsp;<\/p>\n<div id=\"malwarebytes-root\"><\/div>\n<div id=\"malwarebytes-root\"><\/div>\n","protected":false},"excerpt":{"rendered":"<div id=\"malwarebytes-root\" style=\"position: fixed; inset: 0px 0px auto; z-index: 2147483647; width: 100%;\" tabindex=\"-1\"><\/div>\n<p style=\"text-align: left;\"><span style=\"text-align: left;\">Receitas de amigurumi fanart da boneca B. O volume 1 re\u00fane duas vers\u00f5es, <\/span><strong style=\"text-align: left;\">Cl\u00e1ssica e Dia Perfeito<\/strong><span style=\"text-align: left;\">, enquanto o volume 2 conta com as vers\u00f5es <\/span><strong style=\"text-align: left;\">Cowgirl, Ken e Barbie de Patins.<\/strong><\/p>\n<p style=\"text-align: left;\"><span style=\"text-align: left;\">Voc\u00ea pode adquirir um padr\u00e3o individual, um ou ambos os combos. A cole\u00e7\u00e3o completa vem com o b\u00f4nus da <strong>Presidente<\/strong>.<\/span><\/p>\n<p style=\"text-align: center;\"><span style=\"text-decoration: underline;\"><strong><a href=\"https:\/\/bosquegurumi.com\/index.php\/produto\/b-doll-amigurumi\/\">Check out the Marbie patterns in ENGLISH<\/a>!<\/strong><\/span><\/p>\n<ul>\n<li style=\"text-align: left;\">Padr\u00f5es em portugu\u00eas;<\/li>\n<li style=\"text-align: left;\">21cm a 25cm (ufeito com agulha 2mm);<\/li>\n<li>N\u00edvel de dificuldade: intermedi\u00e1rio a avan\u00e7ado;<\/li>\n<li style=\"text-align: left;\">Fotos e v\u00eddeo para ajudar na execu\u00e7\u00e3o;<\/li>\n<li style=\"text-align: left;\">2 op\u00e7\u00f5es e cabe\u00e7a (Cl\u00e1ssica\/Dia Perfeita): chibi e realista.<\/li>\n<\/ul>\n<p style=\"text-align: left;\"><strong>Voc\u00ea deve fazer login ou criar uma conta para comprar os PDFs e baix\u00e1-los.<br \/>\n<\/strong>^^<\/p>\n<p>&nbsp;<\/p>\n","protected":false},"featured_media":7586,"template":"","meta":{"om_disable_all_campaigns":false,"_monsterinsights_skip_tracking":false,"_monsterinsights_sitenote_active":false,"_monsterinsights_sitenote_note":"","_monsterinsights_sitenote_category":0},"product_brand":[],"product_cat":[24,42],"product_tag":[104,55,105,103],"class_list":{"0":"post-7118","1":"product","2":"type-product","3":"status-publish","4":"has-post-thumbnail","6":"product_cat-receitas","7":"product_cat-filmes-serie","8":"product_tag-crochet-barbie","9":"product_tag-filmes","10":"product_tag-marbie","11":"product_tag-movies","13":"first","14":"instock","15":"taxable","16":"shipping-taxable","17":"purchasable","18":"product-type-variable"},"aioseo_notices":[],"_links":{"self":[{"href":"https:\/\/bosquegurumi.com\/index.php\/wp-json\/wp\/v2\/product\/7118","targetHints":{"allow":["GET"]}}],"collection":[{"href":"https:\/\/bosquegurumi.com\/index.php\/wp-json\/wp\/v2\/product"}],"about":[{"href":"https:\/\/bosquegurumi.com\/index.php\/wp-json\/wp\/v2\/types\/product"}],"wp:featuredmedia":[{"embeddable":true,"href":"https:\/\/bosquegurumi.com\/index.php\/wp-json\/wp\/v2\/media\/7586"}],"wp:attachment":[{"href":"https:\/\/bosquegurumi.com\/index.php\/wp-json\/wp\/v2\/media?parent=7118"}],"wp:term":[{"taxonomy":"product_brand","embeddable":true,"href":"https:\/\/bosquegurumi.com\/index.php\/wp-json\/wp\/v2\/product_brand?post=7118"},{"taxonomy":"product_cat","embeddable":true,"href":"https:\/\/bosquegurumi.com\/index.php\/wp-json\/wp\/v2\/product_cat?post=7118"},{"taxonomy":"product_tag","embeddable":true,"href":"https:\/\/bosquegurumi.com\/index.php\/wp-json\/wp\/v2\/product_tag?post=7118"}],"curies":[{"name":"wp","href":"https:\/\/api.w.org\/{rel}","templated":true}]}}