{"id":6869,"date":"2023-06-17T10:47:53","date_gmt":"2023-06-17T13:47:53","guid":{"rendered":"https:\/\/bosquegurumi.com\/?post_type=product&#038;p=6869"},"modified":"2023-07-01T00:00:32","modified_gmt":"2023-07-01T03:00:32","slug":"ariel-amigurumi","status":"publish","type":"product","link":"https:\/\/bosquegurumi.com\/index.php\/produto\/ariel-amigurumi\/","title":{"rendered":"Ariel [PT\/ENG] receita de amigurumi \u2022 amigurumi pattern"},"content":{"rendered":"<p style=\"text-align: center;\"><strong>Este produto n\u00e3o se trata da boneca pronta, mas do arquivo em PDF para produzi-la!<\/strong><\/p>\n<p>Receitas para confec\u00e7\u00e3o de amigurumis fanart da <strong>Ariel, <\/strong>personagem da vers\u00e3o 2023 do filme &#8220;A Pequena Sereia.<\/p>\n<ul>\n<li>Padr\u00e3o em portugu\u00eas;<\/li>\n<li>18cm na vers\u00e3o humana (agulha 2,25mm)<\/li>\n<li>25cm na vers\u00e3o sereia (agulha 2,25mm);<\/li>\n<li>N\u00edvel de dificuldade: intermedi\u00e1rio\/avan\u00e7ado;<\/li>\n<li>Receitas com v\u00eddeos de apoio e fotos.<\/li>\n<\/ul>\n<p>Os PDFs n\u00e3o s\u00e3o enviados por e-mail! Fa\u00e7a o download dos arquivos acessando Minha Conta \u300b Downloads.<\/p>\n<p><strong>Estes padr\u00f5es s\u00e3o de uso pessoal e exclusivo, sendo proibido compartilh\u00e1-los, vend\u00ea-los, troc\u00e1-los e\/ou distribu\u00ed-los por quaisquer meios. Ao adquiri-los, voc\u00ea concorda com tais termos e condi\u00e7\u00f5es de uso.<\/strong><\/p>\n<p style=\"text-align: center;\">______________________________________________<\/p>\n<p style=\"text-align: center;\"><strong>This product isn\u2019t a doll, but an inspired amigurumi pattern to make it!<\/strong><\/p>\n<p style=\"text-align: center;\"><b>Ariel<\/b> inspired amigurumi patterns from &#8220;The Little Mermaid&#8221;.<br \/>\nYou must <a href=\"https:\/\/bosquegurumi.com\/index.php\/minha-conta\/\">log in<\/a> to buy the PDFs and download them.<\/p>\n<p style=\"text-align: center;\"><strong>&gt;&gt; The human Ariel amigurumi pattern will be available in English on June 20th &lt;&lt;<\/strong><\/p>\n<ul>\n<li>The patterns language is English;<\/li>\n<li>PDFs contains detailed instructions to make the amigurumis;<\/li>\n<li>List of materials and stitches used;<\/li>\n<li>Approximately 18cm (human doll) using 2.25mm crochet hook;<\/li>\n<li>Approximately 25cm (mermaid doll) using 2.25mm crochet hpook;<\/li>\n<li>Patterns level: intermediate\/advanced levels.<\/li>\n<\/ul>\n<p>If you have doubts, you can <a href=\"https:\/\/bosquegurumi.com\/index.php\/contactus\/\">contact me<\/a>.<\/p>\n<p><strong>The patterns are for personal use only, which means it\u2019s forbidden to share or to sell the PDFs.<\/strong><\/p>\n<p><strong>The files will be available for downloading after the payment. Access MY ACCOUNT (Minha Conta) &gt;&gt; DOWNLOADS to download them.<\/strong><\/p>\n<p>&nbsp;<\/p>\n<p>&nbsp;<\/p>\n","protected":false},"excerpt":{"rendered":"<p>Receita para confec\u00e7\u00e3o do amigurumi fanart da <strong>Ariel<\/strong>, de &#8220;A pequena sereia&#8221;. Padr\u00e3o dispon\u00edvel nas vers\u00f5es sereia e humana ou o combo das duas vers\u00f5es.<\/p>\n<ul>\n<li>Cerca de 18cm (agulha 2,25mm) na vers\u00e3o humana;<\/li>\n<li>Aprox. 25cm (agulha 2,25mm) como sereia;<\/li>\n<li>V\u00eddeos de apoio;<\/li>\n<li>Dezenas de fotos e conte\u00fado detalhado;<\/li>\n<li>N\u00edvel de dificuldade intermedi\u00e1rio\/avan\u00e7ado.<\/li>\n<\/ul>\n<p style=\"text-align: center;\">= = = = = = = =\u00a0 = = = =<\/p>\n<p>Ariel amigurumi patterns from &#8220;The little mermaid&#8221; live-action movie.<\/p>\n<ul>\n<li>Patterns in English;<\/li>\n<li>Size: about 18cm (human doll) using 2,25mm crochet hook;<\/li>\n<li>25cm (mermaid doll) using 2,25mm crocheet hook<\/li>\n<li>Difficulty level: intermediate\/advanced levels.<\/li>\n<\/ul>\n<p><strong>International purchases: payment via PayPal<\/strong><\/p>\n<p><em><strong>You must <a href=\"https:\/\/bosquegurumi.com\/index.php\/minha-conta\/\">log in<\/a> to buy the PDF and download it<\/strong>. Access MY ACCOUNT (Minha Conta) &gt;&gt; DOWNLOADS to download it.<\/em><\/p>\n<div id=\"malwarebytes-root\">.<\/div>\n","protected":false},"featured_media":6888,"template":"","meta":{"om_disable_all_campaigns":false,"_monsterinsights_skip_tracking":false,"_monsterinsights_sitenote_active":false,"_monsterinsights_sitenote_note":"","_monsterinsights_sitenote_category":0},"product_brand":[],"product_cat":[40,24,42],"product_tag":[101,99,55,102,100],"class_list":{"0":"post-6869","1":"product","2":"type-product","3":"status-publish","4":"has-post-thumbnail","6":"product_cat-patterns","7":"product_cat-receitas","8":"product_cat-filmes-serie","9":"product_tag-a-pequena-sereia","10":"product_tag-ariel","11":"product_tag-filmes","12":"product_tag-princesas","13":"product_tag-the-little-mermaid","15":"first","16":"instock","17":"taxable","18":"shipping-taxable","19":"purchasable","20":"product-type-variable","21":"has-default-attributes"},"aioseo_notices":[],"_links":{"self":[{"href":"https:\/\/bosquegurumi.com\/index.php\/wp-json\/wp\/v2\/product\/6869","targetHints":{"allow":["GET"]}}],"collection":[{"href":"https:\/\/bosquegurumi.com\/index.php\/wp-json\/wp\/v2\/product"}],"about":[{"href":"https:\/\/bosquegurumi.com\/index.php\/wp-json\/wp\/v2\/types\/product"}],"wp:featuredmedia":[{"embeddable":true,"href":"https:\/\/bosquegurumi.com\/index.php\/wp-json\/wp\/v2\/media\/6888"}],"wp:attachment":[{"href":"https:\/\/bosquegurumi.com\/index.php\/wp-json\/wp\/v2\/media?parent=6869"}],"wp:term":[{"taxonomy":"product_brand","embeddable":true,"href":"https:\/\/bosquegurumi.com\/index.php\/wp-json\/wp\/v2\/product_brand?post=6869"},{"taxonomy":"product_cat","embeddable":true,"href":"https:\/\/bosquegurumi.com\/index.php\/wp-json\/wp\/v2\/product_cat?post=6869"},{"taxonomy":"product_tag","embeddable":true,"href":"https:\/\/bosquegurumi.com\/index.php\/wp-json\/wp\/v2\/product_tag?post=6869"}],"curies":[{"name":"wp","href":"https:\/\/api.w.org\/{rel}","templated":true}]}}