{"id":6425,"date":"2023-04-10T14:48:31","date_gmt":"2023-04-10T17:48:31","guid":{"rendered":"https:\/\/bosquegurumi.com\/?post_type=product&#038;p=6425"},"modified":"2025-07-02T23:43:51","modified_gmt":"2025-07-03T02:43:51","slug":"thelastofus-amigurumis","status":"publish","type":"product","link":"https:\/\/bosquegurumi.com\/index.php\/produto\/thelastofus-amigurumis\/","title":{"rendered":"Joel, Ellie e Clicker: combo The Last of Us \u2013 receitas de amigurumi"},"content":{"rendered":"<p style=\"text-align: center;\"><strong>Estes produtos n\u00e3o s\u00e3o os bonecos prontos, mas arquivos em PDF para fazer os amigurumis!<\/strong><\/p>\n<p>&nbsp;<\/p>\n<p style=\"text-align: left;\">Cole\u00e7\u00e3o The Last of Us com 3 receitas: <strong>Ellie Williams, Joel Miller e o Clicker\/Estalador<\/strong>. Voc\u00ea pode adquirir o combo, apenas o Estalador ou a dupla Joel e Ellie.<\/p>\n<ul>\n<li style=\"text-align: left;\">Padr\u00f5es em portugu\u00eas;<\/li>\n<li style=\"text-align: left;\">Em m\u00e9dia de 17cm a 20cm (agulha 2,25mm);<\/li>\n<li style=\"text-align: left;\">N\u00edvel de dificuldade: intermedi\u00e1rio e\/ou avan\u00e7ado;<\/li>\n<li style=\"text-align: left;\">Receitas com v\u00eddeos de apoio e dezenas de fotos.<\/li>\n<\/ul>\n<p><strong>Os PDFs n\u00e3o s\u00e3o enviados por e-mail! Fa\u00e7a o download dos arquivos acessando Minha Conta \u300b Downloads.<\/strong><\/p>\n<p>&nbsp;<\/p>\n<p>&nbsp;<\/p>\n","protected":false},"excerpt":{"rendered":"<p>Combo The Last of Us com 3 op\u00e7\u00f5es de receitas: <strong>Ellie Williams, Joel Miller e o Clicker\/Estalador<\/strong>. Voc\u00ea pode adquirir o combo com os tr\u00eas padr\u00f5es, apenas a receita do Clicker ou o PDF da dupla Ellie e Joel.<\/p>\n<ul>\n<li>Padr\u00f5es em portugu\u00eas;<\/li>\n<li>Em m\u00e9dia 17cm\u00a0 a 20cm (agulha 2,25mm);<\/li>\n<li>N\u00edvel de dificuldade: intermedi\u00e1rio e\/ou avan\u00e7ado;<\/li>\n<li>Receitas com v\u00eddeos de apoio e dezenas de fotos.<\/li>\n<\/ul>\n<p>Fa\u00e7a login na sua conta ou crie uma para adquirir o(s) padr\u00e3o (s) e fazer o download.<\/p>\n<p><strong>Os PDFs n\u00e3o s\u00e3o enviados por e-mail! Fa\u00e7a o download dos arquivos acessando Minha Conta \u300b Downloads.<\/strong><\/p>\n<p><strong>Estes padr\u00f5es s\u00e3o de uso pessoal e exclusivo, sendo proibido compartilh\u00e1-los, vend\u00ea-los, troc\u00e1-los e\/ou distribu\u00ed-los por quaisquer meios. Ao adquiri-los, voc\u00ea concorda com tais termos e condi\u00e7\u00f5es de uso.<\/strong><\/p>\n<p>&nbsp;<\/p>\n","protected":false},"featured_media":6442,"template":"","meta":{"om_disable_all_campaigns":false,"_monsterinsights_skip_tracking":false,"_monsterinsights_sitenote_active":false,"_monsterinsights_sitenote_note":"","_monsterinsights_sitenote_category":0},"product_brand":[],"product_cat":[24,42,95],"product_tag":[94,80,93,92],"class_list":{"0":"post-6425","1":"product","2":"type-product","3":"status-publish","4":"has-post-thumbnail","6":"product_cat-receitas","7":"product_cat-filmes-serie","8":"product_cat-games","9":"product_tag-games","10":"product_tag-serie-de-tv","11":"product_tag-the-last-of-us","12":"product_tag-tlou","14":"first","15":"instock","16":"taxable","17":"shipping-taxable","18":"purchasable","19":"product-type-variable","20":"has-default-attributes"},"aioseo_notices":[],"_links":{"self":[{"href":"https:\/\/bosquegurumi.com\/index.php\/wp-json\/wp\/v2\/product\/6425","targetHints":{"allow":["GET"]}}],"collection":[{"href":"https:\/\/bosquegurumi.com\/index.php\/wp-json\/wp\/v2\/product"}],"about":[{"href":"https:\/\/bosquegurumi.com\/index.php\/wp-json\/wp\/v2\/types\/product"}],"wp:featuredmedia":[{"embeddable":true,"href":"https:\/\/bosquegurumi.com\/index.php\/wp-json\/wp\/v2\/media\/6442"}],"wp:attachment":[{"href":"https:\/\/bosquegurumi.com\/index.php\/wp-json\/wp\/v2\/media?parent=6425"}],"wp:term":[{"taxonomy":"product_brand","embeddable":true,"href":"https:\/\/bosquegurumi.com\/index.php\/wp-json\/wp\/v2\/product_brand?post=6425"},{"taxonomy":"product_cat","embeddable":true,"href":"https:\/\/bosquegurumi.com\/index.php\/wp-json\/wp\/v2\/product_cat?post=6425"},{"taxonomy":"product_tag","embeddable":true,"href":"https:\/\/bosquegurumi.com\/index.php\/wp-json\/wp\/v2\/product_tag?post=6425"}],"curies":[{"name":"wp","href":"https:\/\/api.w.org\/{rel}","templated":true}]}}