{"id":5429,"date":"2023-01-17T22:10:30","date_gmt":"2023-01-18T01:10:30","guid":{"rendered":"https:\/\/bosquegurumi.com\/?post_type=product&#038;p=5429"},"modified":"2025-09-01T00:23:26","modified_gmt":"2025-09-01T03:23:26","slug":"bianca-barclay-amigurumi","status":"publish","type":"product","link":"https:\/\/bosquegurumi.com\/index.php\/produto\/bianca-barclay-amigurumi\/","title":{"rendered":"Bianca Barclay [PT\/ENG] receita amigurumi \u2022 amigurumi pattern \u2022 Wednesday series"},"content":{"rendered":"<p style=\"text-align: center;\"><strong>Este produto n\u00e3o se trata da pe\u00e7a pronta, mas do arquivo em PDF para produzi-las!<\/strong><\/p>\n<p>Receita para confec\u00e7\u00e3o do amigurumi fanart da <strong>Bianca Barclay, <\/strong>personagem da s\u00e9rie Wandinha\/Wednesday. A cole\u00e7\u00e3o completa da s\u00e9rie sobre a jovem Addams est\u00e1 dispon\u00edvel <a href=\"https:\/\/bosquegurumi.com\/index.php\/produto\/wandinha-addams-amigurumi\/\">neste link<\/a>.<\/p>\n<ul>\n<li>Padr\u00e3o em portugu\u00eas;<\/li>\n<li>Em m\u00e9dia 17cm (agulha 2mm);<\/li>\n<li>N\u00edvel de dificuldade: avan\u00e7ado;<\/li>\n<li>Receitas com v\u00eddeos de apoio e fotos.<\/li>\n<\/ul>\n<p>Os PDFs n\u00e3o s\u00e3o enviados por e-mail! Fa\u00e7a o download dos arquivos acessando Minha Conta \u300b Downloads.<\/p>\n<p><strong>Estes padr\u00f5es s\u00e3o de uso pessoal e exclusivo, sendo proibido compartilh\u00e1-los, vend\u00ea-los, troc\u00e1-los e\/ou distribu\u00ed-los por quaisquer meios. Ao adquiri-los, voc\u00ea concorda com tais termos e condi\u00e7\u00f5es de uso.<\/strong><\/p>\n<p style=\"text-align: center;\">______________________________________________<\/p>\n<p style=\"text-align: center;\"><strong>This product isn\u2019t a doll, but an inspired amigurumi pattern to make it!<\/strong><\/p>\n<p style=\"text-align: center;\"><strong>Bianca Barclay<\/strong> inspired amigurumi patterns from &#8220;Wednesday&#8221; series.<br \/>\nYou must <a href=\"https:\/\/bosquegurumi.com\/index.php\/minha-conta\/\">log in<\/a> to buy the PDFs and download them.<\/p>\n<ul>\n<li>The pattern language is English;<\/li>\n<li>PDF contains detailed instructions to make the amigurumi;<\/li>\n<li>List of materials and stitches used;<\/li>\n<li>Approximately 17cm (2mm crochet hook);<\/li>\n<li>Pattern level: advanced level;<\/li>\n<li><strong><a href=\"https:\/\/bosquegurumi.com\/index.php\/produto\/wednesday-addams-patterns\/\">Pattern bundle available<\/a>.<\/strong><\/li>\n<\/ul>\n<p>If you have doubts, you can <a href=\"https:\/\/bosquegurumi.com\/index.php\/contactus\/\">contact me<\/a>.<\/p>\n<p><strong>The pattern is for personal use only, which means it\u2019s forbidden to share or to sell the PDF.<\/strong><\/p>\n<p><strong>The file will be available for downloading after the payment. Access MY ACCOUNT (Minha Conta) &gt;&gt; DOWNLOADS to download it.<\/strong><\/p>\n<p>&nbsp;<\/p>\n<p>&nbsp;<\/p>\n","protected":false},"excerpt":{"rendered":"<p style=\"text-align: center;\">Receita para confec\u00e7\u00e3o do amigurumi fanart de <strong>Bianca Barclay<\/strong>, de &#8220;Wandinha&#8221;.<br \/>\nOutros padr\u00f5es da s\u00e9rie est\u00e3o <span style=\"text-decoration: underline;\"><strong><a href=\"https:\/\/bosquegurumi.com\/index.php\/produto-tag\/wednesday-addams\/\" target=\"_blank\" rel=\"noopener\">dispon\u00edveis aqui<\/a>.<\/strong><\/span><\/p>\n<ul>\n<li>Cerca de 17cm (agulha 2mm);<\/li>\n<li>V\u00eddeos de apoio;<\/li>\n<li>Dezenas de fotos e conte\u00fado detalhado;<\/li>\n<li>N\u00edvel de dificuldade avan\u00e7ado.<\/li>\n<\/ul>\n<p style=\"text-align: center;\">&#8211; &#8211; &#8211; &#8211; &#8211; &#8211; &#8211; &#8211; &#8211; &#8211; &#8211; &#8211; &#8211; &#8211; &#8211; &#8211; &#8211; &#8211;<\/p>\n<p style=\"text-align: center;\">Bianca Barclay amigurumi pattern from &#8220;<a href=\"https:\/\/bosquegurumi.com\/index.php\/produto-tag\/wednesday-series\/\" target=\"_blank\" rel=\"noopener\">Wednesday<\/a>&#8220;.<\/p>\n<ul>\n<li>Pattern in English;<\/li>\n<li>Size: about 17cm (2mm crochet hook);<\/li>\n<li>Difficulty level: advanced level;<\/li>\n<li><strong><a href=\"https:\/\/bosquegurumi.com\/index.php\/produto\/wednesday-addams-patterns\/\">Pattern bundle available<\/a>.<\/strong><\/li>\n<\/ul>\n<p>&nbsp;<\/p>\n<p><strong>International purchases: payment via PayPal<\/strong><\/p>\n<p><em><strong>You must <a href=\"https:\/\/bosquegurumi.com\/index.php\/minha-conta\/\">log in<\/a> to buy the PDF and download it<\/strong>. Access MY ACCOUNT (Minha Conta) &gt;&gt; DOWNLOADS to download it.<\/em><\/p>\n<div id=\"malwarebytes-root\">.<\/div>\n","protected":false},"featured_media":12461,"template":"","meta":{"om_disable_all_campaigns":false,"_monsterinsights_skip_tracking":false,"_monsterinsights_sitenote_active":false,"_monsterinsights_sitenote_note":"","_monsterinsights_sitenote_category":0},"product_brand":[],"product_cat":[40,24,42],"product_tag":[80,90,85,86,89],"class_list":{"0":"post-5429","1":"product","2":"type-product","3":"status-publish","4":"has-post-thumbnail","6":"product_cat-patterns","7":"product_cat-receitas","8":"product_cat-filmes-serie","9":"product_tag-serie-de-tv","10":"product_tag-uniforme-escolar","11":"product_tag-wandinha","12":"product_tag-wednesday-addams","13":"product_tag-wednesday-series","15":"first","16":"instock","17":"taxable","18":"shipping-taxable","19":"purchasable","20":"product-type-variable","21":"has-default-attributes"},"aioseo_notices":[],"_links":{"self":[{"href":"https:\/\/bosquegurumi.com\/index.php\/wp-json\/wp\/v2\/product\/5429","targetHints":{"allow":["GET"]}}],"collection":[{"href":"https:\/\/bosquegurumi.com\/index.php\/wp-json\/wp\/v2\/product"}],"about":[{"href":"https:\/\/bosquegurumi.com\/index.php\/wp-json\/wp\/v2\/types\/product"}],"wp:featuredmedia":[{"embeddable":true,"href":"https:\/\/bosquegurumi.com\/index.php\/wp-json\/wp\/v2\/media\/12461"}],"wp:attachment":[{"href":"https:\/\/bosquegurumi.com\/index.php\/wp-json\/wp\/v2\/media?parent=5429"}],"wp:term":[{"taxonomy":"product_brand","embeddable":true,"href":"https:\/\/bosquegurumi.com\/index.php\/wp-json\/wp\/v2\/product_brand?post=5429"},{"taxonomy":"product_cat","embeddable":true,"href":"https:\/\/bosquegurumi.com\/index.php\/wp-json\/wp\/v2\/product_cat?post=5429"},{"taxonomy":"product_tag","embeddable":true,"href":"https:\/\/bosquegurumi.com\/index.php\/wp-json\/wp\/v2\/product_tag?post=5429"}],"curies":[{"name":"wp","href":"https:\/\/api.w.org\/{rel}","templated":true}]}}