{"id":4624,"date":"2022-12-12T12:24:15","date_gmt":"2022-12-12T15:24:15","guid":{"rendered":"https:\/\/bosquegurumi.com\/?post_type=product&#038;p=4624"},"modified":"2025-09-01T00:23:26","modified_gmt":"2025-09-01T03:23:26","slug":"enid-sinclair-amigurumi","status":"publish","type":"product","link":"https:\/\/bosquegurumi.com\/index.php\/produto\/enid-sinclair-amigurumi\/","title":{"rendered":"Enid Sinclair [PT\/ENG] receita amigurumi \u2022 amigurumi pattern"},"content":{"rendered":"<p style=\"text-align: center;\"><strong>Este produto n\u00e3o se trata da pe\u00e7a pronta, mas do arquivo em PDF para produzi-las!<\/strong><\/p>\n<p>Receita para confec\u00e7\u00e3o do amigurumi fanart da <strong>Enid Sinclair, <\/strong>personagem da s\u00e9rie Wandinha\/Wednesday. A cole\u00e7\u00e3o completa da s\u00e9rie sobre a jovem Addams est\u00e1 dispon\u00edvel <a href=\"https:\/\/bosquegurumi.com\/index.php\/produto\/wandinha-addams-amigurumi\/\">neste link<\/a>.<\/p>\n<ul>\n<li>Padr\u00e3o em portugu\u00eas;<\/li>\n<li>Em m\u00e9dia 17cm (agulha 2mm);<\/li>\n<li>N\u00edvel de dificuldade: avan\u00e7ado;<\/li>\n<li>Receitas com v\u00eddeos de apoio e fotos.<\/li>\n<\/ul>\n<p>Os PDFs n\u00e3o s\u00e3o enviados por e-mail! Fa\u00e7a o download dos arquivos acessando Minha Conta \u300b Downloads.<\/p>\n<p><strong>Estes padr\u00f5es s\u00e3o de uso pessoal e exclusivo, sendo proibido compartilh\u00e1-los, vend\u00ea-los, troc\u00e1-los e\/ou distribu\u00ed-los por quaisquer meios. Ao adquiri-los, voc\u00ea concorda com tais termos e condi\u00e7\u00f5es de uso.<\/strong><\/p>\n<p style=\"text-align: center;\">______________________________________________<\/p>\n<p style=\"text-align: center;\"><strong>This product isn\u2019t a doll, but an inspired amigurumi pattern to make it!<\/strong><\/p>\n<p style=\"text-align: center;\"><strong>Enid Sinclair<\/strong> and Wednesday Addams inspired amigurumi patterns from &#8220;Wednesday&#8221;.<br \/>\nYou must <a href=\"https:\/\/bosquegurumi.com\/index.php\/minha-conta\/\">log in<\/a> to buy the PDFs and download them.<\/p>\n<ul>\n<li>The patterns language is English;<\/li>\n<li>PDFs contains detailed instructions to make the amigurumis;<\/li>\n<li>List of materials and stitches used;<\/li>\n<li>Approximately 17cm (2mm crochet hook);<\/li>\n<li>Patterns level: intermediate-advanced;<\/li>\n<li><a href=\"https:\/\/bosquegurumi.com\/index.php\/produto\/wednesday-addams-patterns\/\">Pattern bundle available<\/a>.<\/li>\n<\/ul>\n<p>If you have doubts, you can <a href=\"https:\/\/bosquegurumi.com\/index.php\/contactus\/\">contact me<\/a>.<\/p>\n<p><strong>The patterns are for personal use only, which means it\u2019s forbidden to share or to sell the PDFs.<\/strong><\/p>\n<p><strong>The files will be available for downloading after the payment. Access MY ACCOUNT (Minha Conta) &gt;&gt; DOWNLOADS to download them.<\/strong><\/p>\n<p>&nbsp;<\/p>\n<p>&nbsp;<\/p>\n","protected":false},"excerpt":{"rendered":"<p>Receita para confec\u00e7\u00e3o do amigurumi fanart de <strong>Enid Sinclair<\/strong>, de &#8220;Wandinha&#8221;. Padr\u00e3o dispon\u00edvel de forma individual ou em dupla, com op\u00e7\u00e3o de combina\u00e7\u00e3o com a receita da Wandinha.<\/p>\n<ul>\n<li>Cerca de 17cm (agulha 2mm);<\/li>\n<li>V\u00eddeos de apoio;<\/li>\n<li>Dezenas de fotos e conte\u00fado detalhado;<\/li>\n<li>N\u00edvel de dificuldade avan\u00e7ado.<\/li>\n<\/ul>\n<p style=\"text-align: center;\">= = = = = = = =\u00a0 = = = =<\/p>\n<p>Enid Sinclair and Wednesday Addams amigurumi patterns from &#8220;Wednesday&#8221;.<\/p>\n<ul>\n<li>Patterns in English;<\/li>\n<li>Size: about 17cm (2mm crochet hook);<\/li>\n<li>Difficulty level: intermediate-advanced level.<\/li>\n<\/ul>\n<p><strong>International purchases: payment via PayPal<\/strong><\/p>\n<p><em><strong>You must <a href=\"https:\/\/bosquegurumi.com\/index.php\/minha-conta\/\">log in<\/a> to buy the PDF and download it<\/strong>. Access MY ACCOUNT (Minha Conta) &gt;&gt; DOWNLOADS to download it.<\/em><\/p>\n<div id=\"malwarebytes-root\">.<\/div>\n","protected":false},"featured_media":4748,"template":"","meta":{"om_disable_all_campaigns":false,"_monsterinsights_skip_tracking":false,"_monsterinsights_sitenote_active":false,"_monsterinsights_sitenote_note":"","_monsterinsights_sitenote_category":0},"product_brand":[],"product_cat":[40,24,42],"product_tag":[88,80,85,86,89],"class_list":{"0":"post-4624","1":"product","2":"type-product","3":"status-publish","4":"has-post-thumbnail","6":"product_cat-patterns","7":"product_cat-receitas","8":"product_cat-filmes-serie","9":"product_tag-enid-sinclair","10":"product_tag-serie-de-tv","11":"product_tag-wandinha","12":"product_tag-wednesday-addams","13":"product_tag-wednesday-series","15":"first","16":"instock","17":"taxable","18":"shipping-taxable","19":"purchasable","20":"product-type-variable","21":"has-default-attributes"},"aioseo_notices":[],"_links":{"self":[{"href":"https:\/\/bosquegurumi.com\/index.php\/wp-json\/wp\/v2\/product\/4624","targetHints":{"allow":["GET"]}}],"collection":[{"href":"https:\/\/bosquegurumi.com\/index.php\/wp-json\/wp\/v2\/product"}],"about":[{"href":"https:\/\/bosquegurumi.com\/index.php\/wp-json\/wp\/v2\/types\/product"}],"wp:featuredmedia":[{"embeddable":true,"href":"https:\/\/bosquegurumi.com\/index.php\/wp-json\/wp\/v2\/media\/4748"}],"wp:attachment":[{"href":"https:\/\/bosquegurumi.com\/index.php\/wp-json\/wp\/v2\/media?parent=4624"}],"wp:term":[{"taxonomy":"product_brand","embeddable":true,"href":"https:\/\/bosquegurumi.com\/index.php\/wp-json\/wp\/v2\/product_brand?post=4624"},{"taxonomy":"product_cat","embeddable":true,"href":"https:\/\/bosquegurumi.com\/index.php\/wp-json\/wp\/v2\/product_cat?post=4624"},{"taxonomy":"product_tag","embeddable":true,"href":"https:\/\/bosquegurumi.com\/index.php\/wp-json\/wp\/v2\/product_tag?post=4624"}],"curies":[{"name":"wp","href":"https:\/\/api.w.org\/{rel}","templated":true}]}}