{"id":4398,"date":"2022-12-12T18:14:18","date_gmt":"2022-12-12T21:14:18","guid":{"rendered":"https:\/\/bosquegurumi.com\/?post_type=product&#038;p=4398"},"modified":"2025-09-01T00:23:26","modified_gmt":"2025-09-01T03:23:26","slug":"wandinha-addams-amigurumi","status":"publish","type":"product","link":"https:\/\/bosquegurumi.com\/index.php\/produto\/wandinha-addams-amigurumi\/","title":{"rendered":"Cole\u00e7\u00e3o Wandinha \u2022 padr\u00f5es de amigurumi (PT)"},"content":{"rendered":"<p style=\"text-align: center;\"><strong>Estes produtos n\u00e3o se tratam das pe\u00e7as prontas, mas dos arquivos em PDF para confec\u00e7\u00e3o dos amigurumis!<\/strong><\/p>\n<p style=\"text-align: left;\">Cole\u00e7\u00e3o Wandinha Adams com 3 op\u00e7\u00f5es de receitas: <strong>Wandinha cl\u00e1ssica, Wandinha no Baile e\/ou Wandinha Gata<\/strong>. Voc\u00ea pode adquirir o combo ou as receitas individuais.<\/p>\n<p><em>Atualiza\u00e7\u00e3o: padr\u00e3o <strong>Wandinha de uniforme<\/strong> tamb\u00e9m dispon\u00edvel.<\/em><\/p>\n<ul>\n<li style=\"text-align: left;\">Padr\u00f5es em portugu\u00eas;<\/li>\n<li style=\"text-align: left;\">Em m\u00e9dia 17cm (agulha 2mm);<\/li>\n<li style=\"text-align: left;\">N\u00edvel de dificuldade: intermedi\u00e1rio e\/ou avan\u00e7ado;<\/li>\n<li style=\"text-align: left;\">Receitas com v\u00eddeos de apoio e centenas de fotos.<\/li>\n<\/ul>\n<p><strong>Os PDFs n\u00e3o s\u00e3o enviados por e-mail! Fa\u00e7a o download dos arquivos acessando Minha Conta \u300b Downloads.<\/strong><\/p>\n<p>&nbsp;<\/p>\n<p>&nbsp;<\/p>\n<p>&nbsp;<\/p>\n","protected":false},"excerpt":{"rendered":"<p>Cole\u00e7\u00e3o Wandinha Adams com 3 op\u00e7\u00f5es de receitas: <strong>Wandinha cl\u00e1ssica, Wandinha no Baile e\/ou Wandinha Gata<\/strong>. Voc\u00ea pode adquirir o combo ou as receitas individuais.<\/p>\n<p><em>Atualiza\u00e7\u00e3o: padr\u00e3o <strong>Wandinha de uniforme<\/strong> tamb\u00e9m dispon\u00edvel.<\/em><\/p>\n<ul>\n<li>Padr\u00f5es em portugu\u00eas;<\/li>\n<li>Em m\u00e9dia 17cm (agulha 2mm);<\/li>\n<li>N\u00edvel de dificuldade: intermedi\u00e1rio e\/ou avan\u00e7ado;<\/li>\n<li>Receitas com v\u00eddeos de apoio e centenas de fotos.<\/li>\n<\/ul>\n<p>Fa\u00e7a login na sua conta ou crie uma para adquirir o(s) padr\u00e3o (s) e fazer o download.<\/p>\n<p><strong>Os PDFs n\u00e3o s\u00e3o enviados por e-mail! Fa\u00e7a o download dos arquivos acessando Minha Conta \u300b Downloads.<\/strong><\/p>\n<p><strong>Estes padr\u00f5es s\u00e3o de uso pessoal e exclusivo, sendo proibido compartilh\u00e1-los, vend\u00ea-los, troc\u00e1-los e\/ou distribu\u00ed-los por quaisquer meios. Ao adquiri-los, voc\u00ea concorda com tais termos e condi\u00e7\u00f5es de uso.<\/strong><\/p>\n<p>&nbsp;<\/p>\n","protected":false},"featured_media":4457,"template":"","meta":{"om_disable_all_campaigns":false,"_monsterinsights_skip_tracking":false,"_monsterinsights_sitenote_active":false,"_monsterinsights_sitenote_note":"","_monsterinsights_sitenote_category":0},"product_brand":[],"product_cat":[24,42],"product_tag":[88,87,80,85,86],"class_list":{"0":"post-4398","1":"product","2":"type-product","3":"status-publish","4":"has-post-thumbnail","6":"product_cat-receitas","7":"product_cat-filmes-serie","8":"product_tag-enid-sinclair","9":"product_tag-familia-addams","10":"product_tag-serie-de-tv","11":"product_tag-wandinha","12":"product_tag-wednesday-addams","14":"first","15":"instock","16":"taxable","17":"shipping-taxable","18":"purchasable","19":"product-type-variable","20":"has-default-attributes"},"aioseo_notices":[],"_links":{"self":[{"href":"https:\/\/bosquegurumi.com\/index.php\/wp-json\/wp\/v2\/product\/4398","targetHints":{"allow":["GET"]}}],"collection":[{"href":"https:\/\/bosquegurumi.com\/index.php\/wp-json\/wp\/v2\/product"}],"about":[{"href":"https:\/\/bosquegurumi.com\/index.php\/wp-json\/wp\/v2\/types\/product"}],"wp:featuredmedia":[{"embeddable":true,"href":"https:\/\/bosquegurumi.com\/index.php\/wp-json\/wp\/v2\/media\/4457"}],"wp:attachment":[{"href":"https:\/\/bosquegurumi.com\/index.php\/wp-json\/wp\/v2\/media?parent=4398"}],"wp:term":[{"taxonomy":"product_brand","embeddable":true,"href":"https:\/\/bosquegurumi.com\/index.php\/wp-json\/wp\/v2\/product_brand?post=4398"},{"taxonomy":"product_cat","embeddable":true,"href":"https:\/\/bosquegurumi.com\/index.php\/wp-json\/wp\/v2\/product_cat?post=4398"},{"taxonomy":"product_tag","embeddable":true,"href":"https:\/\/bosquegurumi.com\/index.php\/wp-json\/wp\/v2\/product_tag?post=4398"}],"curies":[{"name":"wp","href":"https:\/\/api.w.org\/{rel}","templated":true}]}}