{"id":4192,"date":"2024-07-15T18:04:31","date_gmt":"2024-07-15T21:04:31","guid":{"rendered":"https:\/\/bosquegurumi.com\/?post_type=product&#038;p=4192"},"modified":"2026-03-10T11:44:36","modified_gmt":"2026-03-10T14:44:36","slug":"houseofthedragon-amigurumi","status":"publish","type":"product","link":"https:\/\/bosquegurumi.com\/index.php\/produto\/houseofthedragon-amigurumi\/","title":{"rendered":"E-book House of the Dragon [PT\/ENG] receitas de amigurumi \u2022 pattern bundle"},"content":{"rendered":"<p style=\"text-align: center;\"><em>House of the Dragon amigurumi patterns<\/em><br \/>\n<em>Receitas de amigurumi A Casa do Drag\u00e3o<\/em><\/p>\n<p style=\"text-align: center;\"><strong>Este produto n\u00e3o se trata das pe\u00e7as prontas, mas dos arquivos em PDF para confec\u00e7\u00e3o dos amigurumis!<\/strong><\/p>\n<p style=\"text-align: left;\">E-book A Casa do Drag\u00e3o, que re\u00fane padr\u00f5es em PDF para confec\u00e7\u00e3o de 5 amigurumis fanarts de <strong>Rhaenyra, Daemon e Daenerys Targaryen, Alicent Hightower e Corlys Velaryon!<\/strong><\/p>\n<p style=\"text-align: center;\"><a href=\"https:\/\/bosquegurumi.com\/index.php\/produto\/dunk-egg-amigurumis\/\" target=\"_blank\" rel=\"noopener\"><span style=\"text-decoration: underline;\">Receitas Dunk &amp; EGG<\/span><\/a><\/p>\n<ul>\n<li style=\"text-align: left;\">Padr\u00f5es em portugu\u00eas;<\/li>\n<li style=\"text-align: left;\">Em m\u00e9dia 19-20cm (agulha 2,25mm);<\/li>\n<li style=\"text-align: left;\">N\u00edvel de dificuldade: intermedi\u00e1rio e\/ou avan\u00e7ado;<\/li>\n<li style=\"text-align: left;\">Receitas com v\u00eddeos de apoio e centenas de fotos.<\/li>\n<\/ul>\n<p style=\"text-align: center;\">____________________________________________________<\/p>\n<p style=\"text-align: center;\"><strong>These products aren\u2019t dolls, but inspired amigurumi patterns to make them!<\/strong><\/p>\n<p style=\"text-align: center;\">HODT pattern bundle: <strong>Rhaenyra, Daemon and Daenerys Targaryen, Alicent Hightower and Corlys Velaryon<\/strong> inspired amigurumi patterns. You must <a href=\"https:\/\/bosquegurumi.com\/index.php\/minha-conta\/\">log in<\/a> to buy the PDFs and download them.<\/p>\n<p style=\"text-align: center;\"><span style=\"text-decoration: underline;\"><a href=\"https:\/\/bosquegurumi.com\/index.php\/produto-tag\/a-knight-of-the-seven-kingdoms\/\" target=\"_blank\" rel=\"noopener\">Dunk and Egg patterns<\/a><\/span><\/p>\n<ul>\n<li>The patterns language is English;<\/li>\n<li>PDFs contain detailed instructions to make the amigurumis;<\/li>\n<li>Video tutorials and dozens of pictures to facilitate your work!<\/li>\n<li>List of materials and stitches used;<\/li>\n<li>Approximately 19cm (2.25mm crochet hook);<\/li>\n<li>Patterns level: intermediate or advanced.<\/li>\n<\/ul>\n<p>If you have doubts, you can <a href=\"https:\/\/bosquegurumi.com\/index.php\/contactus\/\">contact me<\/a>.<\/p>\n<p><strong>The patterns are for personal use only, which means it\u2019s forbidden to share or to sell the PDFs.<\/strong><\/p>\n<p><strong>The files will be available to download after the payment. Access MY ACCOUNT (Minha Conta) &gt;&gt; DOWNLOADS to download them.<\/strong><\/p>\n","protected":false},"excerpt":{"rendered":"<p>E-book de receitas para confec\u00e7\u00e3o dos amigurumis fanart de <strong>Rhaenyra, Daenerys e Daemon Targaryen, Alicent Hightower e Corlys Velaryon<\/strong>, de Game of Thrones\/A Casa do Drag\u00e3o.<\/p>\n<p style=\"text-align: center;\">= = = = = = = = = = = = = = = = = =<\/p>\n<p>HOTD pattern bundle includes 5 PDF files: <strong>Rhaenyra, Daenerys and Daemon Targaryen, Alicent Hightower and Corlys Velaryon<\/strong>.<\/p>\n<ul>\n<li>Patterns in English;<\/li>\n<li>Size: about 19cm (2.25 crochet hook);<\/li>\n<li>Difficulty level: intermediate or advanced level.<\/li>\n<\/ul>\n<p><strong><br \/>\nInternational purchases: payment via PayPal<\/strong><\/p>\n<p><em><strong>You must <a href=\"https:\/\/bosquegurumi.com\/index.php\/minha-conta\/\">log in<\/a> to buy the PDFs and download them<\/strong>. Access MY ACCOUNT (Minha Conta) &gt;&gt; DOWNLOADS to download them.<\/em><\/p>\n<div id=\"malwarebytes-root\"><em>Note: The price is in Brazilian real (BRA). The currency is converted by PayPal to your local currency during the checkout.\u00a0<\/em><\/div>\n<div>.<\/div>\n","protected":false},"featured_media":4203,"template":"","meta":{"om_disable_all_campaigns":false,"_monsterinsights_skip_tracking":false,"_monsterinsights_sitenote_active":false,"_monsterinsights_sitenote_note":"","_monsterinsights_sitenote_category":0},"product_brand":[],"product_cat":[40,24,42],"product_tag":[83,166,84,81,80,82],"class_list":{"0":"post-4192","1":"product","2":"type-product","3":"status-publish","4":"has-post-thumbnail","6":"product_cat-patterns","7":"product_cat-receitas","8":"product_cat-filmes-serie","9":"product_tag-a-casa-do-dragao","10":"product_tag-asoiaf","11":"product_tag-game-of-thrones","12":"product_tag-house-of-the-dragon","13":"product_tag-serie-de-tv","14":"product_tag-targaryen","16":"first","17":"instock","18":"taxable","19":"shipping-taxable","20":"purchasable","21":"product-type-variable"},"aioseo_notices":[],"_links":{"self":[{"href":"https:\/\/bosquegurumi.com\/index.php\/wp-json\/wp\/v2\/product\/4192","targetHints":{"allow":["GET"]}}],"collection":[{"href":"https:\/\/bosquegurumi.com\/index.php\/wp-json\/wp\/v2\/product"}],"about":[{"href":"https:\/\/bosquegurumi.com\/index.php\/wp-json\/wp\/v2\/types\/product"}],"wp:featuredmedia":[{"embeddable":true,"href":"https:\/\/bosquegurumi.com\/index.php\/wp-json\/wp\/v2\/media\/4203"}],"wp:attachment":[{"href":"https:\/\/bosquegurumi.com\/index.php\/wp-json\/wp\/v2\/media?parent=4192"}],"wp:term":[{"taxonomy":"product_brand","embeddable":true,"href":"https:\/\/bosquegurumi.com\/index.php\/wp-json\/wp\/v2\/product_brand?post=4192"},{"taxonomy":"product_cat","embeddable":true,"href":"https:\/\/bosquegurumi.com\/index.php\/wp-json\/wp\/v2\/product_cat?post=4192"},{"taxonomy":"product_tag","embeddable":true,"href":"https:\/\/bosquegurumi.com\/index.php\/wp-json\/wp\/v2\/product_tag?post=4192"}],"curies":[{"name":"wp","href":"https:\/\/api.w.org\/{rel}","templated":true}]}}