{"id":4154,"date":"2022-11-15T10:32:16","date_gmt":"2022-11-15T13:32:16","guid":{"rendered":"https:\/\/bosquegurumi.com\/?post_type=product&#038;p=4154"},"modified":"2022-12-01T08:31:54","modified_gmt":"2022-12-01T11:31:54","slug":"daenerys-targaryen-amigurumi","status":"publish","type":"product","link":"https:\/\/bosquegurumi.com\/index.php\/produto\/daenerys-targaryen-amigurumi\/","title":{"rendered":"Daenerys Targaryen [PT\/ENG] receita amigurumi \u2022 pattern"},"content":{"rendered":"<p style=\"text-align: center;\"><strong>Este produto n\u00e3o se trata das pe\u00e7as prontas, mas do arquivo em PDF para produzi-las!<\/strong><\/p>\n<p>Receita para confec\u00e7\u00e3o do amigurumi fanart de <strong>Daenerys Targaryen<\/strong> e\/ou Rhaenyra Targaryen, de Game of Thrones \/ A Casa do Drag\u00e3o.\u00a0A cole\u00e7\u00e3o completa da s\u00e9rie est\u00e1 dispon\u00edvel no e-book, que re\u00fane 5 padr\u00f5es.<\/p>\n<ul>\n<li>Padr\u00f5es em portugu\u00eas;<\/li>\n<li>Em m\u00e9dia 19cm (agulha 2,25mm);<\/li>\n<li>Op\u00e7\u00e3o de olhos de croch\u00ea ou trava;<\/li>\n<li>N\u00edvel de dificuldade: intermedi\u00e1rio-avan\u00e7ado;<\/li>\n<li>Receitas com v\u00eddeos de apoio e dezenas de fotos.<\/li>\n<\/ul>\n<p style=\"text-align: center;\">______________________________________________<\/p>\n<p style=\"text-align: center;\"><strong>These products aren\u2019t dolls, but inspired amigurumi patterns to make the dolls!<\/strong><\/p>\n<p style=\"text-align: center;\">Rhaenyra Targaryen and Daenerys Targaryen inspired amigurumi patterns from Game of Thrones\/House of the Dragon. You must <a href=\"https:\/\/bosquegurumi.com\/index.php\/minha-conta\/\">log in<\/a> to buy the PDFs and download them.<\/p>\n<ul>\n<li>The patterns language is English;<\/li>\n<li>PDFs contains detailed instructions to make the amigurumis;<\/li>\n<li>More than 30 pages (each pattern) and dozens of pictures to facilitate your work!<\/li>\n<li>List of materials and stitches used;<\/li>\n<li>Approximately 19cm (2.25mm crochet hook);<\/li>\n<li>Patterns level: intermediate-advanced.<\/li>\n<\/ul>\n<p>If you have doubts, you can <a href=\"https:\/\/bosquegurumi.com\/index.php\/contactus\/\">contact me<\/a>.<\/p>\n<p><strong>The patterns are for personal use only, which means it\u2019s forbidden to share or to sell the PDFs.<\/strong><\/p>\n<p><strong>The files will be available for download after the payment. Access MY ACCOUNT (Minha Conta) &gt;&gt; DOWNLOADS to download them.<\/strong><\/p>\n","protected":false},"excerpt":{"rendered":"<p>Receita para confec\u00e7\u00e3o do amigurumi fanart de <strong>Daenerys Targaryen<\/strong>, de Game of Thrones. Padr\u00e3o dispon\u00edvel de forma individual ou em dupla, com op\u00e7\u00e3o de combina\u00e7\u00e3o com a receita de Rhaenyra Targaryen.<\/p>\n<p style=\"text-align: center;\">= = = = = = = =\u00a0 = = = =<\/p>\n<p>Rhaenyra and Daenerys Targaryen amigurumi patterns from House of the Dragon\/Game of Thrones.<\/p>\n<ul>\n<li>Patterns in English;<\/li>\n<li>Size: about 19cm (2.25 crochet hook);<\/li>\n<li>Crochet eyes or safety eyes;<\/li>\n<li>Difficulty level: intermediate level;<\/li>\n<li>About 30 pages (each pattern) and dozens of pictures.<\/li>\n<\/ul>\n<p>&nbsp;<\/p>\n<p><strong>International purchases: payment via PayPal<\/strong><\/p>\n<p><em><strong>You must <a href=\"https:\/\/bosquegurumi.com\/index.php\/minha-conta\/\">log in<\/a> to buy the PDF and download it<\/strong>. Access MY ACCOUNT (Minha Conta) &gt;&gt; DOWNLOADS to download it.<\/em><\/p>\n<p>&nbsp;<\/p>\n<div id=\"malwarebytes-root\"><\/div>\n","protected":false},"featured_media":3716,"template":"","meta":{"om_disable_all_campaigns":false,"_monsterinsights_skip_tracking":false,"_monsterinsights_sitenote_active":false,"_monsterinsights_sitenote_note":"","_monsterinsights_sitenote_category":0},"product_brand":[],"product_cat":[40,24,42],"product_tag":[83,84,81,80,82],"class_list":{"0":"post-4154","1":"product","2":"type-product","3":"status-publish","4":"has-post-thumbnail","6":"product_cat-patterns","7":"product_cat-receitas","8":"product_cat-filmes-serie","9":"product_tag-a-casa-do-dragao","10":"product_tag-game-of-thrones","11":"product_tag-house-of-the-dragon","12":"product_tag-serie-de-tv","13":"product_tag-targaryen","15":"first","16":"instock","17":"taxable","18":"shipping-taxable","19":"purchasable","20":"product-type-variable","21":"has-default-attributes"},"aioseo_notices":[],"_links":{"self":[{"href":"https:\/\/bosquegurumi.com\/index.php\/wp-json\/wp\/v2\/product\/4154","targetHints":{"allow":["GET"]}}],"collection":[{"href":"https:\/\/bosquegurumi.com\/index.php\/wp-json\/wp\/v2\/product"}],"about":[{"href":"https:\/\/bosquegurumi.com\/index.php\/wp-json\/wp\/v2\/types\/product"}],"wp:featuredmedia":[{"embeddable":true,"href":"https:\/\/bosquegurumi.com\/index.php\/wp-json\/wp\/v2\/media\/3716"}],"wp:attachment":[{"href":"https:\/\/bosquegurumi.com\/index.php\/wp-json\/wp\/v2\/media?parent=4154"}],"wp:term":[{"taxonomy":"product_brand","embeddable":true,"href":"https:\/\/bosquegurumi.com\/index.php\/wp-json\/wp\/v2\/product_brand?post=4154"},{"taxonomy":"product_cat","embeddable":true,"href":"https:\/\/bosquegurumi.com\/index.php\/wp-json\/wp\/v2\/product_cat?post=4154"},{"taxonomy":"product_tag","embeddable":true,"href":"https:\/\/bosquegurumi.com\/index.php\/wp-json\/wp\/v2\/product_tag?post=4154"}],"curies":[{"name":"wp","href":"https:\/\/api.w.org\/{rel}","templated":true}]}}