{"id":3614,"date":"2022-11-15T14:36:47","date_gmt":"2022-11-15T17:36:47","guid":{"rendered":"https:\/\/bosquegurumi.com\/?post_type=product&#038;p=3614"},"modified":"2025-01-08T14:36:05","modified_gmt":"2025-01-08T17:36:05","slug":"rhaenyra-targaryen-amigurumi","status":"publish","type":"product","link":"https:\/\/bosquegurumi.com\/index.php\/produto\/rhaenyra-targaryen-amigurumi\/","title":{"rendered":"Rhaenyra Targaryen [PT\/ENG] receita de amigurumi \u2022 amigurumi pattern"},"content":{"rendered":"<p style=\"text-align: center;\"><strong>Este produto n\u00e3o \u00e9 a boneca pronta, mas um arquivo em PDF que instrui sobre a confec\u00e7\u00e3o do amigurumi!<\/strong><\/p>\n<p style=\"text-align: left;\">Receita para confec\u00e7\u00e3o do amigurumi fanart de <strong>Rhaenyra Targaryen<\/strong>, de House of the Dragon \/ A Casa do Drag\u00e3o. Padr\u00e3o dispon\u00edvel de forma individual ou em dupla, com op\u00e7\u00f5es de combina\u00e7\u00e3o com receitas de <strong>Daemon Targaryen e\/ou Alicent Hightower<\/strong>.<\/p>\n<p style=\"text-align: left;\"><strong>A cole\u00e7\u00e3o completa da s\u00e9rie est\u00e1 dispon\u00edvel no e-book, que re\u00fane 5 padr\u00f5es.<\/strong><\/p>\n<ul>\n<li style=\"text-align: left;\">Padr\u00f5es em portugu\u00eas;<\/li>\n<li style=\"text-align: left;\">Em m\u00e9dia 19cm (agulha 2,25mm);<\/li>\n<li style=\"text-align: left;\">Op\u00e7\u00e3o de olhos de croch\u00ea ou trava;<\/li>\n<li style=\"text-align: left;\">N\u00edvel de dificuldade: intermedi\u00e1rio-avan\u00e7ado;<\/li>\n<li style=\"text-align: left;\">Receitas com v\u00eddeos de apoio e dezenas de fotos.<\/li>\n<\/ul>\n<p style=\"text-align: center;\">____________________________________________________<\/p>\n<p style=\"text-align: center;\"><strong>These products aren\u2019t dolls, but inspired amigurumi patterns to make the dolls!<\/strong><\/p>\n<p style=\"text-align: center;\"><strong>Rhaenyra Targaryen<\/strong> inspired amigurumi pattern from House of the Dragon.<br \/>\nYou must log in to buy the PDF and download it.<\/p>\n<ul>\n<li>The pattern language is English;<\/li>\n<li>PDF contains detailed instructions to make the amigurumi(s);<\/li>\n<li>More than 30 pages (each pattern) and dozens of pictures to facilitate your work!<\/li>\n<li>List of materials and stitches used;<\/li>\n<li>Approximately 19cm (2.25mm crochet hook);<\/li>\n<li>Pattern(s) level: intermediate-advanced.<\/li>\n<\/ul>\n<p>If you have doubts, you can <a href=\"https:\/\/bosquegurumi.com\/index.php\/contactus\/\">contact me<\/a>.<\/p>\n<p><strong>The patterns are for personal use only, which means it\u2019s forbidden to share or to sell the PDFs.<\/strong><\/p>\n<p><strong>The file(s) will be available to download after the payment. Access MY ACCOUNT (Minha Conta) &gt;&gt; DOWNLOADS to download them.<\/strong><\/p>\n","protected":false},"excerpt":{"rendered":"<p>Receita para confec\u00e7\u00e3o do amigurumi fanart de <strong>Rhaenyra Targaryen<\/strong>, de A Casa do Drag\u00e3o.<\/p>\n<p>Padr\u00e3o dispon\u00edvel de forma <strong>individual ou em dupla<\/strong>, com op\u00e7\u00f5es de combina\u00e7\u00e3o com receitas de <strong>Daemon Targaryen e\/ou Alicent Hightower<\/strong>.<\/p>\n<p>A cole\u00e7\u00e3o completa da s\u00e9rie est\u00e1 dispon\u00edvel no e-book, que re\u00fane 5 padr\u00f5es.<\/p>\n<p style=\"text-align: center;\">= = = = = = = = = = = = = = = = = =<\/p>\n<p><strong>Rhaenyra Targaryen<\/strong> amigurumi pattern from House of the Dragon.<\/p>\n<p>Pattern available individually or in a set of two (Rhaenyra + Daemon or Rhaenyra + Alicent). Besides, HOTD pattern bundle (5 patterns) is also available!<\/p>\n<ul>\n<li>Pattern in English;<\/li>\n<li>Size: about 19cm (2.25 crochet hook);<\/li>\n<li>Crochet eyes or safety eyes;<\/li>\n<li>Difficulty level: intermediate level;<\/li>\n<li>About 30 pages and dozens of pictures.<\/li>\n<\/ul>\n<p>&nbsp;<\/p>\n<p><strong>International purchases: payment via PayPal<\/strong><\/p>\n<p><em><strong>You must <a href=\"https:\/\/bosquegurumi.com\/index.php\/minha-conta\/\">log in<\/a> to buy the PDF and download it<\/strong>. Access MY ACCOUNT (Minha Conta) &gt;&gt; DOWNLOADS to download it.<\/em><\/p>\n<div id=\"malwarebytes-root\"><\/div>\n<div>.<\/div>\n","protected":false},"featured_media":3625,"template":"","meta":{"om_disable_all_campaigns":false,"_monsterinsights_skip_tracking":false,"_monsterinsights_sitenote_active":false,"_monsterinsights_sitenote_note":"","_monsterinsights_sitenote_category":0},"product_brand":[],"product_cat":[40,24,42],"product_tag":[83,84,81,80,82],"class_list":{"0":"post-3614","1":"product","2":"type-product","3":"status-publish","4":"has-post-thumbnail","6":"product_cat-patterns","7":"product_cat-receitas","8":"product_cat-filmes-serie","9":"product_tag-a-casa-do-dragao","10":"product_tag-game-of-thrones","11":"product_tag-house-of-the-dragon","12":"product_tag-serie-de-tv","13":"product_tag-targaryen","15":"first","16":"instock","17":"taxable","18":"shipping-taxable","19":"purchasable","20":"product-type-variable","21":"has-default-attributes"},"aioseo_notices":[],"_links":{"self":[{"href":"https:\/\/bosquegurumi.com\/index.php\/wp-json\/wp\/v2\/product\/3614","targetHints":{"allow":["GET"]}}],"collection":[{"href":"https:\/\/bosquegurumi.com\/index.php\/wp-json\/wp\/v2\/product"}],"about":[{"href":"https:\/\/bosquegurumi.com\/index.php\/wp-json\/wp\/v2\/types\/product"}],"wp:featuredmedia":[{"embeddable":true,"href":"https:\/\/bosquegurumi.com\/index.php\/wp-json\/wp\/v2\/media\/3625"}],"wp:attachment":[{"href":"https:\/\/bosquegurumi.com\/index.php\/wp-json\/wp\/v2\/media?parent=3614"}],"wp:term":[{"taxonomy":"product_brand","embeddable":true,"href":"https:\/\/bosquegurumi.com\/index.php\/wp-json\/wp\/v2\/product_brand?post=3614"},{"taxonomy":"product_cat","embeddable":true,"href":"https:\/\/bosquegurumi.com\/index.php\/wp-json\/wp\/v2\/product_cat?post=3614"},{"taxonomy":"product_tag","embeddable":true,"href":"https:\/\/bosquegurumi.com\/index.php\/wp-json\/wp\/v2\/product_tag?post=3614"}],"curies":[{"name":"wp","href":"https:\/\/api.w.org\/{rel}","templated":true}]}}