{"id":3563,"date":"2022-08-29T15:11:59","date_gmt":"2022-08-29T18:11:59","guid":{"rendered":"https:\/\/bosquegurumi.com\/?post_type=product&#038;p=3563"},"modified":"2022-08-29T15:34:19","modified_gmt":"2022-08-29T18:34:19","slug":"sr-quimera-amigurumi-spyxfamily","status":"publish","type":"product","link":"https:\/\/bosquegurumi.com\/index.php\/produto\/sr-quimera-amigurumi-spyxfamily\/","title":{"rendered":"Sr. Quimera \/ Mr. Chimera (Spy x Family) PT\/EN\/ESP &#8211; amigurumi pattern \/ receita"},"content":{"rendered":"<p style=\"text-align: center;\"><strong>Esta \u00e9 uma receita FANART.<\/strong><br \/>\n<strong>Arquivo digital para confec\u00e7\u00e3o da pe\u00e7a e n\u00e3o o amigurumi pronto!<\/strong><\/p>\n<p>O arquivo traz o passo a passo para a confec\u00e7\u00e3o do amigurumi fanart do sr. Quimera, a pel\u00facia favorita da Anya em Spy x Family.\u00a0S\u00e3o <strong>20 p\u00e1ginas, dezenas de fotos e v\u00eddeos de apoio<\/strong> que facilitam a execu\u00e7\u00e3o do trabalho. Al\u00e9m disso, o padr\u00e3o:<\/p>\n<ul>\n<li>Apresenta n\u00edvel de dificuldade <strong>f\u00e1cil-intermedi\u00e1rio<\/strong><\/li>\n<li>T\u00eam em m\u00e9dia de<strong> 20cm<\/strong>, dependendo dos fios e da agulha<\/li>\n<li>Traz <strong>informa\u00e7\u00f5es t\u00e9cnicas<\/strong> (materiais, abrevia\u00e7\u00f5es, etc)<\/li>\n<li>E <strong>passo a passo detalhado<\/strong> para confec\u00e7\u00e3o do amigurumi!<\/li>\n<\/ul>\n<p>Suporte dispon\u00edvel!<\/p>\n<p><strong>O arquivo digital ficar\u00e1 dispon\u00edvel para download na sua conta do <\/strong><strong>site, na se\u00e7\u00e3o Minha Conta =&gt; Downloads ap\u00f3s a confirma\u00e7\u00e3o do pagamento.<\/strong><\/p>\n<p><strong>Padr\u00e3o de uso pessoal, individual e intransfer\u00edvel. Venda e\/ou compartilhamento s\u00e3o proibidos, seja <\/strong><strong>por meios f\u00edsicos ou digitais, de acordo com a lei de direitos autorais N\u00ba 9.610\/98. Ao realizar a <\/strong><strong>compra voc\u00ea concorda as referidas condi\u00e7\u00f5es de n\u00e3o compartilhamento.<\/strong><\/p>\n<hr \/>\n<p style=\"text-align: center;\"><strong>This product isn\u2019t a doll, but an amigurumi pattern to make one!<\/strong><\/p>\n<p style=\"text-align: center;\"><strong>Mr. Chimera<\/strong> is Anya&#8217;s plush doll in Spy x Family anime\/manga.<br \/>\nThe pattern is available in <strong>English and Spanish<\/strong>.<\/p>\n<ul>\n<li>20 pages and many, many pictures;<\/li>\n<li>The PDF contains detailed instructions to make the amigurumi;<\/li>\n<li>List of materials and stitches used;<\/li>\n<li>Approximately 20cm (hook size 3);<\/li>\n<li>Pattern level: easy-intermediate.<\/li>\n<\/ul>\n<p>If you have doubts, you can contact me through different channels. Don&#8217;t hesitate to DM me on instagram (@bosquegurumi) or email to contato@bosquegurumi.com .<\/p>\n<p><strong>Attention! You must <a href=\"https:\/\/bosquegurumi.com\/index.php\/minha-conta\/\">log in<\/a> to buy the PDF and download it. If you don&#8217;t have an account, <a href=\"https:\/\/bosquegurumi.com\/index.php\/minha-conta\/\">click here to create one<\/a>. Then, access MY ACCOUNT (Minha conta) &gt;&gt; DOWNLOADS to download the digital file.<\/strong><\/p>\n<p><strong>The pattern is for personal use only. DO NOT duplicate, share, sell or distribute the PDF by any means. However, you may sell the finished product in SMALL mass but please credit Bosquegurumi as the amigurumi pattern designer. I&#8217;m thankful for your support and understanding!<\/strong><\/p>\n<p>&nbsp;<\/p>\n<div id=\"malwarebytes-root\"><\/div>\n<div id=\"malwarebytes-root\"><\/div>\n<div id=\"malwarebytes-root\"><\/div>\n","protected":false},"excerpt":{"rendered":"<p>Padr\u00e3o digital para confec\u00e7\u00e3o do amigurumi fanart do sr. Quimera, a pel\u00facia favorita da Anya em Spy x Family!<\/p>\n<p>&nbsp;<\/p>\n<ul>\n<li><strong>PDF com 20 p\u00e1ginas<\/strong><\/li>\n<li><strong>Dezenas de fotos<\/strong><\/li>\n<li><strong>V\u00eddeo de apoio<\/strong><\/li>\n<li><strong>Idioma portugu\u00eas<\/strong><\/li>\n<li><strong>N\u00edvel de dificuldade: f\u00e1cil-intermedi\u00e1rio<\/strong><\/li>\n<li><strong>Cerca de 20cm, dependendo dos fios e da agulha<\/strong><\/li>\n<\/ul>\n<div>\n<p style=\"text-align: center;\">&#8211; &#8211; &#8211; &#8211; &#8211; &#8211; &#8211; &#8211; &#8211; &#8211; &#8211; &#8211; &#8211; &#8211; &#8211; &#8211; &#8211; &#8211; &#8211; &#8211; &#8211; &#8211; &#8211; &#8211;<\/p>\n<p><em>[ English description below ]<\/em><\/p>\n<p><strong>International purchases: payment via PayPal<\/strong><\/p>\n<p><strong>You must <a href=\"https:\/\/bosquegurumi.com\/index.php\/minha-conta\/\">log in<\/a> to buy the PDF and download it<\/strong>. If you don&#8217;t have an account, <a href=\"https:\/\/bosquegurumi.com\/index.php\/minha-conta\/\">create one<\/a>. Then, the file will be available after payment.<\/p>\n<p><em>Access MY ACCOUNT (Minha Conta) &gt;&gt; DOWNLOADS to download the PDF.<\/em><\/p>\n<p>&nbsp;<\/p>\n<\/div>\n","protected":false},"featured_media":3542,"template":"","meta":{"om_disable_all_campaigns":false,"_monsterinsights_skip_tracking":false,"_monsterinsights_sitenote_active":false,"_monsterinsights_sitenote_note":"","_monsterinsights_sitenote_category":0},"product_brand":[],"product_cat":[40,24,53],"product_tag":[48,58,59,60,74],"class_list":{"0":"post-3563","1":"product","2":"type-product","3":"status-publish","4":"has-post-thumbnail","6":"product_cat-patterns","7":"product_cat-receitas","8":"product_cat-otaku","9":"product_tag-animais","10":"product_tag-anime","11":"product_tag-manga","12":"product_tag-otaku","13":"product_tag-spy-x-family","15":"first","16":"instock","17":"taxable","18":"shipping-taxable","19":"purchasable","20":"product-type-variable"},"aioseo_notices":[],"_links":{"self":[{"href":"https:\/\/bosquegurumi.com\/index.php\/wp-json\/wp\/v2\/product\/3563","targetHints":{"allow":["GET"]}}],"collection":[{"href":"https:\/\/bosquegurumi.com\/index.php\/wp-json\/wp\/v2\/product"}],"about":[{"href":"https:\/\/bosquegurumi.com\/index.php\/wp-json\/wp\/v2\/types\/product"}],"wp:featuredmedia":[{"embeddable":true,"href":"https:\/\/bosquegurumi.com\/index.php\/wp-json\/wp\/v2\/media\/3542"}],"wp:attachment":[{"href":"https:\/\/bosquegurumi.com\/index.php\/wp-json\/wp\/v2\/media?parent=3563"}],"wp:term":[{"taxonomy":"product_brand","embeddable":true,"href":"https:\/\/bosquegurumi.com\/index.php\/wp-json\/wp\/v2\/product_brand?post=3563"},{"taxonomy":"product_cat","embeddable":true,"href":"https:\/\/bosquegurumi.com\/index.php\/wp-json\/wp\/v2\/product_cat?post=3563"},{"taxonomy":"product_tag","embeddable":true,"href":"https:\/\/bosquegurumi.com\/index.php\/wp-json\/wp\/v2\/product_tag?post=3563"}],"curies":[{"name":"wp","href":"https:\/\/api.w.org\/{rel}","templated":true}]}}