{"id":3555,"date":"2022-08-29T14:37:15","date_gmt":"2022-08-29T17:37:15","guid":{"rendered":"https:\/\/bosquegurumi.com\/?post_type=product&#038;p=3555"},"modified":"2025-02-07T12:54:41","modified_gmt":"2025-02-07T15:54:41","slug":"uraraka-amigurumi-pattern","status":"publish","type":"product","link":"https:\/\/bosquegurumi.com\/index.php\/produto\/uraraka-amigurumi-pattern\/","title":{"rendered":"Ochako Uraraka: My Hero Academia #minigurumi [PT\/EN\/ESP]"},"content":{"rendered":"<p style=\"text-align: center;\"><strong>Esta \u00e9 uma receita FANART.<\/strong><br \/>\n<strong>Arquivo digital para confec\u00e7\u00e3o da pe\u00e7a e n\u00e3o o amigurumi pronto!<\/strong><\/p>\n<p>O PDF traz a receita para a confec\u00e7\u00e3o do amigurumi fanart de Ochako Uraraka, personagem do anime\/mang\u00e1 My Hero Academia. O arquivo tem quase <strong>20 p\u00e1ginas e dezenas de fotos<\/strong> que facilitam a execu\u00e7\u00e3o do trabalho. Al\u00e9m disso, o padr\u00e3o:<\/p>\n<ul>\n<li>Apresenta n\u00edvel de dificuldade f\u00e1cil-intermedi\u00e1rio<\/li>\n<li>Tem em m\u00e9dia de 11cm, dependendo dos fios e da agulha<\/li>\n<li>Traz informa\u00e7\u00f5es t\u00e9cnicas (materiais, abrevia\u00e7\u00f5es, etc)<\/li>\n<li>E passo a passo detalhado para confec\u00e7\u00e3o do amigurumi!<\/li>\n<\/ul>\n<p>Suporte dispon\u00edvel!<\/p>\n<p><strong>Ap\u00f3s a confirma\u00e7\u00e3o do pagamento, o arquivo digital ficar\u00e1 dispon\u00edvel para download na sua conta do <\/strong><strong>site na se\u00e7\u00e3o Minha Conta =&gt; Downloads.<\/strong><\/p>\n<p><strong>Padr\u00e3o de uso pessoal, individual e intransfer\u00edvel. Venda e\/ou compartilhamento s\u00e3o proibidos, seja <\/strong><strong>por meios f\u00edsicos ou digitais, de acordo com a lei de direitos autorais N\u00ba 9.610\/98. Ao realizar a <\/strong><strong>compra voc\u00ea concorda as referidas condi\u00e7\u00f5es de n\u00e3o compartilhamento.<\/strong><\/p>\n<hr \/>\n<p style=\"text-align: center;\"><strong>This product isn\u2019t a doll, but an amigurumi pattern to make one!<\/strong><\/p>\n<p style=\"text-align: center;\">Ochako Uraraka inspired amigurumi from \u201cMy Hero Academia\u201d anime\/manga. Minigurumi version!<br \/>\nThe pattern is available in English and Spanish.<\/p>\n<ul>\n<li>PDF contains detailed instructions to make the amigurumi;<\/li>\n<li>More than 50 photos to facilitate your work!<\/li>\n<li>List of materials and stitches used;<\/li>\n<li>Approximately 11cm (hook size 2.5);<\/li>\n<li>Patterns level: easy-intermediate.<\/li>\n<\/ul>\n<p>If you have doubts, you can contact the seller through different channels.<\/p>\n<p><strong>The pattern is for personal use only, which means it\u2019s forbidden to share or to sell the PDF.<\/strong><\/p>\n<p><strong>The file will be available for download after the payment. Access MY ACCOUNT (Minha Conta) &gt;&gt; DOWNLOADS to download it.<\/strong><\/p>\n","protected":false},"excerpt":{"rendered":"<p>Padr\u00e3o digital para confec\u00e7\u00e3o do amigurumi fanart da personagem <strong>Ochako Uraraka<\/strong>, do anime\/mang\u00e1 My Hero Academia, vers\u00e3o #minigurumi.<\/p>\n<p>O arquivo digital tem quase <strong>20 p\u00e1ginas e dezenas de fotos<\/strong> que facilitam a execu\u00e7\u00e3o do trabalho, al\u00e9m de passo a passo detalhado para a confec\u00e7\u00e3o do amigurumi.<\/p>\n<p>J\u00e1 o amigurumi apresenta <strong>n\u00edvel de dificuldade f\u00e1cil-intermedi\u00e1rio e tem em m\u00e9dia 11cm<\/strong>, dependendo dos fios e da agulha.<\/p>\n<p style=\"text-align: center;\">&#8211; &#8211; &#8211; &#8211; &#8211; &#8211; &#8211; &#8211; &#8211; &#8211; &#8211; &#8211; &#8211; &#8211; &#8211; &#8211; &#8211; &#8211; &#8211; &#8211; &#8211; &#8211; &#8211; &#8211;<\/p>\n<p><em>[ English description below ]<\/em><\/p>\n<p><strong>International purchases: payment via PayPal<\/strong><\/p>\n<p><strong>You must <a href=\"https:\/\/bosquegurumi.com\/index.php\/minha-conta\/\">log in<\/a> to buy the PDF and download it<\/strong>. If you don&#8217;t have an account, <a href=\"https:\/\/bosquegurumi.com\/index.php\/minha-conta\/\">create one<\/a>. Then, the digital file will be available to download after the payment.<\/p>\n<p><em>Access MY ACCOUNT (Minha Conta) &gt;&gt; DOWNLOADS to download the PDF.<\/em><\/p>\n<p>&nbsp;<\/p>\n<p>&nbsp;<\/p>\n","protected":false},"featured_media":3546,"template":"","meta":{"om_disable_all_campaigns":false,"_monsterinsights_skip_tracking":false,"_monsterinsights_sitenote_active":false,"_monsterinsights_sitenote_note":"","_monsterinsights_sitenote_category":0},"product_brand":[],"product_cat":[40,79,24,53,46],"product_tag":[58,59,72,70,60],"class_list":{"0":"post-3555","1":"product","2":"type-product","3":"status-publish","4":"has-post-thumbnail","6":"product_cat-patterns","7":"product_cat-minigurumi","8":"product_cat-receitas","9":"product_cat-otaku","10":"product_cat-herois-viloes","11":"product_tag-anime","12":"product_tag-manga","13":"product_tag-minigurumi","14":"product_tag-my-hero-academia","15":"product_tag-otaku","17":"first","18":"instock","19":"taxable","20":"shipping-taxable","21":"purchasable","22":"product-type-variable"},"aioseo_notices":[],"_links":{"self":[{"href":"https:\/\/bosquegurumi.com\/index.php\/wp-json\/wp\/v2\/product\/3555","targetHints":{"allow":["GET"]}}],"collection":[{"href":"https:\/\/bosquegurumi.com\/index.php\/wp-json\/wp\/v2\/product"}],"about":[{"href":"https:\/\/bosquegurumi.com\/index.php\/wp-json\/wp\/v2\/types\/product"}],"wp:featuredmedia":[{"embeddable":true,"href":"https:\/\/bosquegurumi.com\/index.php\/wp-json\/wp\/v2\/media\/3546"}],"wp:attachment":[{"href":"https:\/\/bosquegurumi.com\/index.php\/wp-json\/wp\/v2\/media?parent=3555"}],"wp:term":[{"taxonomy":"product_brand","embeddable":true,"href":"https:\/\/bosquegurumi.com\/index.php\/wp-json\/wp\/v2\/product_brand?post=3555"},{"taxonomy":"product_cat","embeddable":true,"href":"https:\/\/bosquegurumi.com\/index.php\/wp-json\/wp\/v2\/product_cat?post=3555"},{"taxonomy":"product_tag","embeddable":true,"href":"https:\/\/bosquegurumi.com\/index.php\/wp-json\/wp\/v2\/product_tag?post=3555"}],"curies":[{"name":"wp","href":"https:\/\/api.w.org\/{rel}","templated":true}]}}