{"id":3369,"date":"2022-08-08T12:53:04","date_gmt":"2022-08-08T15:53:04","guid":{"rendered":"https:\/\/bosquegurumi.com\/?post_type=product&#038;p=3369"},"modified":"2022-08-17T09:52:59","modified_gmt":"2022-08-17T12:52:59","slug":"midoriya-amigurumi","status":"publish","type":"product","link":"https:\/\/bosquegurumi.com\/index.php\/produto\/midoriya-amigurumi\/","title":{"rendered":"Izuku Midoriya &#8211; My Hero Academia [PT\/EN\/ES]"},"content":{"rendered":"<p style=\"text-align: center;\"><strong>Estas \u00e9 uma receita FANART.<\/strong><br \/>\n<strong>Arquivo digital (PDF) para confec\u00e7\u00e3o da pe\u00e7a e n\u00e3o o amigurumi pronto!<\/strong><\/p>\n<p>O PDF traz a receita para a confec\u00e7\u00e3o do amigurumi fanart do Izuku Midoriya, inspirado no anime\/mang\u00e1 My Hero Academia. O arquivo tem cerca de <strong>30 p\u00e1ginas e dezenas de fotos<\/strong> que facilitam a execu\u00e7\u00e3o do trabalho. Al\u00e9m disso, o padr\u00e3o:<\/p>\n<ul>\n<li>Apresenta n\u00edvel de dificuldade intermedi\u00e1rio-avan\u00e7ado<\/li>\n<li>Tem em m\u00e9dia de 19cm, dependendo dos fios e da agulha<\/li>\n<li>Traz informa\u00e7\u00f5es t\u00e9cnicas (materiais, abrevia\u00e7\u00f5es, etc)<\/li>\n<li>E passo a passo detalhado para confec\u00e7\u00e3o do amigurumi!<\/li>\n<\/ul>\n<p>Suporte dispon\u00edvel!<\/p>\n<p><strong>Ap\u00f3s a confirma\u00e7\u00e3o do pagamento, o arquivo digital ficar\u00e1 dispon\u00edvel para download na sua conta do <\/strong><strong>site na se\u00e7\u00e3o Minha Conta =&gt; Downloads.<\/strong><\/p>\n<p><strong>Padr\u00e3o de uso pessoal, individual e intransfer\u00edvel. Venda e\/ou compartilhamento s\u00e3o proibidos, seja <\/strong><strong>por meios f\u00edsicos ou digitais, de acordo com a lei de direitos autorais N\u00ba 9.610\/98. Ao realizar a <\/strong><strong>compra voc\u00ea concorda as referidas condi\u00e7\u00f5es de n\u00e3o compartilhamento.<\/strong><\/p>\n<hr \/>\n<p style=\"text-align: center;\"><strong>This product isn\u2019t a doll, but amigurumi pattern (PDF) to make one!<\/strong><\/p>\n<p style=\"text-align: center;\">Midoriya inspired amigurumi pattern from \u201cMy Hero Academia\u201d anime\/manga.<\/p>\n<ul>\n<li>The pattern language is English;<\/li>\n<li>PDF contains detailed instructions to make the amigurumi;<\/li>\n<li>More than 80 photos to facilitate your work!<\/li>\n<li>List of materials and stitches used;<\/li>\n<li>Approximately 19cm (hook size 2.5);<\/li>\n<li>Pattern level: intermediate-advanced.<\/li>\n<\/ul>\n<p>If you have doubts, you can contact the seller through different channels.<\/p>\n<p><strong>The pattern is for personal use only, which means it\u2019s forbidden to share or to sell the PDF.<\/strong><\/p>\n<p><strong>The file will be available for download after the payment. Access MY ACCOUNT (Minha Conta) &gt;&gt; DOWNLOADS to download it.<\/strong><\/p>\n","protected":false},"excerpt":{"rendered":"<p>Padr\u00e3o digital para confec\u00e7\u00e3o do amigurumi fanart do personagem <strong>Midoriya<\/strong>, do anime\/mang\u00e1 My Hero Academia.<\/p>\n<p>O arquivo digital tem cerca de<strong> 30 p\u00e1ginas e dezenas de fotos<\/strong> que facilitam a execu\u00e7\u00e3o do trabalho e passo a passo detalhado para confec\u00e7\u00e3o do amigurumi.<\/p>\n<p>J\u00e1 o amigurumi apresenta n\u00edvel de dificuldade f\u00e1cil-intermedi\u00e1rio e tem em m\u00e9dia 19cm, dependendo dos fios e da agulha.<\/p>\n<p style=\"text-align: center;\">&#8211; &#8211; &#8211; &#8211; &#8211; &#8211; &#8211; &#8211; &#8211; &#8211; &#8211; &#8211; &#8211; &#8211; &#8211; &#8211; &#8211; &#8211; &#8211; &#8211; &#8211; &#8211; &#8211; &#8211;<\/p>\n<p><em>[ English description below ]<\/em><\/p>\n<p>[EN] International purchases: payment via PayPal<\/p>\n<p>[ES] Para los pagos internacionales (fuera de Brasil) pagar a trav\u00e9s de PayPal.<\/p>\n<p><em>Access MY ACCOUNT (Minha Conta) &gt;&gt; DOWNLOADS to download the PDF.<\/em><\/p>\n<p>&nbsp;<\/p>\n<p>&nbsp;<\/p>\n<p>&nbsp;<\/p>\n","protected":false},"featured_media":3366,"template":"","meta":{"om_disable_all_campaigns":false,"_monsterinsights_skip_tracking":false,"_monsterinsights_sitenote_active":false,"_monsterinsights_sitenote_note":"","_monsterinsights_sitenote_category":0},"product_brand":[],"product_cat":[40,24,53,46],"product_tag":[58,78,59,70,60],"class_list":{"0":"post-3369","1":"product","2":"type-product","3":"status-publish","4":"has-post-thumbnail","6":"product_cat-patterns","7":"product_cat-receitas","8":"product_cat-otaku","9":"product_cat-herois-viloes","10":"product_tag-anime","11":"product_tag-bnha-grd","12":"product_tag-manga","13":"product_tag-my-hero-academia","14":"product_tag-otaku","16":"first","17":"instock","18":"taxable","19":"shipping-taxable","20":"purchasable","21":"product-type-variable"},"aioseo_notices":[],"_links":{"self":[{"href":"https:\/\/bosquegurumi.com\/index.php\/wp-json\/wp\/v2\/product\/3369","targetHints":{"allow":["GET"]}}],"collection":[{"href":"https:\/\/bosquegurumi.com\/index.php\/wp-json\/wp\/v2\/product"}],"about":[{"href":"https:\/\/bosquegurumi.com\/index.php\/wp-json\/wp\/v2\/types\/product"}],"wp:featuredmedia":[{"embeddable":true,"href":"https:\/\/bosquegurumi.com\/index.php\/wp-json\/wp\/v2\/media\/3366"}],"wp:attachment":[{"href":"https:\/\/bosquegurumi.com\/index.php\/wp-json\/wp\/v2\/media?parent=3369"}],"wp:term":[{"taxonomy":"product_brand","embeddable":true,"href":"https:\/\/bosquegurumi.com\/index.php\/wp-json\/wp\/v2\/product_brand?post=3369"},{"taxonomy":"product_cat","embeddable":true,"href":"https:\/\/bosquegurumi.com\/index.php\/wp-json\/wp\/v2\/product_cat?post=3369"},{"taxonomy":"product_tag","embeddable":true,"href":"https:\/\/bosquegurumi.com\/index.php\/wp-json\/wp\/v2\/product_tag?post=3369"}],"curies":[{"name":"wp","href":"https:\/\/api.w.org\/{rel}","templated":true}]}}