{"id":3353,"date":"2022-08-08T13:58:13","date_gmt":"2022-08-08T16:58:13","guid":{"rendered":"https:\/\/bosquegurumi.com\/?post_type=product&#038;p=3353"},"modified":"2022-08-29T15:07:51","modified_gmt":"2022-08-29T18:07:51","slug":"ebook1-my-hero-academia","status":"publish","type":"product","link":"https:\/\/bosquegurumi.com\/index.php\/produto\/ebook1-my-hero-academia\/","title":{"rendered":"Combo &#8211; Vol 1: My Hero Academia [PT\/EN\/ES]"},"content":{"rendered":"<p style=\"text-align: center;\"><strong>Estas s\u00e3o receitas FANART.<\/strong><br \/>\n<strong>Arquivos digitais para confec\u00e7\u00e3o das pe\u00e7as e n\u00e3o os amigurumis prontos!<\/strong><\/p>\n<p>Os PDFs trazem receitas para a confec\u00e7\u00e3o de amigurumis fanarts inspirados no anime\/mang\u00e1 My Hero Academia, sendo os personagens retratados no e-book Izuku Midoriya, Shoto Todoroki e Katsuki Bakugou.<\/p>\n<p>Os arquivos somam <strong>mais de 90 p\u00e1ginas e dezenas de fotos<\/strong> que facilitam a execu\u00e7\u00e3o do trabalho. Al\u00e9m disso, os padr\u00f5es:<\/p>\n<ul>\n<li>Apresentam n\u00edvel de dificuldade intermedi\u00e1rio-avan\u00e7ado<\/li>\n<li>T\u00eam em m\u00e9dia de 20cm, dependendo dos fios e da agulha<\/li>\n<li>Trazem informa\u00e7\u00f5es t\u00e9cnicas (materiais, abrevia\u00e7\u00f5es, etc)<\/li>\n<li>E passo a passo detalhado para confec\u00e7\u00e3o dos amigurumis!<\/li>\n<\/ul>\n<p>Suporte dispon\u00edvel!<\/p>\n<p><strong>Ap\u00f3s a confirma\u00e7\u00e3o do pagamento, o arquivo digital ficar\u00e1 dispon\u00edvel para download na sua conta do <\/strong><strong>site na se\u00e7\u00e3o Minha Conta =&gt; Downloads.<\/strong><\/p>\n<p><strong>Padr\u00f5es de uso pessoal, individual e intransfer\u00edvel. Venda e\/ou compartilhamento s\u00e3o proibidos, seja <\/strong><strong>por meios f\u00edsicos ou digitais, de acordo com a lei de direitos autorais N\u00ba 9.610\/98. Ao realizar a <\/strong><strong>compra voc\u00ea concorda as referidas condi\u00e7\u00f5es de n\u00e3o compartilhamento.<\/strong><\/p>\n<hr \/>\n<p style=\"text-align: center;\"><strong>These products aren\u2019t dolls, but amigurumi patterns to make them!<\/strong><\/p>\n<p style=\"text-align: center;\">Midoriya, Todoroki and Bakugo amigurumi fanarts from \u201cMy Hero Academia\u201d anime\/manga.<\/p>\n<ul>\n<li>The patterns language is English;<\/li>\n<li>PDF contains detailed instructions to make the amigurumis;<\/li>\n<li>More than 200 photos to facilitate your work!<\/li>\n<li>List of materials and stitches used;<\/li>\n<li>Approximately 20cm (hook size 2.5);<\/li>\n<li>Patterns level: intermediate-advanced.<\/li>\n<\/ul>\n<p>If you have doubts, you can contact the seller through different channels.<\/p>\n<p><strong>The patterns are for personal use only, which means it\u2019s forbidden to share or to sell the PDF.<\/strong><\/p>\n<p><strong>The files will be available for download after the payment. Access MY ACCOUNT (Minha Conta) &gt;&gt; DOWNLOADS to download them.<\/strong><\/p>\n","protected":false},"excerpt":{"rendered":"<p>Padr\u00f5es digitais para confec\u00e7\u00e3o de amigurumis fanarts dos personagens <strong>Midoriya, Todoroki e Bakugou<\/strong>, do anime\/mang\u00e1 My Hero Academia.<\/p>\n<p>Os arquivos digitais somam <strong>mais de 90 p\u00e1ginas e dezenas de fotos<\/strong> que facilitam a execu\u00e7\u00e3o do trabalho e com passo a passo detalhado para confec\u00e7\u00e3o dos amigurumis.<\/p>\n<p>J\u00e1 os amigurumis apresentam n\u00edvel de dificuldade f\u00e1cil-intermedi\u00e1rio e t\u00eam em m\u00e9dia 20cm, dependendo dos fios e da agulha.<\/p>\n<p style=\"text-align: center;\">&#8211; &#8211; &#8211; &#8211; &#8211; &#8211; &#8211; &#8211; &#8211; &#8211; &#8211; &#8211; &#8211; &#8211; &#8211; &#8211; &#8211; &#8211; &#8211; &#8211; &#8211; &#8211; &#8211; &#8211;<\/p>\n<p><em>[ English description below ]<\/em><\/p>\n<p>[EN] International purchases: payment via PayPal<\/p>\n<p>[ES] Para los pagos internacionales (fuera de Brasil) pagar a trav\u00e9s de PayPal.<\/p>\n<p><em>Access MY ACCOUNT (Minha Conta) &gt;&gt; DOWNLOADS to download the PDF files.<\/em><\/p>\n<p>&nbsp;<\/p>\n<p>&nbsp;<\/p>\n<p>&nbsp;<\/p>\n","protected":false},"featured_media":3362,"template":"","meta":{"om_disable_all_campaigns":false,"_monsterinsights_skip_tracking":false,"_monsterinsights_sitenote_active":false,"_monsterinsights_sitenote_note":"","_monsterinsights_sitenote_category":0},"product_brand":[],"product_cat":[40,24,53,46],"product_tag":[58,78,59,70,60],"class_list":{"0":"post-3353","1":"product","2":"type-product","3":"status-publish","4":"has-post-thumbnail","6":"product_cat-patterns","7":"product_cat-receitas","8":"product_cat-otaku","9":"product_cat-herois-viloes","10":"product_tag-anime","11":"product_tag-bnha-grd","12":"product_tag-manga","13":"product_tag-my-hero-academia","14":"product_tag-otaku","16":"first","17":"instock","18":"taxable","19":"shipping-taxable","20":"purchasable","21":"product-type-variable"},"aioseo_notices":[],"_links":{"self":[{"href":"https:\/\/bosquegurumi.com\/index.php\/wp-json\/wp\/v2\/product\/3353","targetHints":{"allow":["GET"]}}],"collection":[{"href":"https:\/\/bosquegurumi.com\/index.php\/wp-json\/wp\/v2\/product"}],"about":[{"href":"https:\/\/bosquegurumi.com\/index.php\/wp-json\/wp\/v2\/types\/product"}],"wp:featuredmedia":[{"embeddable":true,"href":"https:\/\/bosquegurumi.com\/index.php\/wp-json\/wp\/v2\/media\/3362"}],"wp:attachment":[{"href":"https:\/\/bosquegurumi.com\/index.php\/wp-json\/wp\/v2\/media?parent=3353"}],"wp:term":[{"taxonomy":"product_brand","embeddable":true,"href":"https:\/\/bosquegurumi.com\/index.php\/wp-json\/wp\/v2\/product_brand?post=3353"},{"taxonomy":"product_cat","embeddable":true,"href":"https:\/\/bosquegurumi.com\/index.php\/wp-json\/wp\/v2\/product_cat?post=3353"},{"taxonomy":"product_tag","embeddable":true,"href":"https:\/\/bosquegurumi.com\/index.php\/wp-json\/wp\/v2\/product_tag?post=3353"}],"curies":[{"name":"wp","href":"https:\/\/api.w.org\/{rel}","templated":true}]}}