{"id":2765,"date":"2022-06-11T08:32:09","date_gmt":"2022-06-11T11:32:09","guid":{"rendered":"https:\/\/bosquegurumi.com\/?post_type=product&#038;p=2765"},"modified":"2022-07-25T07:50:21","modified_gmt":"2022-07-25T10:50:21","slug":"anya-forger-amigurumi-outfits","status":"publish","type":"product","link":"https:\/\/bosquegurumi.com\/index.php\/produto\/anya-forger-amigurumi-outfits\/","title":{"rendered":"Anya Forger&#8217;s outfits \/ roupas [PT\/EN] Spy x Family amigurumi pattern"},"content":{"rendered":"<p style=\"text-align: center;\"><strong>Esta \u00e9 uma receita FANART.<\/strong><br \/>\n<strong>Arquivo digital para confec\u00e7\u00e3o da pe\u00e7a de ROUPA e n\u00e3o o amigurumi pronto!<\/strong><\/p>\n<p>&nbsp;<\/p>\n<p>Os arquivos trazem receitas de<strong> vers\u00f5es de roupas<\/strong> para a <a href=\"https:\/\/bosquegurumi.com\/index.php\/produto\/anya-amigurumi-spy-family\/\">boneca em amigurumi da Anya Forger<\/a>, personagem do anime\/mang\u00e1 <strong>Spy x Family<\/strong>. Ou seja, o arquivo traz apenas o padr\u00e3o da roupa &#8211; o padr\u00e3o da boneca n\u00e3o est\u00e1 inclu\u00eddo.<\/p>\n<p>As roupas dispon\u00edveis s\u00e3o:<\/p>\n<ul>\n<li>Pijama;<\/li>\n<li>Vestido de passeio azul.<\/li>\n<\/ul>\n<p>Suporte dispon\u00edvel!<\/p>\n<p><strong>Ap\u00f3s a confirma\u00e7\u00e3o do pagamento, o arquivo digital ficar\u00e1 dispon\u00edvel para download na sua conta do <\/strong><strong>site na se\u00e7\u00e3o Minha Conta =&gt; Downloads.<\/strong><\/p>\n<p><strong>Padr\u00e3o de uso pessoal, individual e intransfer\u00edvel. Venda e\/ou compartilhamento s\u00e3o proibidos, seja <\/strong><strong>por meios f\u00edsicos ou digitais, de acordo com a lei de direitos autorais N\u00ba 9.610\/98. Ao realizar a <\/strong><strong>compra voc\u00ea concorda as referidas condi\u00e7\u00f5es de n\u00e3o compartilhamento.<\/strong><\/p>\n<hr \/>\n<p style=\"text-align: center;\"><strong>This product isn\u2019t the doll, but an inspired amigurumi pattern to make its outfit!<\/strong><\/p>\n<blockquote>\n<p style=\"text-align: center;\"><strong>The file includes the outfit pattern only. <\/strong>If you wanna buy Anya Forger pattern, <a href=\"https:\/\/bosquegurumi.com\/index.php\/produto\/anya-amigurumi-spy-family\/\">check it out<\/a>.<\/p>\n<\/blockquote>\n<p style=\"text-align: center;\"><strong>You must log in to buy the PDF and download it.<\/strong><\/p>\n<p>Outfits options:<\/p>\n<ul>\n<li>Pajamas;<\/li>\n<li>Blue going out dress;<\/li>\n<li>More options coming soon!<\/li>\n<\/ul>\n<p>If you have doubts, you can <a href=\"https:\/\/bosquegurumi.com\/index.php\/contactus\/\">contact me<\/a>.<\/p>\n<p><strong>The pattern is for personal use only, which means it\u2019s forbidden to share or to sell the PDF.<\/strong><\/p>\n<p><strong>The file will be available for download after the payment. Access MY ACCOUNT (Minha Conta) &gt;&gt; DOWNLOADS to download it.<\/strong><\/p>\n","protected":false},"excerpt":{"rendered":"<p>Receita para confec\u00e7\u00e3o de <strong>ROUPAS<\/strong> para o amigurumi fanart da<strong> Anya Forger<\/strong>, de Spy x Family. As vers\u00f5es por hora dispon\u00edveis s\u00e3o:<\/p>\n<ul>\n<li>Pijama;<\/li>\n<li>Vestido de passeio azul.<\/li>\n<\/ul>\n<p><strong>Se voc\u00ea comprou o padr\u00e3o da Anya na pr\u00e9-venda, use o cupom de desconto para garantir 15% OFF!<\/strong><\/p>\n<p>O arquivo ficar\u00e1 dispon\u00edvel para download em Minha conta &gt;&gt;Downloads ap\u00f3s a confirma\u00e7\u00e3o do pagamento.<\/p>\n<p style=\"text-align: center;\">&#8211; &#8211; &#8211; &#8211; &#8211; &#8211; &#8211; &#8211; &#8211; &#8211; &#8211; &#8211; &#8211; &#8211; &#8211; &#8211; &#8211; &#8211; &#8211; &#8211; &#8211; &#8211; &#8211; &#8211;<\/p>\n<p><em>[ English description below ]<\/em><\/p>\n<p><strong>International purchases: payment via PayPal<\/strong><\/p>\n<p><em><strong>You must <a href=\"https:\/\/bosquegurumi.com\/index.php\/minha-conta\/\">lo gin<\/a> to buy the PDF and download it<\/strong>; the file will be available after the payment. Access MY ACCOUNT (Minha Conta) &gt;&gt; DOWNLOADS to download it.<\/em><\/p>\n<p>&nbsp;<\/p>\n<p>&nbsp;<\/p>\n<p>&nbsp;<\/p>\n","protected":false},"featured_media":2960,"template":"","meta":{"om_disable_all_campaigns":false,"_monsterinsights_skip_tracking":false,"_monsterinsights_sitenote_active":false,"_monsterinsights_sitenote_note":"","_monsterinsights_sitenote_category":0},"product_brand":[],"product_cat":[40,24,53,76],"product_tag":[58,77,59,60,74],"class_list":{"0":"post-2765","1":"product","2":"type-product","3":"status-publish","4":"has-post-thumbnail","6":"product_cat-patterns","7":"product_cat-receitas","8":"product_cat-otaku","9":"product_cat-roupas","10":"product_tag-anime","11":"product_tag-anya-forger","12":"product_tag-manga","13":"product_tag-otaku","14":"product_tag-spy-x-family","16":"first","17":"instock","18":"taxable","19":"shipping-taxable","20":"purchasable","21":"product-type-variable"},"aioseo_notices":[],"_links":{"self":[{"href":"https:\/\/bosquegurumi.com\/index.php\/wp-json\/wp\/v2\/product\/2765","targetHints":{"allow":["GET"]}}],"collection":[{"href":"https:\/\/bosquegurumi.com\/index.php\/wp-json\/wp\/v2\/product"}],"about":[{"href":"https:\/\/bosquegurumi.com\/index.php\/wp-json\/wp\/v2\/types\/product"}],"wp:featuredmedia":[{"embeddable":true,"href":"https:\/\/bosquegurumi.com\/index.php\/wp-json\/wp\/v2\/media\/2960"}],"wp:attachment":[{"href":"https:\/\/bosquegurumi.com\/index.php\/wp-json\/wp\/v2\/media?parent=2765"}],"wp:term":[{"taxonomy":"product_brand","embeddable":true,"href":"https:\/\/bosquegurumi.com\/index.php\/wp-json\/wp\/v2\/product_brand?post=2765"},{"taxonomy":"product_cat","embeddable":true,"href":"https:\/\/bosquegurumi.com\/index.php\/wp-json\/wp\/v2\/product_cat?post=2765"},{"taxonomy":"product_tag","embeddable":true,"href":"https:\/\/bosquegurumi.com\/index.php\/wp-json\/wp\/v2\/product_tag?post=2765"}],"curies":[{"name":"wp","href":"https:\/\/api.w.org\/{rel}","templated":true}]}}