{"id":2755,"date":"2022-05-22T07:34:37","date_gmt":"2022-05-22T10:34:37","guid":{"rendered":"https:\/\/bosquegurumi.com\/?post_type=product&#038;p=2755"},"modified":"2023-08-18T13:02:35","modified_gmt":"2023-08-18T16:02:35","slug":"jujutsu-kaisen-amigurumi-lip","status":"publish","type":"product","link":"https:\/\/bosquegurumi.com\/index.php\/produto\/jujutsu-kaisen-amigurumi-lip\/","title":{"rendered":"Jujutsu Kaisen: Lost in Paradise \u2013 receitas de amigurumi"},"content":{"rendered":"<p style=\"text-align: center;\"><strong>Estas s\u00e3o receitas FANART.<\/strong><br \/>\n<strong>Arquivos digitais para confec\u00e7\u00e3o das pe\u00e7as e n\u00e3o os amigurumis prontos!<\/strong><\/p>\n<p>O(s) arquivo(s) traz(em) receita(s) para a confec\u00e7\u00e3o de amigurumi(s) fanart(s) inspirados no anime\/mang\u00e1 Jujutsu Kaisen, sendo <strong>Yuji Itadori, Satoru Gojo e Nobara Kugisaki <\/strong>retratados no PDF. Esta \u00e9 a <strong>Lost in Paradise <\/strong>dos personagens, mas eles tamb\u00e9m est\u00e3o <span style=\"text-decoration: underline;\"><a href=\"https:\/\/bosquegurumi.com\/index.php\/produto-tag\/jujutsu-kaisen\/\">dispon\u00edveis em suas vers\u00f5es cl\u00e1ssicas<\/a><\/span>.<\/p>\n<p>Cada arquivo em PDF cont\u00e9m em m\u00e9dia <strong>25 p\u00e1ginas e 80 fotos<\/strong> que facilitam a execu\u00e7\u00e3o do trabalho. Al\u00e9m disso, os padr\u00f5es:<\/p>\n<ul>\n<li>Apresentam n\u00edvel de dificuldade intermedi\u00e1rio<\/li>\n<li>S\u00e3o acompanhados por v\u00eddeos de apoio<\/li>\n<li>T\u00eam em m\u00e9dia 18cm, dependendo dos fios e da agulha<\/li>\n<li>Trazem informa\u00e7\u00f5es t\u00e9cnicas (materiais, abrevia\u00e7\u00f5es, etc)<\/li>\n<li>E passo a passo detalhado para confec\u00e7\u00e3o dos amigurumis!<\/li>\n<\/ul>\n<p>Suporte dispon\u00edvel!<\/p>\n<p><strong>O(s) arquivo(s) digital(s) ficar\u00e1(\u00e3o) dispon\u00edvel(s) para download na sua conta do <\/strong><strong>site na se\u00e7\u00e3o Minha Conta =&gt; Downloads ap\u00f3s a confirma\u00e7\u00e3o do pagamento.<\/strong><\/p>\n<p><strong>Padr\u00f5es de uso pessoal, individual e intransfer\u00edvel. Venda e\/ou compartilhamento s\u00e3o proibidos, seja <\/strong><strong>por meios f\u00edsicos ou digitais, de acordo com a lei de direitos autorais N\u00ba 9.610\/98. Ao realizar a <\/strong><strong>compra voc\u00ea concorda as referidas condi\u00e7\u00f5es de n\u00e3o compartilhamento.<\/strong><\/p>\n<p>&nbsp;<\/p>\n","protected":false},"excerpt":{"rendered":"<p>O(s) arquivo(s) traz receita(s) para a confec\u00e7\u00e3o de amigurumi(s) fanart(s) dos personagens <strong>Yuji Itadori, Gojo Satoru e Nobara Kugisaki<\/strong> do anime\/mang\u00e1 Jujutsu Kaisen.<\/p>\n<p>Estas vers\u00f5es s\u00e3o a<strong> Lost in Paradise<\/strong>, mas as <span style=\"text-decoration: underline;\"><a href=\"https:\/\/bosquegurumi.com\/index.php\/produto-tag\/jujutsu-kaisen\/\">vers\u00f5es cl\u00e1ssicas dos personagens tamb\u00e9m est\u00e3o dispon\u00edveis<\/a><\/span>.<\/p>\n<p>Cada arquivo tem em m\u00e9dia 25 p\u00e1ginas e 80 fotos. Al\u00e9m disso:<\/p>\n<ul>\n<li>Apresenta n\u00edvel de dificuldade intermedi\u00e1rio<\/li>\n<li>Cont\u00e9m v\u00eddeos de apoio<\/li>\n<li>Traz padr\u00f5es com m\u00e9dia de 18cm (menor)<\/li>\n<li>Inclui informa\u00e7\u00f5es t\u00e9cnicas (materiais, abrevia\u00e7\u00f5es, etc)<\/li>\n<li>E passo a passo detalhado para confec\u00e7\u00e3o dos amigurumis!<\/li>\n<\/ul>\n<p>&nbsp;<\/p>\n","protected":false},"featured_media":7543,"template":"","meta":{"om_disable_all_campaigns":false,"_monsterinsights_skip_tracking":false,"_monsterinsights_sitenote_active":false,"_monsterinsights_sitenote_note":"","_monsterinsights_sitenote_category":0},"product_brand":[],"product_cat":[24,53],"product_tag":[58,67,59,60,75],"class_list":{"0":"post-2755","1":"product","2":"type-product","3":"status-publish","4":"has-post-thumbnail","6":"product_cat-receitas","7":"product_cat-otaku","8":"product_tag-anime","9":"product_tag-jujutsu-kaisen","10":"product_tag-manga","11":"product_tag-otaku","12":"product_tag-yuji-itadori","14":"first","15":"instock","16":"taxable","17":"shipping-taxable","18":"purchasable","19":"product-type-variable"},"aioseo_notices":[],"_links":{"self":[{"href":"https:\/\/bosquegurumi.com\/index.php\/wp-json\/wp\/v2\/product\/2755","targetHints":{"allow":["GET"]}}],"collection":[{"href":"https:\/\/bosquegurumi.com\/index.php\/wp-json\/wp\/v2\/product"}],"about":[{"href":"https:\/\/bosquegurumi.com\/index.php\/wp-json\/wp\/v2\/types\/product"}],"wp:featuredmedia":[{"embeddable":true,"href":"https:\/\/bosquegurumi.com\/index.php\/wp-json\/wp\/v2\/media\/7543"}],"wp:attachment":[{"href":"https:\/\/bosquegurumi.com\/index.php\/wp-json\/wp\/v2\/media?parent=2755"}],"wp:term":[{"taxonomy":"product_brand","embeddable":true,"href":"https:\/\/bosquegurumi.com\/index.php\/wp-json\/wp\/v2\/product_brand?post=2755"},{"taxonomy":"product_cat","embeddable":true,"href":"https:\/\/bosquegurumi.com\/index.php\/wp-json\/wp\/v2\/product_cat?post=2755"},{"taxonomy":"product_tag","embeddable":true,"href":"https:\/\/bosquegurumi.com\/index.php\/wp-json\/wp\/v2\/product_tag?post=2755"}],"curies":[{"name":"wp","href":"https:\/\/api.w.org\/{rel}","templated":true}]}}