{"id":2387,"date":"2022-08-29T15:35:04","date_gmt":"2022-08-29T18:35:04","guid":{"rendered":"https:\/\/bosquegurumi.com\/?post_type=product&#038;p=2387"},"modified":"2023-05-05T15:37:22","modified_gmt":"2023-05-05T18:37:22","slug":"anya-amigurumi-spy-family","status":"publish","type":"product","link":"https:\/\/bosquegurumi.com\/index.php\/produto\/anya-amigurumi-spy-family\/","title":{"rendered":"Anya Forger (Spy x Family) PT\/EN &#8211; amigurumi pattern \/ receita"},"content":{"rendered":"<p style=\"text-align: center;\"><strong>Esta \u00e9 uma receita FANART.<\/strong><br \/>\n<strong>Arquivo digital para confec\u00e7\u00e3o da pe\u00e7a e n\u00e3o o amigurumi pronto!<\/strong><\/p>\n<p>O PDF 2-em-1 traz a receita para confec\u00e7\u00e3o do amigurumi fanart da <strong>Anya Forger<\/strong>, personagem do anime\/mang\u00e1 <strong>Spy x Family<\/strong>. O arquivo tem mais de 50 p\u00e1ginas e mais de 200 fotos que facilitam a execu\u00e7\u00e3o do trabalho. Al\u00e9m disso, o padr\u00e3o:<\/p>\n<ul>\n<li>Traz duas op\u00e7\u00f5es de roupa: uniforme escolar e vestido cl\u00e1ssico;<\/li>\n<li>Traz duas op\u00e7\u00f5es de corpo e de olhos;<\/li>\n<li>Inclui do padr\u00e3o do mini Sr. Quimera;<\/li>\n<li>Apresenta n\u00edvel de dificuldade intermedi\u00e1rio;<\/li>\n<li>Tem em m\u00e9dia de 18cm, dependendo dos fios e da agulha;<\/li>\n<li>Traz informa\u00e7\u00f5es t\u00e9cnicas (materiais, abrevia\u00e7\u00f5es, etc);<\/li>\n<li>E passo a passo detalhado para confec\u00e7\u00e3o do amigurumi!<\/li>\n<\/ul>\n<p>Suporte dispon\u00edvel!<\/p>\n<p><strong>O arquivo digital ficar\u00e1 dispon\u00edvel para download na sua conta do <\/strong><strong>site na se\u00e7\u00e3o Minha Conta =&gt; Downloads ap\u00f3s a confirma\u00e7\u00e3o do pagamento.<\/strong><\/p>\n<p><strong>Padr\u00e3o de uso pessoal, individual e intransfer\u00edvel. Venda e\/ou compartilhamento s\u00e3o proibidos, seja <\/strong><strong>por meios f\u00edsicos ou digitais, de acordo com a lei de direitos autorais N\u00ba 9.610\/98. Ao realizar a <\/strong><strong>compra voc\u00ea concorda as referidas condi\u00e7\u00f5es de n\u00e3o compartilhamento.<\/strong><\/p>\n<hr \/>\n<p style=\"text-align: center;\"><strong>This product isn\u2019t a doll, but an inspired amigurumi pattern to make one!<\/strong><\/p>\n<p style=\"text-align: center;\"><strong>Anya Forger<\/strong> inspired amigurumi pattern from \u201cSpy x Family\u201d anime\/manga. You must log in to buy the PDF and download it.<\/p>\n<ul>\n<li>The pattern language is English;<\/li>\n<li>Double pattern: 2 outfits (school uniform + house dress);<\/li>\n<li>It includes little Mr. Chimera pattern;<\/li>\n<li>PDF contains detailed instructions to make the amigurumi;<\/li>\n<li>More than 50 pages and dozens of pictures to facilitate your work!<\/li>\n<li>List of materials and stitches used;<\/li>\n<li>Approximately 18cm (2.25mm crochet hook);<\/li>\n<li>Pattern level: intermediate.<\/li>\n<\/ul>\n<p>If you have doubts, you can <a href=\"https:\/\/bosquegurumi.com\/index.php\/contactus\/\">contact me<\/a>.<\/p>\n<p><strong>The pattern is for personal use only, which means it\u2019s forbidden to share or to sell the PDF.<\/strong><\/p>\n<p><strong>The file will be available for download after the payment. Access MY ACCOUNT (Minha Conta) &gt;&gt; DOWNLOADS to download it.<\/strong><\/p>\n","protected":false},"excerpt":{"rendered":"<blockquote><p><em>Waku waku!<\/em><br \/>\nAnya<\/p><\/blockquote>\n<p>&nbsp;<\/p>\n<p>Receita para confec\u00e7\u00e3o do amigurumi fanart da<strong> Anya Forger<\/strong>, personagem de Spy x Family.<\/p>\n<ul>\n<li>Receita dupla: duas op\u00e7\u00f5es de roupa;<\/li>\n<li>Inclui padr\u00e3o do mini sr. Quimera;<\/li>\n<li>Duas op\u00e7\u00f5es de corpo e de olhos;<\/li>\n<li>Instru\u00e7\u00f5es detalhadas pra os olhos de croch\u00ea;<\/li>\n<li>M\u00e9dia de 18cm, dependendo dos fios e da agulha;<\/li>\n<li>N\u00edvel de dificuldade intermedi\u00e1rio;<\/li>\n<li>Arquivo com mais de 50 p\u00e1ginas, dezenas de fotos e v\u00eddeos de apoio; etc.<\/li>\n<\/ul>\n<p>O arquivo ficar\u00e1 dispon\u00edvel para download em Minha conta &gt;&gt;Downloads ap\u00f3s a confirma\u00e7\u00e3o do pagamento.<\/p>\n<p style=\"text-align: center;\">&#8211; &#8211; &#8211; &#8211; &#8211; &#8211; &#8211; &#8211; &#8211; &#8211; &#8211; &#8211; &#8211; &#8211; &#8211; &#8211; &#8211; &#8211; &#8211; &#8211; &#8211; &#8211; &#8211; &#8211;<\/p>\n<p><em>[ English description below ]<\/em><\/p>\n<p><strong>International purchases: payment via PayPal<\/strong><\/p>\n<p><em><strong>You must <a href=\"https:\/\/bosquegurumi.com\/index.php\/minha-conta\/\">log in<\/a> to buy the PDF and download it<\/strong>; the file will be available after the payment. Access MY ACCOUNT (Minha Conta) &gt;&gt; DOWNLOADS to download it.<\/em><\/p>\n<p>&nbsp;<\/p>\n<p>&nbsp;<\/p>\n<p>&nbsp;<\/p>\n","protected":false},"featured_media":2411,"template":"","meta":{"om_disable_all_campaigns":false,"_monsterinsights_skip_tracking":false,"_monsterinsights_sitenote_active":false,"_monsterinsights_sitenote_note":"","_monsterinsights_sitenote_category":0},"product_brand":[],"product_cat":[40,24,53],"product_tag":[58,59,60,74],"class_list":{"0":"post-2387","1":"product","2":"type-product","3":"status-publish","4":"has-post-thumbnail","6":"product_cat-patterns","7":"product_cat-receitas","8":"product_cat-otaku","9":"product_tag-anime","10":"product_tag-manga","11":"product_tag-otaku","12":"product_tag-spy-x-family","14":"first","15":"instock","16":"taxable","17":"shipping-taxable","18":"purchasable","19":"product-type-variable"},"aioseo_notices":[],"_links":{"self":[{"href":"https:\/\/bosquegurumi.com\/index.php\/wp-json\/wp\/v2\/product\/2387","targetHints":{"allow":["GET"]}}],"collection":[{"href":"https:\/\/bosquegurumi.com\/index.php\/wp-json\/wp\/v2\/product"}],"about":[{"href":"https:\/\/bosquegurumi.com\/index.php\/wp-json\/wp\/v2\/types\/product"}],"wp:featuredmedia":[{"embeddable":true,"href":"https:\/\/bosquegurumi.com\/index.php\/wp-json\/wp\/v2\/media\/2411"}],"wp:attachment":[{"href":"https:\/\/bosquegurumi.com\/index.php\/wp-json\/wp\/v2\/media?parent=2387"}],"wp:term":[{"taxonomy":"product_brand","embeddable":true,"href":"https:\/\/bosquegurumi.com\/index.php\/wp-json\/wp\/v2\/product_brand?post=2387"},{"taxonomy":"product_cat","embeddable":true,"href":"https:\/\/bosquegurumi.com\/index.php\/wp-json\/wp\/v2\/product_cat?post=2387"},{"taxonomy":"product_tag","embeddable":true,"href":"https:\/\/bosquegurumi.com\/index.php\/wp-json\/wp\/v2\/product_tag?post=2387"}],"curies":[{"name":"wp","href":"https:\/\/api.w.org\/{rel}","templated":true}]}}