{"id":2369,"date":"2022-04-29T16:00:32","date_gmt":"2022-04-29T19:00:32","guid":{"rendered":"https:\/\/bosquegurumi.com\/?post_type=product&#038;p=2369"},"modified":"2022-08-29T15:09:06","modified_gmt":"2022-08-29T18:09:06","slug":"all-might-amigurumi-chaveiro","status":"publish","type":"product","link":"https:\/\/bosquegurumi.com\/index.php\/produto\/all-might-amigurumi-chaveiro\/","title":{"rendered":"All Might chaveiro \/ keychain [PT\/EN] amigurumi pattern"},"content":{"rendered":"<p style=\"text-align: center;\"><strong>Esta \u00e9 uma receita FANART.<\/strong><br \/>\n<strong>Arquivo digital para confec\u00e7\u00e3o da pe\u00e7a e n\u00e3o o amigurumi pronto!<\/strong><\/p>\n<p>O PDF traz a receita para confec\u00e7\u00e3o do amigurumi fanart do chaveiro do All Might, pe\u00e7a inspirada no anime\/mang\u00e1 My Hero Academia. O arquivo tem<strong> 12 p\u00e1ginas e 28 fotos<\/strong> que facilitam a execu\u00e7\u00e3o do trabalho. Al\u00e9m disso, o padr\u00e3o:<\/p>\n<ul>\n<li>Apresenta n\u00edvel de dificuldade f\u00e1cil;<\/li>\n<li>Tem em m\u00e9dia de 10cm, dependendo dos fios e da agulha;<\/li>\n<li>Traz informa\u00e7\u00f5es t\u00e9cnicas (materiais, abrevia\u00e7\u00f5es, etc);<\/li>\n<li>E passo a passo detalhado para confec\u00e7\u00e3o do amigurumi!<\/li>\n<\/ul>\n<p>Suporte dispon\u00edvel!<\/p>\n<p><strong>Ap\u00f3s a confirma\u00e7\u00e3o do pagamento, o arquivo digital ficar\u00e1 dispon\u00edvel para download na sua conta do <\/strong><strong>site na se\u00e7\u00e3o Minha Conta =&gt; Downloads.<\/strong><\/p>\n<p><strong>Padr\u00e3o de uso pessoal, individual e intransfer\u00edvel. Venda e\/ou compartilhamento s\u00e3o proibidos, seja <\/strong><strong>por meios f\u00edsicos ou digitais, de acordo com a lei de direitos autorais N\u00ba 9.610\/98. Ao realizar a <\/strong><strong>compra voc\u00ea concorda as referidas condi\u00e7\u00f5es de n\u00e3o compartilhamento.<\/strong><\/p>\n<hr \/>\n<p style=\"text-align: center;\"><strong>This product isn\u2019t a doll, but an inspired amigurumi pattern to make one!<\/strong><\/p>\n<p style=\"text-align: center;\">All Might keychain from \u201cMy Hero Academia\u201d anime\/manga.<\/p>\n<ul>\n<li>The pattern language is English;<\/li>\n<li>PDF contains detailed instructions to make the amigurumi;<\/li>\n<li>12 pages and 28 pictures to facilitate your work!<\/li>\n<li>List of materials and stitches used;<\/li>\n<li>Approximately 10cm (hook size 2.5);<\/li>\n<li>Pattern level: easy.<\/li>\n<\/ul>\n<p>If you have doubts, you can <a href=\"https:\/\/bosquegurumi.com\/index.php\/contactus\/\">contact me<\/a>.<\/p>\n<p><strong>The pattern is for personal use only, which means it\u2019s forbidden to share or to sell the PDF.<\/strong><\/p>\n<p><strong>The file will be available for download after the payment. Access MY ACCOUNT (Minha Conta) &gt;&gt; DOWNLOADS to download it.<\/strong><\/p>\n","protected":false},"excerpt":{"rendered":"<p>O PDF traz a receita para confec\u00e7\u00e3o do amigurumi fanart do<strong> chaveiro do All Might<\/strong>, pe\u00e7a inspirada em um chaveiro que de fato existe no anime\/mang\u00e1 My Hero Academia.<\/p>\n<ul>\n<li>Arquivo com 12 p\u00e1ginas e 28 fotos;<\/li>\n<li>M\u00e9dia de 10cm, dependendo dos fios e da agulha;<\/li>\n<li>N\u00edvel de dificuldade f\u00e1cil;<\/li>\n<li>Traz informa\u00e7\u00f5es t\u00e9cnicas (materiais, abrevia\u00e7\u00f5es, etc); etc.<\/li>\n<\/ul>\n<p>O arquivo ficar\u00e1 dispon\u00edvel para download em Minha conta &gt;&gt;Downloads assim que o pagamento for confirmado.<\/p>\n<p style=\"text-align: center;\">&#8211; &#8211; &#8211; &#8211; &#8211; &#8211; &#8211; &#8211; &#8211; &#8211; &#8211; &#8211; &#8211; &#8211; &#8211; &#8211; &#8211; &#8211; &#8211; &#8211; &#8211; &#8211; &#8211; &#8211;<\/p>\n<p><em>[ English description below ]<\/em><\/p>\n<p>International purchases: payment via PayPal<\/p>\n<p><em>The file will be available after the payment. Access MY ACCOUNT (Minha Conta) &gt;&gt; DOWNLOADS to download it.<\/em><\/p>\n<p>&nbsp;<\/p>\n<p>&nbsp;<\/p>\n<p>&nbsp;<\/p>\n","protected":false},"featured_media":2375,"template":"","meta":{"om_disable_all_campaigns":false,"_monsterinsights_skip_tracking":false,"_monsterinsights_sitenote_active":false,"_monsterinsights_sitenote_note":"","_monsterinsights_sitenote_category":0},"product_brand":[],"product_cat":[40,24,53],"product_tag":[58,59,70,60],"class_list":{"0":"post-2369","1":"product","2":"type-product","3":"status-publish","4":"has-post-thumbnail","6":"product_cat-patterns","7":"product_cat-receitas","8":"product_cat-otaku","9":"product_tag-anime","10":"product_tag-manga","11":"product_tag-my-hero-academia","12":"product_tag-otaku","14":"first","15":"instock","16":"taxable","17":"shipping-taxable","18":"purchasable","19":"product-type-variable"},"aioseo_notices":[],"_links":{"self":[{"href":"https:\/\/bosquegurumi.com\/index.php\/wp-json\/wp\/v2\/product\/2369","targetHints":{"allow":["GET"]}}],"collection":[{"href":"https:\/\/bosquegurumi.com\/index.php\/wp-json\/wp\/v2\/product"}],"about":[{"href":"https:\/\/bosquegurumi.com\/index.php\/wp-json\/wp\/v2\/types\/product"}],"wp:featuredmedia":[{"embeddable":true,"href":"https:\/\/bosquegurumi.com\/index.php\/wp-json\/wp\/v2\/media\/2375"}],"wp:attachment":[{"href":"https:\/\/bosquegurumi.com\/index.php\/wp-json\/wp\/v2\/media?parent=2369"}],"wp:term":[{"taxonomy":"product_brand","embeddable":true,"href":"https:\/\/bosquegurumi.com\/index.php\/wp-json\/wp\/v2\/product_brand?post=2369"},{"taxonomy":"product_cat","embeddable":true,"href":"https:\/\/bosquegurumi.com\/index.php\/wp-json\/wp\/v2\/product_cat?post=2369"},{"taxonomy":"product_tag","embeddable":true,"href":"https:\/\/bosquegurumi.com\/index.php\/wp-json\/wp\/v2\/product_tag?post=2369"}],"curies":[{"name":"wp","href":"https:\/\/api.w.org\/{rel}","templated":true}]}}