{"id":2146,"date":"2022-05-13T13:52:06","date_gmt":"2022-05-13T16:52:06","guid":{"rendered":"https:\/\/bosquegurumi.com\/?post_type=product&#038;p=2146"},"modified":"2022-07-10T23:42:23","modified_gmt":"2022-07-11T02:42:23","slug":"demon-slayer-amigurumi-rengoku-akaza-enmu","status":"publish","type":"product","link":"https:\/\/bosquegurumi.com\/index.php\/produto\/demon-slayer-amigurumi-rengoku-akaza-enmu\/","title":{"rendered":"Combo Demon Slayer: Mugen Train [PT] Rengoku, Akaza &#038; Enmu"},"content":{"rendered":"<p style=\"text-align: center;\"><strong>Estas s\u00e3o receitas FANART.<\/strong><br \/>\n<strong>Arquivos digitais para confec\u00e7\u00e3o das pe\u00e7as e n\u00e3o os amigurumis prontos!<\/strong><\/p>\n<p>Os PDFs trazem receitas para a confec\u00e7\u00e3o de amigurumis fanarts inspirados no anime\/mang\u00e1 Demon Slayer, sendo os personagens retratados Kyojuro Rengoku, Akaza e Enmu. Os padr\u00f5es podem ser adquiridos em trio ou em dupla, sendo elas Rengoku e Akaza, Akaza e Enmu ou Rendoku &amp; Enmu.<\/p>\n<p>As receitas foram elaboradas no projeto &#8220;Hashiras do Amigurumi&#8221; por Ana Karolina (@furifuriamigurumi) e Paola F. (@bosquegurumi). Eles somam <strong>mais de 100 p\u00e1ginas e centenas de fotos<\/strong> que facilitam a execu\u00e7\u00e3o do trabalho. Al\u00e9m disso, as receitas:<\/p>\n<ul>\n<li>Apresentam n\u00edvel de dificuldade intermedi\u00e1rio-avan\u00e7ado<\/li>\n<li>T\u00eam em m\u00e9dia de 23cm, dependendo dos fios e da agulha<\/li>\n<li>Cont\u00eam v\u00eddeos de apoio<\/li>\n<li>Informa\u00e7\u00f5es t\u00e9cnicas (materiais, abrevia\u00e7\u00f5es, etc)<\/li>\n<li>Passo a passo detalhado para confec\u00e7\u00e3o dos amigurumis!<\/li>\n<\/ul>\n<p>Suporte dispon\u00edvel!<\/p>\n<p><strong>Ap\u00f3s a confirma\u00e7\u00e3o do pagamento, o arquivo digital ficar\u00e1 dispon\u00edvel para download na sua conta do <\/strong><strong>site na se\u00e7\u00e3o Minha Conta =&gt; Downloads.<\/strong><\/p>\n<p><strong>Padr\u00f5es de uso pessoal, individual e intransfer\u00edvel. Venda e\/ou compartilhamento s\u00e3o proibidos, seja <\/strong><strong>por meios f\u00edsicos ou digitais, de acordo com a lei de direitos autorais N\u00ba 9.610\/98. Ao realizar a <\/strong><strong>compra voc\u00ea concorda as referidas condi\u00e7\u00f5es de n\u00e3o compartilhamento.<\/strong><\/p>\n","protected":false},"excerpt":{"rendered":"<p>Padr\u00f5es digitais para confec\u00e7\u00e3o de amigurumis fanarts dos personagens <strong>Rengoku, Akaza e Enmu<\/strong>, do anime\/mang\u00e1 Demon Slayer.<\/p>\n<p>Os padr\u00f5es podem ser adquiridos em trio ou em dupla, sendo elas Rengoku e Akaza, Akaza e Enmu ou Rengoku &amp; Enmu.<\/p>\n<ul>\n<li>Arquivos digitais que somam mais de 100 p\u00e1ginas<\/li>\n<li>Centenas de fotos<\/li>\n<li>V\u00eddeos de apoio<\/li>\n<li>Passo a passo detalhado para confec\u00e7\u00e3o dos amigurumis<\/li>\n<li>Amigurumis de n\u00edvel intermedi\u00e1rio-avan\u00e7ado<\/li>\n<li>M\u00e9dia de 23cm, dependendo dos fios e da agulha<\/li>\n<\/ul>\n<p>&nbsp;<\/p>\n<p>O downloado ficar\u00e1 dispon\u00edvel na se\u00e7\u00e3o Minha Conta &gt;&gt; Downloads ap\u00f3s a confirma\u00e7\u00e3o do pagamento.<\/p>\n<p>&nbsp;<\/p>\n","protected":false},"featured_media":2149,"template":"","meta":{"om_disable_all_campaigns":false,"_monsterinsights_skip_tracking":false,"_monsterinsights_sitenote_active":false,"_monsterinsights_sitenote_note":"","_monsterinsights_sitenote_category":0},"product_brand":[],"product_cat":[24,53],"product_tag":[58,66,59,60],"class_list":{"0":"post-2146","1":"product","2":"type-product","3":"status-publish","4":"has-post-thumbnail","6":"product_cat-receitas","7":"product_cat-otaku","8":"product_tag-anime","9":"product_tag-demon-slayer","10":"product_tag-manga","11":"product_tag-otaku","13":"first","14":"instock","15":"taxable","16":"shipping-taxable","17":"purchasable","18":"product-type-variable"},"aioseo_notices":[],"_links":{"self":[{"href":"https:\/\/bosquegurumi.com\/index.php\/wp-json\/wp\/v2\/product\/2146","targetHints":{"allow":["GET"]}}],"collection":[{"href":"https:\/\/bosquegurumi.com\/index.php\/wp-json\/wp\/v2\/product"}],"about":[{"href":"https:\/\/bosquegurumi.com\/index.php\/wp-json\/wp\/v2\/types\/product"}],"wp:featuredmedia":[{"embeddable":true,"href":"https:\/\/bosquegurumi.com\/index.php\/wp-json\/wp\/v2\/media\/2149"}],"wp:attachment":[{"href":"https:\/\/bosquegurumi.com\/index.php\/wp-json\/wp\/v2\/media?parent=2146"}],"wp:term":[{"taxonomy":"product_brand","embeddable":true,"href":"https:\/\/bosquegurumi.com\/index.php\/wp-json\/wp\/v2\/product_brand?post=2146"},{"taxonomy":"product_cat","embeddable":true,"href":"https:\/\/bosquegurumi.com\/index.php\/wp-json\/wp\/v2\/product_cat?post=2146"},{"taxonomy":"product_tag","embeddable":true,"href":"https:\/\/bosquegurumi.com\/index.php\/wp-json\/wp\/v2\/product_tag?post=2146"}],"curies":[{"name":"wp","href":"https:\/\/api.w.org\/{rel}","templated":true}]}}