{"id":1558,"date":"2022-02-28T10:22:31","date_gmt":"2022-02-28T13:22:31","guid":{"rendered":"https:\/\/bosquegurumi.com\/?post_type=product&#038;p=1558"},"modified":"2022-06-09T18:37:10","modified_gmt":"2022-06-09T21:37:10","slug":"nezuko-amigurumi-pattern","status":"publish","type":"product","link":"https:\/\/bosquegurumi.com\/index.php\/produto\/nezuko-amigurumi-pattern\/","title":{"rendered":"Nezukinha \/ Little Nezuko [PT\/EN] &#8211; Receita\/Amigurumi Pattern"},"content":{"rendered":"<p style=\"text-align: center;\"><strong>Esta \u00e9 uma receita FANART.<\/strong><br \/>\n<strong>Arquivo digital para confec\u00e7\u00e3o da pe\u00e7a e n\u00e3o o amigurumi pronto!<\/strong><\/p>\n<p>O PDF traz a receita para a confec\u00e7\u00e3o do amigurumi fanart da Nezuko Kamado vers\u00e3o pequena, inspirado no anime\/mang\u00e1 Demon Slayer. O padr\u00e3o foi elaborado na segunda fase do projeto &#8220;Hashiras do Amigurumi&#8221;, do qual\u00a0 originalmente fazem parte Paola (@bosquegurumi), Ana Karolina (@furifuri.amigurumi), Marina (@mavi.mundi) e Lari (@amigulari_).<\/p>\n<p>S\u00e3o <strong>14 p\u00e1ginase e fotos<\/strong> que facilitam a execu\u00e7\u00e3o do trabalho. Al\u00e9m disso, o padr\u00e3o:<\/p>\n<ul>\n<li>Apresenta n\u00edvel de dificuldade f\u00e1cil<\/li>\n<li>Tem em m\u00e9dia de 12cm, dependendo dos fios e da agulha<\/li>\n<li>Traz informa\u00e7\u00f5es t\u00e9cnicas (materiais, abrevia\u00e7\u00f5es, etc)<\/li>\n<li>E passo a passo detalhado para confec\u00e7\u00e3o do amigurumi!<\/li>\n<\/ul>\n<p>Suporte dispon\u00edvel!<\/p>\n<p><strong>Ap\u00f3s a confirma\u00e7\u00e3o do pagamento, o arquivo digital ficar\u00e1 dispon\u00edvel para download na sua conta do <\/strong><strong>site na se\u00e7\u00e3o Minha Conta =&gt; Downloads.<\/strong><\/p>\n<p><strong>Padr\u00e3o de uso pessoal, individual e intransfer\u00edvel. Venda e\/ou compartilhamento s\u00e3o proibidos, seja <\/strong><strong>por meios f\u00edsicos ou digitais, de acordo com a lei de direitos autorais N\u00ba 9.610\/98. Ao realizar a <\/strong><strong>compra voc\u00ea concorda as referidas condi\u00e7\u00f5es de n\u00e3o compartilhamento.<\/strong><\/p>\n<hr \/>\n<p style=\"text-align: center;\"><strong>This product isn\u2019t a doll, but an amigurumi pattern to make one!<\/strong><\/p>\n<p style=\"text-align: center;\">Little Nezuko Kamado amigurumi fanart from \u201cDemon Slayer\u201d anime\/manga. This pattern is part of Demon Slayer Amigurumi Fanart Collection, designed by Paola (@bosquegurumi), Ana Karolina (@furifuri.amigurumi), Marina (@mavi.mundi) and Lari (@amigulari_).<\/p>\n<ul>\n<li>The pattern language is English;<\/li>\n<li>PDF contains detailed instructions to make the amigurumi;<\/li>\n<li>List of materials and stitches used;<\/li>\n<li>Approximately 12cm (hook size 2.5);<\/li>\n<li>Patterns level: easy.<\/li>\n<\/ul>\n<p>If you have doubts, you can contact the designers through different channels. Don&#8217;t hesitate to DM us on instagram (@bosquegurumi or @furifuri.amigurumi) or email to bosquegurumi@gmail.com if you have any questions.<\/p>\n<p><strong>Attention! You must <a href=\"https:\/\/bosquegurumi.com\/index.php\/minha-conta\/\">sign in<\/a> to buy the PDF and download it. Access MY ACCOUNT (Minha conta) &gt;&gt; DOWNLOADS to download it.<\/strong><\/p>\n<p><strong>The pattern is for personal use only. DO NOT duplicate, share, sell or distribute the PDF by any means. However, you may sell the finished product in SMALL mass but please credit Bosquegurumi and FuriFuri as the amigurumi pattern designers. We&#8217;re thankful for your support and understanding!<\/strong><\/p>\n<p>&nbsp;<\/p>\n<div id=\"malwarebytes-root\">\n<style>\n            @font-face {<br \/>\n              font-family: 'graphik-web';<br \/>\n              src: url('chrome-extension:\/\/ihcjicgdanjaechkgeegckofjjedodee\/vendor\/graphik\/web\/graphik-bold-web.eot');<br \/>\n              src: url('chrome-extension:\/\/ihcjicgdanjaechkgeegckofjjedodee\/vendor\/graphik\/web\/graphik-bold-web.eot?#iefix') format('embedded-opentype'),<br \/>\n                   url('chrome-extension:\/\/ihcjicgdanjaechkgeegckofjjedodee\/vendor\/graphik\/web\/graphik-bold-web.woff2') format('woff2'),<br \/>\n                   url('chrome-extension:\/\/ihcjicgdanjaechkgeegckofjjedodee\/vendor\/graphik\/web\/graphik-bold-web.woff') format('woff');<br \/>\n              font-weight: 700;<br \/>\n              font-style: normal;<br \/>\n              font-stretch: normal;<br \/>\n            }<br \/>\n            @font-face {<br \/>\n              font-family: 'graphik-web';<br \/>\n              src: url('chrome-extension:\/\/ihcjicgdanjaechkgeegckofjjedodee\/vendor\/graphik\/web\/graphik-lightitalic-web.eot');<br \/>\n              src: url('chrome-extension:\/\/ihcjicgdanjaechkgeegckofjjedodee\/vendor\/graphik\/web\/graphik-lightitalic-web.eot?#iefix') format('embedded-opentype'),<br \/>\n                   url('chrome-extension:\/\/ihcjicgdanjaechkgeegckofjjedodee\/vendor\/graphik\/web\/graphik-lightitalic-web.woff2') format('woff2'),<br \/>\n                   url('chrome-extension:\/\/ihcjicgdanjaechkgeegckofjjedodee\/vendor\/graphik\/web\/graphik-lightitalic-web.woff') format('woff');<br \/>\n                   font-weight: 300;<br \/>\n                   font-style: italic;<br \/>\n                   font-stretch: normal;<br \/>\n            }<br \/>\n            @font-face {<br \/>\n              font-family: 'graphik-web';<br \/>\n              src: url('chrome-extension:\/\/ihcjicgdanjaechkgeegckofjjedodee\/vendor\/graphik\/web\/graphik-regular-web.eot');<br \/>\n              src: url('chrome-extension:\/\/ihcjicgdanjaechkgeegckofjjedodee\/vendor\/graphik\/web\/graphik-regular-web.eot?#iefix') format('embedded-opentype'),<br \/>\n                   url('chrome-extension:\/\/ihcjicgdanjaechkgeegckofjjedodee\/vendor\/graphik\/web\/graphik-regular-web.woff2') format('woff2'),<br \/>\n                   url('chrome-extension:\/\/ihcjicgdanjaechkgeegckofjjedodee\/vendor\/graphik\/web\/graphik-regular-web.woff') format('woff');<br \/>\n              font-weight: 400;<br \/>\n              font-style: normal;<br \/>\n              font-stretch: normal;<br \/>\n            }<br \/>\n            @font-face {<br \/>\n              font-family: 'graphik-web';<br \/>\n              src: url('chrome-extension:\/\/ihcjicgdanjaechkgeegckofjjedodee\/vendor\/graphik\/web\/graphik-bolditalic-web.eot');<br \/>\n              src: url('chrome-extension:\/\/ihcjicgdanjaechkgeegckofjjedodee\/vendor\/graphik\/web\/graphik-bolditalic-web.eot?#iefix')<br \/>\n                   format('embedded-opentype'),<br \/>\n                   url('chrome-extension:\/\/ihcjicgdanjaechkgeegckofjjedodee\/vendor\/graphik\/web\/graphik-bolditalic-web.woff2')<br \/>\n                   format('woff2'),<br \/>\n                   url('chrome-extension:\/\/ihcjicgdanjaechkgeegckofjjedodee\/vendor\/graphik\/web\/graphik-bolditalic-web.woff')<br \/>\n                   format('woff');<br \/>\n              font-weight: 700;<br \/>\n              font-style: italic;<br \/>\n              font-stretch: normal;<br \/>\n            }<br \/>\n            @font-face {<br \/>\n              font-family: 'graphik-web';<br \/>\n              src: url('chrome-extension:\/\/ihcjicgdanjaechkgeegckofjjedodee\/vendor\/graphik\/web\/graphik-medium-web.eot');<br \/>\n              src: url('chrome-extension:\/\/ihcjicgdanjaechkgeegckofjjedodee\/vendor\/graphik\/web\/graphik-medium-web.eot?#iefix') format('embedded-opentype'),<br \/>\n                   url('chrome-extension:\/\/ihcjicgdanjaechkgeegckofjjedodee\/vendor\/graphik\/web\/graphik-medium-web.woff2') format('woff2'),<br \/>\n                   url('chrome-extension:\/\/ihcjicgdanjaechkgeegckofjjedodee\/vendor\/graphik\/web\/graphik-medium-web.woff') format('woff');<br \/>\n              font-weight: 500;<br \/>\n              font-style: normal;<br \/>\n              font-stretch: normal;<br \/>\n            }<br \/>\n      <\/style>\n<\/div>\n","protected":false},"excerpt":{"rendered":"<p>Padr\u00e3o digital para confec\u00e7\u00e3o do amigurumi fanart da personagem <strong>Nezuko Kamado<\/strong> vers\u00e3o pequena, do anime\/mang\u00e1 Demon Slayer.<\/p>\n<p>O arquivo digital tem <strong>14 p\u00e1ginas e de fotos<\/strong> que facilitam a execu\u00e7\u00e3o do trabalho e com passo a passo detalhado para confec\u00e7\u00e3o dos amigurumis.<\/p>\n<p>J\u00e1 o amigurumi apresentam n\u00edvel de dificuldade f\u00e1cil e t\u00eam em m\u00e9dia 12cm, dependendo dos fios e da agulha.<\/p>\n<p style=\"text-align: center;\">&#8211; &#8211; &#8211; &#8211; &#8211; &#8211; &#8211; &#8211; &#8211; &#8211; &#8211; &#8211; &#8211; &#8211; &#8211; &#8211; &#8211; &#8211; &#8211; &#8211; &#8211; &#8211; &#8211; &#8211;<\/p>\n<p><em>[ English description below ]<\/em><\/p>\n<p><em>For international purchases: Payment via PayPal<\/em><\/p>\n<p><em>You must\u00a0<a href=\"https:\/\/bosquegurumi.com\/index.php\/minha-conta\/\" target=\"_blank\" rel=\"noopener\">sign in<\/a> to buy the PDF and download it. <\/em><em>The file will be available for download after the payment confirmation. Access MY ACCOUNT (Minha Conta) &gt;&gt; DOWNLOADS to download it.<\/em><\/p>\n<p>&nbsp;<\/p>\n","protected":false},"featured_media":1564,"template":"","meta":{"om_disable_all_campaigns":false,"_monsterinsights_skip_tracking":false,"_monsterinsights_sitenote_active":false,"_monsterinsights_sitenote_note":"","_monsterinsights_sitenote_category":0},"product_brand":[],"product_cat":[40,24,53],"product_tag":[58,66,59,60],"class_list":{"0":"post-1558","1":"product","2":"type-product","3":"status-publish","4":"has-post-thumbnail","6":"product_cat-patterns","7":"product_cat-receitas","8":"product_cat-otaku","9":"product_tag-anime","10":"product_tag-demon-slayer","11":"product_tag-manga","12":"product_tag-otaku","14":"first","15":"instock","16":"taxable","17":"shipping-taxable","18":"purchasable","19":"product-type-variable"},"aioseo_notices":[],"_links":{"self":[{"href":"https:\/\/bosquegurumi.com\/index.php\/wp-json\/wp\/v2\/product\/1558","targetHints":{"allow":["GET"]}}],"collection":[{"href":"https:\/\/bosquegurumi.com\/index.php\/wp-json\/wp\/v2\/product"}],"about":[{"href":"https:\/\/bosquegurumi.com\/index.php\/wp-json\/wp\/v2\/types\/product"}],"wp:featuredmedia":[{"embeddable":true,"href":"https:\/\/bosquegurumi.com\/index.php\/wp-json\/wp\/v2\/media\/1564"}],"wp:attachment":[{"href":"https:\/\/bosquegurumi.com\/index.php\/wp-json\/wp\/v2\/media?parent=1558"}],"wp:term":[{"taxonomy":"product_brand","embeddable":true,"href":"https:\/\/bosquegurumi.com\/index.php\/wp-json\/wp\/v2\/product_brand?post=1558"},{"taxonomy":"product_cat","embeddable":true,"href":"https:\/\/bosquegurumi.com\/index.php\/wp-json\/wp\/v2\/product_cat?post=1558"},{"taxonomy":"product_tag","embeddable":true,"href":"https:\/\/bosquegurumi.com\/index.php\/wp-json\/wp\/v2\/product_tag?post=1558"}],"curies":[{"name":"wp","href":"https:\/\/api.w.org\/{rel}","templated":true}]}}