{"id":13802,"date":"2026-03-10T14:00:49","date_gmt":"2026-03-10T17:00:49","guid":{"rendered":"https:\/\/bosquegurumi.com\/?post_type=product&#038;p=13802"},"modified":"2026-05-10T14:51:19","modified_gmt":"2026-05-10T17:51:19","slug":"one-piece-crochet-keychains","status":"publish","type":"product","link":"https:\/\/bosquegurumi.com\/index.php\/produto\/one-piece-crochet-keychains\/","title":{"rendered":"One Piece amigurumi keychains \/ chaveiros de croch\u00ea (English\/Portugu\u00eas)"},"content":{"rendered":"<p style=\"text-align: center;\"><em>One Piece crochet keychains \/ One Piece amigurumi keychain patterns<\/em><br \/>\n<em>One Piece chaveiros de croch\u00ea \/ receitas de amigurumi<\/em><\/p>\n<p style=\"text-align: center;\"><strong>Este produto n\u00e3o se trata das pe\u00e7as prontas, mas de arquivos em PDF para confec\u00e7\u00e3o dos amigurumis!<\/strong><\/p>\n<p style=\"text-align: center;\">Este e-book re\u00fane padr\u00f5es em PDF para confec\u00e7\u00e3o de <strong>chaveiros de croch\u00ea\/amigurumis fanarts<\/strong> inspirados em One Piece.<\/p>\n<p style=\"text-align: center;\"><strong>Volume 1: <\/strong>Luffy, Nami, Zoro<br \/>\n<strong>Volume 2: <\/strong>Chopper, Usopp, Sanji<br \/>\n<strong>Chopper<\/strong>: Pingente de bolsa e chaveiro<\/p>\n<ul>\n<li style=\"text-align: left;\">Padr\u00f5es em portugu\u00eas;<\/li>\n<li style=\"text-align: left;\">Em m\u00e9dia 5cm (agulha 2,25mm);<\/li>\n<li style=\"text-align: left;\">N\u00edvel de dificuldade: f\u00e1cil;<\/li>\n<li style=\"text-align: left;\">Receitas com v\u00eddeos de apoio e fotos.<\/li>\n<\/ul>\n<p style=\"text-align: center;\"><a href=\"https:\/\/www.youtube.com\/shorts\/iUWO350UiJE\" target=\"_blank\" rel=\"noopener\"><strong><span style=\"text-decoration: underline;\">Confira detalhes dos chaveiros (volume 1)!<\/span><\/strong><\/a><\/p>\n<p><strong>Ap\u00f3s a confirma\u00e7\u00e3o do pagamento, o(s) arquivo(s) digital(is) ficar\u00e1(\u00e3o) dispon\u00edvel(is) para download na sua conta do site na se\u00e7\u00e3o Minha conta &gt;&gt; Downloads .<\/strong><\/p>\n<p><strong>Este arquivo \u00e9 de uso pessoal, individual e intransfer\u00edvel. \u00c9 proibido revender, compartilhar ou distribuir o PDF por quaisquer meios, sejam f\u00edsicos ou digitais. Ao fazer a compra, voc\u00ea concordar com estes termos.<\/strong><\/p>\n<p style=\"text-align: center;\">____________________________________________________<\/p>\n<p style=\"text-align: center;\"><strong>These products aren\u2019t crochet keychains, but PDF patterns to make them!<\/strong><\/p>\n<p style=\"text-align: center;\">These are PDF files on how to make One Piece inspired amigurumis\/crochet keychains.<\/p>\n<p style=\"text-align: center;\">You must<strong> <span style=\"text-decoration: underline;\"><a href=\"https:\/\/bosquegurumi.com\/index.php\/minha-conta\/\">log in<\/a><\/span><\/strong> to buy the PDFs and download them.<\/p>\n<p style=\"text-align: center;\"><strong>Volume 1<\/strong>: Luffy, Nami, Zoro keychain patterns<br \/>\n<strong>Volume 2: <\/strong>Chopper, Usopp, Sanji crochet keychain patterns<br \/>\n<strong>Chopper<\/strong>: Bag charm and keychain patterns<\/p>\n<p style=\"text-align: center;\"><a href=\"https:\/\/bosquegurumi.com\/index.php\/produto-tag\/one-piece\/\" target=\"_blank\" rel=\"noopener\"><strong><span style=\"text-decoration: underline;\">Check out all the One Piece patterns!<\/span><\/strong><\/a><\/p>\n<ul>\n<li>The patterns language is English;<\/li>\n<li>Video tutorials and pictures to facilitate your work;<\/li>\n<li>List of materials and stitches used;<\/li>\n<li>Approximately 5cm \/ 2 inches (2.25mm crochet hook);<\/li>\n<li>Patterns level: easy-intermediate level.<\/li>\n<\/ul>\n<p>If you have doubts, you can <a href=\"https:\/\/bosquegurumi.com\/index.php\/contactus\/\">contact me<\/a>.<\/p>\n<p>The price is in Brazilian Real. It&#8217;s converted by Paypal to your local currency during checkout.<\/p>\n<p><strong>The patterns are for personal use only, which means it\u2019s forbidden to share or to sell the PDFs.<\/strong><\/p>\n<p><strong>The files will be available to download after the payment. Access MY ACCOUNT (Minha Conta) &gt;&gt; DOWNLOADS to download them.<\/strong><\/p>\n","protected":false},"excerpt":{"rendered":"<p style=\"text-align: center;\"><span style=\"font-size: xx-small;\">Click on the USA flag on the top of the page to translate it to English<\/span><\/p>\n<p style=\"text-align: center;\">E-book de receitas para confec\u00e7\u00e3o dos chaveiros de croch\u00ea fanarts de One Piece<\/p>\n<p style=\"text-align: center;\"><strong>Volume 1<\/strong>: Luffy, Nami, Zoro<br \/>\n<strong>Volume 2: <\/strong>Chopper, Usopp, Sanji<br \/>\n<strong>Chopper<\/strong>: Pingente de bolsa e chaveiro<\/p>\n<ul>\n<li style=\"text-align: left;\">Padr\u00f5es em portugu\u00eas;<\/li>\n<li style=\"text-align: left;\">Em m\u00e9dia 5cm (agulha 2,25mm);<\/li>\n<li style=\"text-align: left;\">N\u00edvel de dificuldade: f\u00e1cil.<\/li>\n<\/ul>\n<p style=\"text-align: center;\">= = = = = = = = = = = = = = = = = =<\/p>\n<p style=\"text-align: center;\">One Piece amigurumi keychain patterns.<\/p>\n<p style=\"text-align: center;\"><strong>Volume 1:<\/strong> Luffy, Zoro, Nami crochet patterns<br \/>\n<strong>Volume 2: <\/strong>Chopper, Usopp, Sanji crochet patterns<br \/>\n<strong>Chopper<\/strong>: Bag charm and keychain patterns<\/p>\n<ul>\n<li>Patterns in English;<\/li>\n<li>Size: ~5cm\/ 2 inches tall using a 2.25mm crochet hook;<\/li>\n<li>Difficulty level: easy level.<\/li>\n<\/ul>\n<p><strong>International purchases: payment via PayPal<\/strong><\/p>\n<p>The price is in Brazilian Real. It&#8217;s converted by Paypal to your local currency during checkout.<\/p>\n<p><em><strong>You must <a href=\"https:\/\/bosquegurumi.com\/index.php\/minha-conta\/\">log in<\/a> to buy the PDFs and download them<\/strong>. Access MY ACCOUNT (Minha Conta) &gt;&gt; DOWNLOADS to download them after the payment.<\/em><\/p>\n<div>.<\/div>\n","protected":false},"featured_media":13799,"template":"","meta":{"om_disable_all_campaigns":false,"_monsterinsights_skip_tracking":false,"_monsterinsights_sitenote_active":false,"_monsterinsights_sitenote_note":"","_monsterinsights_sitenote_category":0},"product_brand":[],"product_cat":[169,152,40,24],"product_tag":[137,58,153,59,111,60],"class_list":{"0":"post-13802","1":"product","2":"type-product","3":"status-publish","4":"has-post-thumbnail","6":"product_cat-celebridades","7":"product_cat-chaveiros-keychains","8":"product_cat-patterns","9":"product_cat-receitas","10":"product_tag-137","11":"product_tag-anime","12":"product_tag-chaveiros","13":"product_tag-manga","14":"product_tag-one-piece","15":"product_tag-otaku","17":"first","18":"instock","19":"taxable","20":"shipping-taxable","21":"purchasable","22":"product-type-variable"},"aioseo_notices":[],"_links":{"self":[{"href":"https:\/\/bosquegurumi.com\/index.php\/wp-json\/wp\/v2\/product\/13802","targetHints":{"allow":["GET"]}}],"collection":[{"href":"https:\/\/bosquegurumi.com\/index.php\/wp-json\/wp\/v2\/product"}],"about":[{"href":"https:\/\/bosquegurumi.com\/index.php\/wp-json\/wp\/v2\/types\/product"}],"wp:featuredmedia":[{"embeddable":true,"href":"https:\/\/bosquegurumi.com\/index.php\/wp-json\/wp\/v2\/media\/13799"}],"wp:attachment":[{"href":"https:\/\/bosquegurumi.com\/index.php\/wp-json\/wp\/v2\/media?parent=13802"}],"wp:term":[{"taxonomy":"product_brand","embeddable":true,"href":"https:\/\/bosquegurumi.com\/index.php\/wp-json\/wp\/v2\/product_brand?post=13802"},{"taxonomy":"product_cat","embeddable":true,"href":"https:\/\/bosquegurumi.com\/index.php\/wp-json\/wp\/v2\/product_cat?post=13802"},{"taxonomy":"product_tag","embeddable":true,"href":"https:\/\/bosquegurumi.com\/index.php\/wp-json\/wp\/v2\/product_tag?post=13802"}],"curies":[{"name":"wp","href":"https:\/\/api.w.org\/{rel}","templated":true}]}}