{"id":13616,"date":"2026-02-10T23:12:52","date_gmt":"2026-02-11T02:12:52","guid":{"rendered":"https:\/\/bosquegurumi.com\/?post_type=product&#038;p=13616"},"modified":"2026-04-07T14:58:56","modified_gmt":"2026-04-07T17:58:56","slug":"bad-bunny-amigurumi-super-tazon","status":"publish","type":"product","link":"https:\/\/bosquegurumi.com\/index.php\/produto\/bad-bunny-amigurumi-super-tazon\/","title":{"rendered":"Bad Bunny amigurumi pattern \/ receita (English\/Portugu\u00eas) Super Taz\u00f3n"},"content":{"rendered":"<p style=\"text-align: center;\"><em>Bad Bunny Super Bowl amigurumi pattern \/ Bad Bunny Super Taz\u00f3n crochet doll<\/em><br \/>\n<em>Bad Bunny no Super Bowl receita de amigurumi<\/em><\/p>\n<p style=\"text-align: center;\"><strong>Este produto n\u00e3o se trata das pe\u00e7as prontas, mas de arquivos em PDF para confec\u00e7\u00e3o dos amigurumis!<\/strong><\/p>\n<p style=\"text-align: center;\">Este e-book re\u00fane padr\u00f5es em PDF para confec\u00e7\u00e3o de <strong>chaveiros de croch\u00ea\/amigurumis fanarts<\/strong> inspirados na vida e na obra do porto-riquenho <strong>Benito<\/strong>. H\u00e1 as seguintes op\u00e7\u00f5es receitas:<\/p>\n<p style=\"text-align: center;\"><strong>Benito Bowl<\/strong><br \/>\nBad Bunny no Super Bowl: sentado ou em p\u00e9<\/p>\n<p style=\"text-align: center;\"><strong>Dupla de Minigurumis<\/strong><br \/>\nBenito Bowl + DtMF<\/p>\n<ul>\n<li style=\"text-align: left;\">Padr\u00f5es em portugu\u00eas;<\/li>\n<li style=\"text-align: left;\">Em m\u00e9dia 11cm (agulha 2,25mm);<\/li>\n<li style=\"text-align: left;\">N\u00edvel de dificuldade: intermedi\u00e1rio;<\/li>\n<li style=\"text-align: left;\">Receitas com v\u00eddeos de apoio e fotos.<\/li>\n<\/ul>\n<p style=\"text-align: center;\"><a href=\"https:\/\/www.youtube.com\/shorts\/iGU7R8zmUAo\" target=\"_blank\" rel=\"noopener\"><strong><span style=\"text-decoration: underline;\">Confira detalhes da pe\u00e7as!<\/span><\/strong><\/a><\/p>\n<p><strong>Ap\u00f3s a confirma\u00e7\u00e3o do pagamento, o(s) arquivo(s) digital(is) ficar\u00e1(\u00e3o) dispon\u00edvel(is) para download na sua conta do site na se\u00e7\u00e3o Minha conta &gt;&gt; Downloads .<\/strong><\/p>\n<p><strong>Este arquivo \u00e9 de uso pessoal, individual e intransfer\u00edvel. \u00c9 proibido revender, compartilhar ou distribuir o PDF por quaisquer meios, sejam f\u00edsicos ou digitais. Ao fazer a compra, voc\u00ea concordar com estes termos.<\/strong><\/p>\n<p style=\"text-align: center;\">____________________________________________________<\/p>\n<p style=\"text-align: center;\"><strong>These products aren\u2019t crochet dolls, but PDF patterns to make them!<\/strong><\/p>\n<p style=\"text-align: center;\">These are PDF files on how to make Bad Bunny inspired amigurumis\/crochet dolls. There are two options:<\/p>\n<p style=\"text-align: center;\"><strong>Benito Bowl<\/strong><br \/>\nStanding or Sitting versions of Bad Bunny at the Super Bowl<\/p>\n<p style=\"text-align: center;\"><strong>Duo of Minigurumis<\/strong><br \/>\nBenito Bowl &amp; DtMF<\/p>\n<p style=\"text-align: center;\">You must<strong> <span style=\"text-decoration: underline;\"><a href=\"https:\/\/bosquegurumi.com\/index.php\/minha-conta\/\">log in<\/a><\/span><\/strong> to buy the PDFs and download them.<\/p>\n<p style=\"text-align: center;\"><a href=\"https:\/\/bosquegurumi.com\/index.php\/produto-tag\/bad-bunny\/\" target=\"_blank\" rel=\"noopener\"><strong><span style=\"text-decoration: underline;\">Check out all the Bad Bunny patterns!<\/span><\/strong><\/a><\/p>\n<ul>\n<li>The patterns language is English;<\/li>\n<li>Video tutorials and pictures to facilitate your work;<\/li>\n<li>List of materials and stitches used;<\/li>\n<li>Approximately ~11cm using 2.25mm crochet hooks;<\/li>\n<li>Patterns level: intermediate level.<\/li>\n<\/ul>\n<p>If you have doubts, you can <a href=\"https:\/\/bosquegurumi.com\/index.php\/contactus\/\">contact me<\/a>.<\/p>\n<p>The price is in Brazilian Real. It&#8217;s converted by Paypal to your local currency during checkout.<\/p>\n<p><strong>The patterns are for personal use only, which means it\u2019s forbidden to share or to sell the PDFs.<\/strong><\/p>\n<p><strong>The files will be available to download after the payment. Access MY ACCOUNT (Minha Conta) &gt;&gt; DOWNLOADS to download them.<\/strong><\/p>\n","protected":false},"excerpt":{"rendered":"<p style=\"text-align: center;\"><span style=\"font-size: xx-small;\">Click on the USA flag on the top of the page to translate it to English<\/span><\/p>\n<p style=\"text-align: center;\">Receitas em PDF para confec\u00e7\u00e3o de amigurumis do<strong> Bad Bunny<\/strong>.<\/p>\n<p style=\"text-align: center;\">H\u00e1 duas op\u00e7\u00f5es de padr\u00f5es fanarts:<br \/>\n<strong>Benito Bowl<\/strong> (sentado ou em p\u00e9) ou a dupla de minigurumis <strong>Benito Bowl + DtMF<\/strong>.<\/p>\n<ul>\n<li style=\"text-align: left;\">Padr\u00f5es em portugu\u00eas;<\/li>\n<li style=\"text-align: left;\">Em m\u00e9dia 11cm (agulha 2,25mm);<\/li>\n<li style=\"text-align: left;\">N\u00edvel de dificuldade: intermedi\u00e1rio.<\/li>\n<\/ul>\n<p style=\"text-align: center;\">= = = = = = = = = = = = = = = = = =<\/p>\n<p style=\"text-align: center;\">Bad Bunny amigurumi patterns. There are two options:<br \/>\n<strong>Benito Bowl <\/strong>(standing or sitting versions of Bad Bunny at the Super Bowl) and the<br \/>\n<strong>Duo of Minigurumis <\/strong>(Benito Bowl &amp; DtMF).<\/p>\n<ul>\n<li>Patterns in English;<\/li>\n<li>Size: about ~11 using a 2.25mm crochet hook;<\/li>\n<li>Difficulty level: intermediate level.<\/li>\n<\/ul>\n<p><strong>International purchases: payment via PayPal<\/strong><\/p>\n<p>The price is in Brazilian Real. It&#8217;s converted by Paypal to your local currency during checkout.<\/p>\n<p><em><strong>You must <a href=\"https:\/\/bosquegurumi.com\/index.php\/minha-conta\/\">log in<\/a> to buy the PDFs and download them<\/strong>. Access MY ACCOUNT (Minha Conta) &gt;&gt; DOWNLOADS to download them after the payment and pre-order period.<\/em><\/p>\n<div>.<\/div>\n","protected":false},"featured_media":13625,"template":"","meta":{"om_disable_all_campaigns":false,"_monsterinsights_skip_tracking":false,"_monsterinsights_sitenote_active":false,"_monsterinsights_sitenote_note":"","_monsterinsights_sitenote_category":0},"product_brand":[],"product_cat":[169,152,40,24],"product_tag":[137,171,172,153,170,118,121],"class_list":{"0":"post-13616","1":"product","2":"type-product","3":"status-publish","4":"has-post-thumbnail","6":"product_cat-celebridades","7":"product_cat-chaveiros-keychains","8":"product_cat-patterns","9":"product_cat-receitas","10":"product_tag-137","11":"product_tag-bad-bunny","12":"product_tag-benito","13":"product_tag-chaveiros","14":"product_tag-dtmf","15":"product_tag-musica","16":"product_tag-singers","18":"first","19":"instock","20":"taxable","21":"shipping-taxable","22":"purchasable","23":"product-type-variable"},"aioseo_notices":[],"_links":{"self":[{"href":"https:\/\/bosquegurumi.com\/index.php\/wp-json\/wp\/v2\/product\/13616","targetHints":{"allow":["GET"]}}],"collection":[{"href":"https:\/\/bosquegurumi.com\/index.php\/wp-json\/wp\/v2\/product"}],"about":[{"href":"https:\/\/bosquegurumi.com\/index.php\/wp-json\/wp\/v2\/types\/product"}],"wp:featuredmedia":[{"embeddable":true,"href":"https:\/\/bosquegurumi.com\/index.php\/wp-json\/wp\/v2\/media\/13625"}],"wp:attachment":[{"href":"https:\/\/bosquegurumi.com\/index.php\/wp-json\/wp\/v2\/media?parent=13616"}],"wp:term":[{"taxonomy":"product_brand","embeddable":true,"href":"https:\/\/bosquegurumi.com\/index.php\/wp-json\/wp\/v2\/product_brand?post=13616"},{"taxonomy":"product_cat","embeddable":true,"href":"https:\/\/bosquegurumi.com\/index.php\/wp-json\/wp\/v2\/product_cat?post=13616"},{"taxonomy":"product_tag","embeddable":true,"href":"https:\/\/bosquegurumi.com\/index.php\/wp-json\/wp\/v2\/product_tag?post=13616"}],"curies":[{"name":"wp","href":"https:\/\/api.w.org\/{rel}","templated":true}]}}