{"id":1310,"date":"2022-01-30T08:32:25","date_gmt":"2022-01-30T11:32:25","guid":{"rendered":"https:\/\/bosquegurumi.com\/?post_type=product&#038;p=1310"},"modified":"2022-06-09T18:57:49","modified_gmt":"2022-06-09T21:57:49","slug":"nezuko-oni-demon-slayer-amigurumi","status":"publish","type":"product","link":"https:\/\/bosquegurumi.com\/index.php\/produto\/nezuko-oni-demon-slayer-amigurumi\/","title":{"rendered":"Nezuko Kamado Oni [PT\/EN] Demon Slayer &#8211; Pattern\/Receita de amigurumi"},"content":{"rendered":"<p style=\"text-align: center;\"><strong>Esta \u00e9 uma receita FANART.<\/strong><br \/>\n<strong>Arquivo digital para confec\u00e7\u00e3o da pe\u00e7a e n\u00e3o o amigurumi pronto!<\/strong><\/p>\n<p>O arquivo traz o passo a passo para a confec\u00e7\u00e3o do amigurumi fanart da vers\u00e3o Oni da Nezuko Kamado, personagem do anime\/mang\u00e1 Demon Slayer. A receita foi elaborada no projeto &#8220;Hashiras do Amigurumi&#8221; por Paola (@bosquegurumi) e Ana Karolina (@furifuri.amigurumi).<\/p>\n<p>S\u00e3o <strong>mais de 40 p\u00e1ginas, dezenas de fotos e v\u00eddeos de apoio<\/strong> que facilitam a execu\u00e7\u00e3o do trabalho. Al\u00e9m disso, o padr\u00e3o:<\/p>\n<ul>\n<li>Apresenta n\u00edvel de dificuldade <strong>intermedi\u00e1rio-avan\u00e7ado<\/strong><\/li>\n<li>T\u00eam em m\u00e9dia de<strong> 24cm<\/strong>, dependendo dos fios e da agulha<\/li>\n<li>Op\u00e7\u00e3o de <strong>olhos pintados<\/strong><\/li>\n<li>Cont\u00e9m v\u00eddeos de apoio para os <strong>bordados<\/strong> (veias do rosto e folhas do corpo)<\/li>\n<li>Traz <strong>informa\u00e7\u00f5es t\u00e9cnicas<\/strong> (materiais, abrevia\u00e7\u00f5es, etc)<\/li>\n<li>E <strong>passo a passo detalhado<\/strong> para confec\u00e7\u00e3o do amigurumi!<\/li>\n<\/ul>\n<p>Suporte dispon\u00edvel!<\/p>\n<p><strong>O arquivo digital ficar\u00e1 dispon\u00edvel para download na sua conta do <\/strong><strong>site, na se\u00e7\u00e3o Minha Conta =&gt; Downloads.<\/strong><\/p>\n<p><strong>Padr\u00e3o de uso pessoal, individual e intransfer\u00edvel. Venda e\/ou compartilhamento \u00e9 proibido, seja <\/strong><strong>por meios f\u00edsicos ou digitais, de acordo com a lei de direitos autorais N\u00ba 9.610\/98. Ao realizar a <\/strong><strong>compra voc\u00ea concorda as referidas condi\u00e7\u00f5es de n\u00e3o compartilhamento.<\/strong><\/p>\n<hr \/>\n<p style=\"text-align: center;\"><strong>This product isn\u2019t a doll, but an amigurumi pattern to make one!<\/strong><\/p>\n<p style=\"text-align: center;\">Nezuko Kamado demon form amigurumi fanart from \u201cDemon Slayer\u201d anime\/manga. This pattern is part of Demon Slayer Amigurumi Fanart Collection, designed by Paola (@bosquegurumi), Ana Karolina (@furifuri.amigurumi), Marina (@mavi.mundi) and Lari (@amigulari_).<\/p>\n<ul>\n<li>The pattern language is English;<\/li>\n<li>More than 40 pages and many, many pictures;<\/li>\n<li>Video tutorials;<\/li>\n<li>PDF contains detailed instructions to make the amigurumi;<\/li>\n<li>List of materials and stitches used;<\/li>\n<li>Approximately 24cm (hook size 2.5);<\/li>\n<li>Patterns level: intermediate-advanced.<\/li>\n<\/ul>\n<p>If you have doubts, you can contact the designers through different channels. Don&#8217;t hesitate to DM us on instagram (@bosquegurumi or @furifuri.amigurumi) or email to bosquegurumi@gmail.com if you have any questions.<\/p>\n<p><strong>Attention! You must <a href=\"https:\/\/bosquegurumi.com\/index.php\/minha-conta\/\">sign in<\/a> to buy the PDF and download it. Access MY ACCOUNT (Minha conta) &gt;&gt; DOWNLOADS to download it.<\/strong><\/p>\n<p><strong>The pattern is for personal use only. DO NOT duplicate, share, sell or distribute the PDF by any means. However, you may sell the finished product in SMALL mass but please credit Bosquegurumi and FuriFuri as the amigurumi pattern designers. We&#8217;re thankful for your support and understanding!<\/strong><\/p>\n<p>&nbsp;<\/p>\n<div id=\"malwarebytes-root\"><\/div>\n<div id=\"malwarebytes-root\"><\/div>\n<div id=\"malwarebytes-root\"><\/div>\n","protected":false},"excerpt":{"rendered":"<p>Padr\u00e3o digital para confec\u00e7\u00e3o do amigurumi fanart da Nezuko Kamada vers\u00e3o Oni, de Demon Slayer\/Kimetsu no Yaiba!<\/p>\n<p>&nbsp;<\/p>\n<ul>\n<li><strong>PDF com mais de 40 p\u00e1ginas<\/strong><\/li>\n<li><strong>Dezenas de fotos<\/strong><\/li>\n<li><strong>V\u00eddeos de apoio<\/strong><\/li>\n<li><strong>Idioma portugu\u00eas<\/strong><\/li>\n<li><strong>N\u00edvel de dificuldade: intermedi\u00e1rio-avan\u00e7ado<\/strong><\/li>\n<li><strong>Cerca de 24cm, dependendo dos fios e da agulha<\/strong><\/li>\n<\/ul>\n<div>\n<p style=\"text-align: center;\">&#8211; &#8211; &#8211; &#8211; &#8211; &#8211; &#8211; &#8211; &#8211; &#8211; &#8211; &#8211; &#8211; &#8211; &#8211; &#8211; &#8211; &#8211; &#8211; &#8211; &#8211; &#8211; &#8211; &#8211;<\/p>\n<p><em>[ English description below ]<\/em><\/p>\n<p>International purchases: payment via PayPal<\/p>\n<p><em>The files will be available after the payment. Access MY ACCOUNT (Minha Conta) &gt;&gt; DOWNLOADS to download it.<\/em><\/p>\n<p>&nbsp;<\/p>\n<\/div>\n","protected":false},"featured_media":1337,"template":"","meta":{"om_disable_all_campaigns":false,"_monsterinsights_skip_tracking":false,"_monsterinsights_sitenote_active":false,"_monsterinsights_sitenote_note":"","_monsterinsights_sitenote_category":0},"product_brand":[],"product_cat":[40,24,53],"product_tag":[58,66,59,60],"class_list":{"0":"post-1310","1":"product","2":"type-product","3":"status-publish","4":"has-post-thumbnail","6":"product_cat-patterns","7":"product_cat-receitas","8":"product_cat-otaku","9":"product_tag-anime","10":"product_tag-demon-slayer","11":"product_tag-manga","12":"product_tag-otaku","14":"first","15":"instock","16":"taxable","17":"shipping-taxable","18":"purchasable","19":"product-type-variable"},"aioseo_notices":[],"_links":{"self":[{"href":"https:\/\/bosquegurumi.com\/index.php\/wp-json\/wp\/v2\/product\/1310","targetHints":{"allow":["GET"]}}],"collection":[{"href":"https:\/\/bosquegurumi.com\/index.php\/wp-json\/wp\/v2\/product"}],"about":[{"href":"https:\/\/bosquegurumi.com\/index.php\/wp-json\/wp\/v2\/types\/product"}],"wp:featuredmedia":[{"embeddable":true,"href":"https:\/\/bosquegurumi.com\/index.php\/wp-json\/wp\/v2\/media\/1337"}],"wp:attachment":[{"href":"https:\/\/bosquegurumi.com\/index.php\/wp-json\/wp\/v2\/media?parent=1310"}],"wp:term":[{"taxonomy":"product_brand","embeddable":true,"href":"https:\/\/bosquegurumi.com\/index.php\/wp-json\/wp\/v2\/product_brand?post=1310"},{"taxonomy":"product_cat","embeddable":true,"href":"https:\/\/bosquegurumi.com\/index.php\/wp-json\/wp\/v2\/product_cat?post=1310"},{"taxonomy":"product_tag","embeddable":true,"href":"https:\/\/bosquegurumi.com\/index.php\/wp-json\/wp\/v2\/product_tag?post=1310"}],"curies":[{"name":"wp","href":"https:\/\/api.w.org\/{rel}","templated":true}]}}