{"id":13094,"date":"2025-07-11T14:13:18","date_gmt":"2025-07-11T17:13:18","guid":{"rendered":"https:\/\/bosquegurumi.com\/?post_type=product&#038;p=13094"},"modified":"2026-01-13T17:36:05","modified_gmt":"2026-01-13T20:36:05","slug":"rumi-amigurumi","status":"publish","type":"product","link":"https:\/\/bosquegurumi.com\/index.php\/produto\/rumi-amigurumi\/","title":{"rendered":"Rumi amigurumi pattern \/ receita de amigurumi [PT\/English] Kpop Demon Hunters"},"content":{"rendered":"<p style=\"text-align: center;\"><em>Rumi amigurumi pattern \/ Rumi receita de amigurumi &#8211; Kpop Demon Hunters<\/em><\/p>\n<p style=\"text-align: center;\"><strong>Este produto n\u00e3o se trata das pe\u00e7as prontas, mas de arquivos em PDF para confec\u00e7\u00e3o dos amigurumis!<\/strong><\/p>\n<p style=\"text-align: center;\">Padr\u00f5es em PDF para confec\u00e7\u00e3o dos <strong>bonecos de croch\u00ea\/amigurumis fanarts<\/strong> inspirados em <a href=\"https:\/\/bosquegurumi.com\/index.php\/produto\/guerreiras-do-kpop-amigurumis\/\" target=\"_blank\" rel=\"noopener\"><strong>Guerreiras do K-Pop<\/strong><\/a>: <strong>Rumi e\/ou Jinu.<\/strong><\/p>\n<ul>\n<li style=\"text-align: left;\">Padr\u00f5es em portugu\u00eas;<\/li>\n<li style=\"text-align: left;\">Em m\u00e9dia 15cm (vers\u00e3o em p\u00e9 &#8211; agulhas 2mm e 2,25mm) e 11mm (sentado &#8211; agulha 2,25mm);<\/li>\n<li style=\"text-align: left;\">N\u00edvel de dificuldade: intermedi\u00e1rio-avan\u00e7ado;<\/li>\n<li style=\"text-align: left;\">Receitas com v\u00eddeos de apoio e fotos.<\/li>\n<\/ul>\n<p style=\"text-align: center;\"><a href=\"https:\/\/www.tiktok.com\/@bosquegurumi\/video\/7527019344677604613\" target=\"_blank\" rel=\"noopener\"><strong><span style=\"text-decoration: underline;\">Chaveiros Guerreiras do Kpop<\/span><\/strong><\/a><\/p>\n<p><strong>Ap\u00f3s a confirma\u00e7\u00e3o do pagamento, o(s) arquivo(s) digital(is) ficar\u00e1(\u00e3o) dispon\u00edvel(is) para download na sua conta do site na se\u00e7\u00e3o Minha conta &gt;&gt; Downloads .<\/strong><\/p>\n<p><strong>Este arquivo \u00e9 de uso pessoal, individual e intransfer\u00edvel. \u00c9 proibido revender, compartilhar ou distribuir o PDF por quaisquer meios, sejam f\u00edsicos ou digitais. Ao fazer a compra, voc\u00ea concordar com estes termos.<\/strong><\/p>\n<p style=\"text-align: center;\">____________________________________________________<\/p>\n<p style=\"text-align: center;\"><strong>These products aren\u2019t crochet dolls, but PDF patterns to make them!<\/strong><\/p>\n<p style=\"text-align: center;\">These are a PDF files on how to make K-Pop Demom Hunters inspired amigurumis:<strong> Jinu <\/strong>and\/or<strong> Rumi<\/strong><strong>.<\/strong><\/p>\n<p style=\"text-align: center;\">You must<strong> <span style=\"text-decoration: underline;\"><a href=\"https:\/\/bosquegurumi.com\/index.php\/minha-conta\/\">log in<\/a><\/span><\/strong> to buy the PDFs and download them.<\/p>\n<p style=\"text-align: center;\"><a href=\"https:\/\/bosquegurumi.com\/index.php\/produto-tag\/kpop-demon-hunters\/\" target=\"_blank\" rel=\"noopener\"><strong><span style=\"text-decoration: underline;\">Check out more &#8220;K-Pop Demon Hunters&#8221; patterns!<\/span><\/strong><\/a><\/p>\n<ul>\n<li>The patterns language is English;<\/li>\n<li>Video tutorials and pictures to facilitate your work;<\/li>\n<li>List of materials and stitches used;<\/li>\n<li>Approximately 15cm (standing version \/ using 2mm and 2.25mm crochet hooks) and 11cm (sitting version \/ using a 2.25mm hook);<\/li>\n<li>Patterns level: intermediate-advanced level.<\/li>\n<\/ul>\n<p>If you have doubts, you can <a href=\"https:\/\/bosquegurumi.com\/index.php\/contactus\/\">contact me<\/a>.<\/p>\n<p>The price is in Brazilian Real. It&#8217;s converted by Paypal to your local currency during checkout.<\/p>\n<p><strong>The patterns are for personal use only, which means it\u2019s forbidden to share or to sell the PDFs.<\/strong><\/p>\n<p><strong>The files will be available to download after the payment. Access MY ACCOUNT (Minha Conta) &gt;&gt; DOWNLOADS to download them.<\/strong><\/p>\n","protected":false},"excerpt":{"rendered":"<p style=\"text-align: center;\"><span style=\"font-size: xx-small;\">Click on the USA flag on the top of the page to translate it to English<\/span><\/p>\n<p style=\"text-align: center;\">Receitas para confec\u00e7\u00e3o dos amigurumis da <strong>Rumi<\/strong> e\/ou do<strong> Jinu<\/strong>\u00a0de &#8220;Guerreiras do K-Pop&#8221;.<\/p>\n<p style=\"text-align: center;\"><strong><a href=\"https:\/\/bosquegurumi.com\/index.php\/produto-tag\/guerreiras-do-kpop\" target=\"_blank\" rel=\"noopener\"><span style=\"text-decoration: underline;\">Confira a cole\u00e7\u00e3o de receitas Guerreiras do KPop<\/span><\/a><\/strong><\/p>\n<ul>\n<li style=\"text-align: left;\">Padr\u00f5es em portugu\u00eas;<\/li>\n<li style=\"text-align: left;\">Em m\u00e9dia 15cm (vers\u00e3o em p\u00e9\/agulhas 2mm e 2,25mm) e 11cm (boneco sentado\/agulha 2,25mm);<\/li>\n<li style=\"text-align: left;\">N\u00edvel de dificuldade: intermedi\u00e1rio-avan\u00e7ado.<\/li>\n<\/ul>\n<p style=\"text-align: center;\">= = = = = = = = = = = = = = = = = =<\/p>\n<p style=\"text-align: center;\">These are PDF files on how to make <strong>Rumi amigurumi <\/strong>and\/or<strong> Jinu amigurumi.<\/strong><br \/>\nPatterns inspired by &#8220;K-Pop Demon Hunters&#8221;.<\/p>\n<p style=\"text-align: center;\"><a href=\"https:\/\/bosquegurumi.com\/index.php\/produto-tag\/kpop-demon-hunters\/\" target=\"_blank\" rel=\"noopener\"><strong><span style=\"text-decoration: underline;\">KPop Demon Hunters inspired amigurumis<\/span><\/strong><\/a><\/p>\n<ul>\n<li>Patterns in English;<\/li>\n<li>Size: about 15cm (standing version\/using 2mm and 2.25mm crochet hooks) and 11cm (sitting version\/using a 2.25mm crochet hook);<\/li>\n<li>Difficulty level: intermediate-advanced level.<\/li>\n<\/ul>\n<p><strong>International purchases: payment via PayPal<\/strong><\/p>\n<p>The price is in Brazilian Real. It&#8217;s converted by Paypal to your local currency during checkout.<\/p>\n<p><em><strong>You must <a href=\"https:\/\/bosquegurumi.com\/index.php\/minha-conta\/\">log in<\/a> to buy the PDFs and download them<\/strong>. Access MY ACCOUNT (Minha Conta) &gt;&gt; DOWNLOADS to download them after the payment.<\/em><\/p>\n<div>.<\/div>\n","protected":false},"featured_media":13035,"template":"","meta":{"om_disable_all_campaigns":false,"_monsterinsights_skip_tracking":false,"_monsterinsights_sitenote_active":false,"_monsterinsights_sitenote_note":"","_monsterinsights_sitenote_category":0},"product_brand":[],"product_cat":[40,24,42],"product_tag":[49,55,157,155,156],"class_list":{"0":"post-13094","1":"product","2":"type-product","3":"status-publish","4":"has-post-thumbnail","6":"product_cat-patterns","7":"product_cat-receitas","8":"product_cat-filmes-serie","9":"product_tag-animacao","10":"product_tag-filmes","11":"product_tag-guerreiras-do-kpop","12":"product_tag-k-pop","13":"product_tag-kpop-demon-hunters","15":"first","16":"instock","17":"taxable","18":"shipping-taxable","19":"purchasable","20":"product-type-variable"},"aioseo_notices":[],"_links":{"self":[{"href":"https:\/\/bosquegurumi.com\/index.php\/wp-json\/wp\/v2\/product\/13094","targetHints":{"allow":["GET"]}}],"collection":[{"href":"https:\/\/bosquegurumi.com\/index.php\/wp-json\/wp\/v2\/product"}],"about":[{"href":"https:\/\/bosquegurumi.com\/index.php\/wp-json\/wp\/v2\/types\/product"}],"wp:featuredmedia":[{"embeddable":true,"href":"https:\/\/bosquegurumi.com\/index.php\/wp-json\/wp\/v2\/media\/13035"}],"wp:attachment":[{"href":"https:\/\/bosquegurumi.com\/index.php\/wp-json\/wp\/v2\/media?parent=13094"}],"wp:term":[{"taxonomy":"product_brand","embeddable":true,"href":"https:\/\/bosquegurumi.com\/index.php\/wp-json\/wp\/v2\/product_brand?post=13094"},{"taxonomy":"product_cat","embeddable":true,"href":"https:\/\/bosquegurumi.com\/index.php\/wp-json\/wp\/v2\/product_cat?post=13094"},{"taxonomy":"product_tag","embeddable":true,"href":"https:\/\/bosquegurumi.com\/index.php\/wp-json\/wp\/v2\/product_tag?post=13094"}],"curies":[{"name":"wp","href":"https:\/\/api.w.org\/{rel}","templated":true}]}}