{"id":1307,"date":"2022-03-07T08:26:15","date_gmt":"2022-03-07T11:26:15","guid":{"rendered":"https:\/\/bosquegurumi.com\/?post_type=product&#038;p=1307"},"modified":"2026-04-13T00:00:25","modified_gmt":"2026-04-13T03:00:25","slug":"jujutsu-kaisen-amigurumi","status":"publish","type":"product","link":"https:\/\/bosquegurumi.com\/index.php\/produto\/jujutsu-kaisen-amigurumi\/","title":{"rendered":"E-book Jujutsu Kaisen: Volume 1 (4 receitas duplas de amigurumi)"},"content":{"rendered":"<p style=\"text-align: center;\"><strong>Estas s\u00e3o receitas FANART.<\/strong><br \/>\n<strong>Arquivos digitais para confec\u00e7\u00e3o das pe\u00e7as e n\u00e3o os amigurumis prontos!<\/strong><\/p>\n<p>O e-book traz receitas para a confec\u00e7\u00e3o de amigurumis fanarts inspirados no anime\/mang\u00e1 Jujutsu Kaisen, sendo os personagens retratados no e-book <strong>Itadori, Nobara, Megumi e os C\u00e3es Divinos<\/strong>. S\u00e3o 4 receitas duplas, portanto<strong> 8 padr\u00f5es<\/strong>, que incluem op\u00e7\u00f5es dos amigurumis em dois tamanhos: menor (aprox. 18cm) e maior (aprox. 23cm).<\/p>\n<p>S\u00e3o <strong>mais de 120 p\u00e1ginas e dezenas de fotos<\/strong> que facilitam a execu\u00e7\u00e3o do trabalho. Al\u00e9m disso, os padr\u00f5es:<\/p>\n<ul>\n<li>Apresentam n\u00edvel de dificuldade intermedi\u00e1rio<\/li>\n<li>S\u00e3o acompanhados por v\u00eddeos de apoio<\/li>\n<li>T\u00eam em m\u00e9dia 18cm (menor) e 23cm (maior), dependendo dos fios e da agulha<\/li>\n<li>Trazem informa\u00e7\u00f5es t\u00e9cnicas (materiais, abrevia\u00e7\u00f5es, etc)<\/li>\n<li>E passo a passo detalhado para confec\u00e7\u00e3o dos amigurumis!<\/li>\n<\/ul>\n<p>Suporte dispon\u00edvel!<\/p>\n<p><strong>O arquivo digital ficar\u00e1 dispon\u00edvel para download na sua conta do <\/strong><strong>site na se\u00e7\u00e3o Minha Conta =&gt; Downloads ap\u00f3s a confirma\u00e7\u00e3o do pagamento.<\/strong><\/p>\n<p><strong>Padr\u00f5es de uso pessoal, individual e intransfer\u00edvel. Venda e\/ou compartilhamento s\u00e3o proibidos, seja <\/strong><strong>por meios f\u00edsicos ou digitais, de acordo com a lei de direitos autorais N\u00ba 9.610\/98. Ao realizar a <\/strong><strong>compra voc\u00ea concorda as referidas condi\u00e7\u00f5es de n\u00e3o compartilhamento.<\/strong><\/p>\n<p>&nbsp;<\/p>\n","protected":false},"excerpt":{"rendered":"<p>O e-book traz receitas para a confec\u00e7\u00e3o de amigurumis fanarts inspirados no anime\/mang\u00e1 Jujutsu Kaisen, sendo os personagens retratados no e-book <strong>Itadori, Nobara, Megumi e os C\u00e3es Divinos<\/strong>.<\/p>\n<p>S\u00e3o 4 receitas duplas, portanto<strong> 8 padr\u00f5es<\/strong>, que incluem op\u00e7\u00f5es dos amigurumis em dois tamanhos de corpo: menor (aprox. 18cm) e maior (aprox. 23cm). Al\u00e9m disso, o e-book:<\/p>\n<ul>\n<li>Tem mais de 120 p\u00e1ginas e centenas de fotos<\/li>\n<li>Apresenta n\u00edvel de dificuldade f\u00e1cil-intermedi\u00e1rio<\/li>\n<li>Cont\u00e9m v\u00eddeos de apoio<\/li>\n<li>Traz padr\u00f5es com m\u00e9dia de 18cm (menor) e 23cm (maior), dependendo dos fios e da agulha<\/li>\n<li>Inclui informa\u00e7\u00f5es t\u00e9cnicas (materiais, abrevia\u00e7\u00f5es, etc)<\/li>\n<li>E passo a passo detalhado para confec\u00e7\u00e3o dos amigurumis!<\/li>\n<\/ul>\n<p>&nbsp;<\/p>\n","protected":false},"featured_media":1418,"template":"","meta":{"om_disable_all_campaigns":false,"_monsterinsights_skip_tracking":false,"_monsterinsights_sitenote_active":false,"_monsterinsights_sitenote_note":"","_monsterinsights_sitenote_category":0},"product_brand":[],"product_cat":[24,53],"product_tag":[58,67,59,60,173],"class_list":{"0":"post-1307","1":"product","2":"type-product","3":"status-publish","4":"has-post-thumbnail","6":"product_cat-receitas","7":"product_cat-otaku","8":"product_tag-anime","9":"product_tag-jujutsu-kaisen","10":"product_tag-manga","11":"product_tag-otaku","12":"product_tag-promo2026","14":"first","15":"instock","16":"downloadable","17":"virtual","18":"taxable","19":"purchasable","20":"product-type-simple"},"aioseo_notices":[],"_links":{"self":[{"href":"https:\/\/bosquegurumi.com\/index.php\/wp-json\/wp\/v2\/product\/1307","targetHints":{"allow":["GET"]}}],"collection":[{"href":"https:\/\/bosquegurumi.com\/index.php\/wp-json\/wp\/v2\/product"}],"about":[{"href":"https:\/\/bosquegurumi.com\/index.php\/wp-json\/wp\/v2\/types\/product"}],"wp:featuredmedia":[{"embeddable":true,"href":"https:\/\/bosquegurumi.com\/index.php\/wp-json\/wp\/v2\/media\/1418"}],"wp:attachment":[{"href":"https:\/\/bosquegurumi.com\/index.php\/wp-json\/wp\/v2\/media?parent=1307"}],"wp:term":[{"taxonomy":"product_brand","embeddable":true,"href":"https:\/\/bosquegurumi.com\/index.php\/wp-json\/wp\/v2\/product_brand?post=1307"},{"taxonomy":"product_cat","embeddable":true,"href":"https:\/\/bosquegurumi.com\/index.php\/wp-json\/wp\/v2\/product_cat?post=1307"},{"taxonomy":"product_tag","embeddable":true,"href":"https:\/\/bosquegurumi.com\/index.php\/wp-json\/wp\/v2\/product_tag?post=1307"}],"curies":[{"name":"wp","href":"https:\/\/api.w.org\/{rel}","templated":true}]}}