{"id":12939,"date":"2025-03-30T09:42:17","date_gmt":"2025-03-30T12:42:17","guid":{"rendered":"https:\/\/bosquegurumi.com\/?post_type=product&#038;p=12939"},"modified":"2025-09-23T22:55:09","modified_gmt":"2025-09-24T01:55:09","slug":"vincent-van-gogh-amigurumi","status":"publish","type":"product","link":"https:\/\/bosquegurumi.com\/index.php\/produto\/vincent-van-gogh-amigurumi\/","title":{"rendered":"Vincent van Gogh amigurumi pattern \/ receita de amigurumi [PT\/English]"},"content":{"rendered":"<p style=\"text-align: center;\"><em>Vincent van Gogh amigurumi<\/em><\/p>\n<p style=\"text-align: center;\"><strong>Este produto n\u00e3o se trata da pe\u00e7a pronta, mas do arquivo em PDF para confec\u00e7\u00e3o do amigurumi!<\/strong><\/p>\n<p style=\"text-align: center;\">Este arquivo re\u00fane instru\u00e7\u00f5es para confec\u00e7\u00e3o do amigurumi fanart de <strong>Vincent van Gogh<\/strong>.<\/p>\n<ul>\n<li style=\"text-align: left;\">Padr\u00e3o em portugu\u00eas;<\/li>\n<li style=\"text-align: left;\">Em m\u00e9dia 16cm;<\/li>\n<li style=\"text-align: left;\">Agulha recomendada: 2,25mm;<\/li>\n<li style=\"text-align: left;\">N\u00edvel de dificuldade: intermedi\u00e1rio;<\/li>\n<li style=\"text-align: left;\">Receitas com v\u00eddeos de apoio e fotos.<\/li>\n<\/ul>\n<p><strong>Ap\u00f3s a confirma\u00e7\u00e3o do pagamento, o arquivo digital ficar\u00e1 dispon\u00edvel para download na sua conta do site na se\u00e7\u00e3o Minha conta &gt;&gt; Downloads.<\/strong><\/p>\n<p><strong>Este arquivo \u00e9 de uso pessoal, individual e intransfer\u00edvel. \u00c9 proibido revender, compartilhar ou distribuir o PDF por quaisquer meios, sejam f\u00edsicos ou digitais. Ao fazer a compra, voc\u00ea concordar com estes termos.<\/strong><\/p>\n<p style=\"text-align: center;\">____________________________________________________<\/p>\n<p style=\"text-align: center;\"><strong>This product isn\u2019t the finished doll; it&#8217;s a PDF pattern on how to make the inspired amigurumi!<\/strong><\/p>\n<p style=\"text-align: center;\">PDF file on how to make <strong>Vincent van Gogh<\/strong> inspired amigurumi.<\/p>\n<p style=\"text-align: center;\">You must <span style=\"text-decoration: underline;\"><a href=\"https:\/\/bosquegurumi.com\/index.php\/minha-conta\/\">log in<\/a><\/span> to buy the PDF and download it.<\/p>\n<ul>\n<li>The patterns language is English;<\/li>\n<li>List of materials and stitches used;<\/li>\n<li>Approximately 16cm;<\/li>\n<li>The recommended hook size is 2.25mm;<\/li>\n<li>Patterns level: intermediate level;<\/li>\n<li>Video tutorials and pictures to facilitate your work.<\/li>\n<\/ul>\n<p>If you have doubts, you can <a href=\"https:\/\/bosquegurumi.com\/index.php\/contactus\/\">contact me<\/a>.<\/p>\n<p>The price is in Brazilian Real. It&#8217;s converted by Paypal to your local currency during checkout.<\/p>\n<p><strong>The patterns are for personal use only, which means it\u2019s forbidden to share or to sell the PDFs.<\/strong><\/p>\n<p><strong>The files will be available to download after the payment. Access MY ACCOUNT (Minha Conta) &gt;&gt; DOWNLOADS to download them.<\/strong><\/p>\n","protected":false},"excerpt":{"rendered":"<p style=\"text-align: center;\"><span style=\"font-size: xx-small;\">Click on the USA flag on the top of the page to translate it to English<\/span><\/p>\n<p style=\"text-align: center;\">Padr\u00e3o em PDF confec\u00e7\u00e3o do amigurumi do pintor <strong>Vincent van Gogh<\/strong>.<\/p>\n<ul>\n<li>Padr\u00f5es dispon\u00edveis em portugu\u00eas e ingl\u00eas;<\/li>\n<li>Cerca de 16cm;<\/li>\n<li>Agulha sugerida: 2.25mm;<\/li>\n<li>N\u00edvel de dificuldade: intermedi\u00e1rio.<\/li>\n<\/ul>\n<p style=\"text-align: center;\">= = = = = = = = = = = = = = = = = =<\/p>\n<p style=\"text-align: center;\">Vincent van Gogh inspired amigurumi pattern.<\/p>\n<ul>\n<li>Pattern in English;<\/li>\n<li>Size: approx. 16cm;<\/li>\n<li>The recommended hook size is 2.25mm;<\/li>\n<li>Difficulty level: intermediate level.<\/li>\n<\/ul>\n<p><strong>International purchases: payment via PayPal<\/strong><\/p>\n<p>The price is in Brazilian Real. It&#8217;s converted by Paypal to your local currency during checkout.<\/p>\n<p><em><strong>You must <a href=\"https:\/\/bosquegurumi.com\/index.php\/minha-conta\/\">log in<\/a> to buy the PDFs and download them<\/strong>. Access MY ACCOUNT (Minha Conta) &gt;&gt; DOWNLOADS to download them.<\/em><\/p>\n<div>.<\/div>\n","protected":false},"featured_media":12937,"template":"","meta":{"om_disable_all_campaigns":false,"_monsterinsights_skip_tracking":false,"_monsterinsights_sitenote_active":false,"_monsterinsights_sitenote_note":"","_monsterinsights_sitenote_category":0},"product_brand":[],"product_cat":[161,40,24],"product_tag":[164,163,162,165],"class_list":{"0":"post-12939","1":"product","2":"type-product","3":"status-publish","4":"has-post-thumbnail","6":"product_cat-pintores-arte-receitas","7":"product_cat-patterns","8":"product_cat-receitas","9":"product_tag-arte","10":"product_tag-painter","11":"product_tag-pintores","12":"product_tag-van-gogh","14":"first","15":"instock","16":"taxable","17":"shipping-taxable","18":"purchasable","19":"product-type-variable"},"aioseo_notices":[],"_links":{"self":[{"href":"https:\/\/bosquegurumi.com\/index.php\/wp-json\/wp\/v2\/product\/12939","targetHints":{"allow":["GET"]}}],"collection":[{"href":"https:\/\/bosquegurumi.com\/index.php\/wp-json\/wp\/v2\/product"}],"about":[{"href":"https:\/\/bosquegurumi.com\/index.php\/wp-json\/wp\/v2\/types\/product"}],"wp:featuredmedia":[{"embeddable":true,"href":"https:\/\/bosquegurumi.com\/index.php\/wp-json\/wp\/v2\/media\/12937"}],"wp:attachment":[{"href":"https:\/\/bosquegurumi.com\/index.php\/wp-json\/wp\/v2\/media?parent=12939"}],"wp:term":[{"taxonomy":"product_brand","embeddable":true,"href":"https:\/\/bosquegurumi.com\/index.php\/wp-json\/wp\/v2\/product_brand?post=12939"},{"taxonomy":"product_cat","embeddable":true,"href":"https:\/\/bosquegurumi.com\/index.php\/wp-json\/wp\/v2\/product_cat?post=12939"},{"taxonomy":"product_tag","embeddable":true,"href":"https:\/\/bosquegurumi.com\/index.php\/wp-json\/wp\/v2\/product_tag?post=12939"}],"curies":[{"name":"wp","href":"https:\/\/api.w.org\/{rel}","templated":true}]}}