{"id":12893,"date":"2024-10-31T00:00:26","date_gmt":"2024-10-31T03:00:26","guid":{"rendered":"https:\/\/bosquegurumi.com\/?post_type=product&#038;p=12893"},"modified":"2025-09-14T20:32:09","modified_gmt":"2025-09-14T23:32:09","slug":"beetlejuice-amigurumi-lydia","status":"publish","type":"product","link":"https:\/\/bosquegurumi.com\/index.php\/produto\/beetlejuice-amigurumi-lydia\/","title":{"rendered":"Beetlejuice amigurumi pattern \/ Beetlejuice &#038; Lydia receitas de amigurumis [Portugu\u00eas\/English]"},"content":{"rendered":"<p style=\"text-align: center;\"><strong>BEETLEJUICE AMIGURUMIS<br \/>\nBeetlejuice &amp; Lydia<br \/>\n<\/strong><\/p>\n<p style=\"text-align: center;\"><strong>Estes produtos n\u00e3o s\u00e3o as pe\u00e7as prontas, mas arquivos em PDF para confec\u00e7\u00e3o dos amigurumis!<\/strong><\/p>\n<p style=\"text-align: center;\">Este arquivo re\u00fane instru\u00e7\u00f5es para confec\u00e7\u00e3o dos amigurumis fanarts dos personagens <strong><a href=\"https:\/\/www.instagram.com\/reel\/DBHRCgYxQOL\/\" target=\"_blank\" rel=\"noopener\"><span style=\"text-decoration: underline;\">Beetlejuice<\/span><\/a> e Lydia<\/strong>, da obra &#8220;Os Fantasmas Se Divertem&#8221;.<\/p>\n<p style=\"text-align: center;\">Padr\u00e3o dispon\u00edvel <strong>individualmente<\/strong> (Beetlejuice) ou em <strong>dupla<\/strong> (casal: Beetlejuice e Lydia).<\/p>\n<ul>\n<li style=\"text-align: left;\">Padr\u00f5es em portugu\u00eas;<\/li>\n<li style=\"text-align: left;\">Em m\u00e9dia 17cm;<\/li>\n<li style=\"text-align: left;\">Agulhas recomendadas: 2mm e 2,25mm;<\/li>\n<li style=\"text-align: left;\">N\u00edvel de dificuldade: avan\u00e7ado;<\/li>\n<li style=\"text-align: left;\">Receitas com v\u00eddeos de apoio e fotos.<\/li>\n<\/ul>\n<p><strong>Ap\u00f3s a confirma\u00e7\u00e3o do pagamento, o(s) arquivo(s) digital(is) ficar\u00e1(\u00e3o) dispon\u00edvel(is) para download na sua conta do site na se\u00e7\u00e3o Minha conta &gt;&gt; Downloads.<\/strong><\/p>\n<p><strong>Este(s) arquivo(s) \u00e9(s\u00e3o) de uso pessoal, individual e intransfer\u00edvel. \u00c9 proibido revender, compartilhar ou distribuir o(s) PDF(s) por quaisquer meios, sejam f\u00edsicos ou digitais. Ao fazer a compra, voc\u00ea concordar com estes termos.<\/strong><\/p>\n<p style=\"text-align: center;\">____________________________________________________<\/p>\n<p style=\"text-align: center;\"><strong>These products aren\u2019t the finished dolls; they&#8217;re PDF patterns on how to make the inspired amigurumis!<\/strong><\/p>\n<p style=\"text-align: center;\">PDF files on how to make <strong>Beetlejuice amigurumi and Lydia amigurumi<\/strong>.\u00a0You must <span style=\"text-decoration: underline;\"><a href=\"https:\/\/bosquegurumi.com\/index.php\/minha-conta\/\">log in<\/a><\/span> to buy the PDFs and download them.<\/p>\n<ul>\n<li>The patterns language is English;<\/li>\n<li>Video tutorials and pictures to facilitate your work;<\/li>\n<li>List of materials and stitches used;<\/li>\n<li>Approximately 17cm;<\/li>\n<li>The recommended hook sizes are 2mm and 2.25mm;<\/li>\n<li>Patterns level: advanced level.<\/li>\n<\/ul>\n<p><a href=\"https:\/\/www.youtube.com\/shorts\/JtFEidD9-t4\" target=\"_blank\" rel=\"noopener\"><strong>Click here to see details of Lydia inspired amigurumi!<\/strong><\/a><\/p>\n<p>If you have doubts, you can <a href=\"https:\/\/bosquegurumi.com\/index.php\/contactus\/\">contact me<\/a>.<\/p>\n<p>The price is in Brazilian Real. It&#8217;s converted by Paypal to your local currency during checkout.<\/p>\n<p><strong>The patterns are for personal use only, which means it\u2019s forbidden to share or to sell the PDFs.<\/strong><\/p>\n<p><strong>The files will be available to download after the payment. Access MY ACCOUNT (Minha Conta) &gt;&gt; DOWNLOADS to download them.<\/strong><\/p>\n","protected":false},"excerpt":{"rendered":"<p style=\"text-align: center;\"><span style=\"font-size: xx-small;\">Click on the USA flag on the top of the page to translate it to English<br \/>\n<\/span><\/p>\n<p style=\"text-align: center;\">Padr\u00e3o(s) em PDF para confec\u00e7\u00e3o do(s) amigurumi(s) da obra <strong>&#8220;Beetlejuice&#8221; <\/strong>ou<strong> &#8220;Os fantasmas se divertem&#8221;<\/strong>.<\/p>\n<ul>\n<li>Padr\u00f5es dispon\u00edveis em portugu\u00eas e ingl\u00eas;<\/li>\n<li>Cerca de 17cm;<\/li>\n<li>Agulhas sugeridas: 2mm e 2,25mm;<\/li>\n<li>N\u00edvel de dificuldade: avan\u00e7ado.<\/li>\n<\/ul>\n<p style=\"text-align: center;\">= = = = = = = = = = = = = = = = = =<\/p>\n<p style=\"text-align: center;\">Beetlejuice inspired amigurumi patterns.<\/p>\n<ul>\n<li>Patterns in English;<\/li>\n<li>Size: approx. 17cm;<\/li>\n<li>The recommended hook sizes are 2mm and 2,25mm;<\/li>\n<li>Difficulty level: advanced level.<\/li>\n<\/ul>\n<p><strong>International purchases: payment via PayPal<\/strong><\/p>\n<p>The price is in Brazilian Real. It&#8217;s converted by Paypal to your local currency during checkout.<\/p>\n<p><em><strong>You must <a href=\"https:\/\/bosquegurumi.com\/index.php\/minha-conta\/\">log in<\/a> to buy the PDFs and download them<\/strong>. Access MY ACCOUNT (Minha Conta) &gt;&gt; DOWNLOADS to download them.<\/em><\/p>\n<div>.<\/div>\n","protected":false},"featured_media":10131,"template":"","meta":{"om_disable_all_campaigns":false,"_monsterinsights_skip_tracking":false,"_monsterinsights_sitenote_active":false,"_monsterinsights_sitenote_note":"","_monsterinsights_sitenote_category":0},"product_brand":[],"product_cat":[40,24,42,37],"product_tag":[158,159,55,107,103,21],"class_list":{"0":"post-12893","1":"product","2":"type-product","3":"status-publish","4":"has-post-thumbnail","6":"product_cat-patterns","7":"product_cat-receitas","8":"product_cat-filmes-serie","9":"product_cat-musicais-receitas","10":"product_tag-beetlejuice","11":"product_tag-betelgeuse","12":"product_tag-filmes","13":"product_tag-halloween","14":"product_tag-movies","15":"product_tag-musicais","17":"first","18":"instock","19":"taxable","20":"shipping-taxable","21":"purchasable","22":"product-type-variable"},"aioseo_notices":[],"_links":{"self":[{"href":"https:\/\/bosquegurumi.com\/index.php\/wp-json\/wp\/v2\/product\/12893","targetHints":{"allow":["GET"]}}],"collection":[{"href":"https:\/\/bosquegurumi.com\/index.php\/wp-json\/wp\/v2\/product"}],"about":[{"href":"https:\/\/bosquegurumi.com\/index.php\/wp-json\/wp\/v2\/types\/product"}],"wp:featuredmedia":[{"embeddable":true,"href":"https:\/\/bosquegurumi.com\/index.php\/wp-json\/wp\/v2\/media\/10131"}],"wp:attachment":[{"href":"https:\/\/bosquegurumi.com\/index.php\/wp-json\/wp\/v2\/media?parent=12893"}],"wp:term":[{"taxonomy":"product_brand","embeddable":true,"href":"https:\/\/bosquegurumi.com\/index.php\/wp-json\/wp\/v2\/product_brand?post=12893"},{"taxonomy":"product_cat","embeddable":true,"href":"https:\/\/bosquegurumi.com\/index.php\/wp-json\/wp\/v2\/product_cat?post=12893"},{"taxonomy":"product_tag","embeddable":true,"href":"https:\/\/bosquegurumi.com\/index.php\/wp-json\/wp\/v2\/product_tag?post=12893"}],"curies":[{"name":"wp","href":"https:\/\/api.w.org\/{rel}","templated":true}]}}