{"id":12243,"date":"2025-07-21T03:01:10","date_gmt":"2025-07-21T06:01:10","guid":{"rendered":"https:\/\/bosquegurumi.com\/?post_type=product&#038;p=12243"},"modified":"2025-11-19T21:39:58","modified_gmt":"2025-11-20T00:39:58","slug":"guerreiras-do-kpop-amigurumis","status":"publish","type":"product","link":"https:\/\/bosquegurumi.com\/index.php\/produto\/guerreiras-do-kpop-amigurumis\/","title":{"rendered":"Guerreiras do K-Pop amigurumis: Rumi, Mira, Zoey, Jinu [Portugu\u00eas]"},"content":{"rendered":"<p style=\"text-align: center;\"><em>Rumi, Mira, Zoey, Jinu receitas de amigurumis<\/em><br \/>\n<em>Guerreiras do K-Pop padr\u00f5es de amigurumis<\/em><\/p>\n<p style=\"text-align: center;\"><strong>Estes produtos N\u00c3O S\u00c3O BONECOS PRONTOS, mas arquivos em PDF sobre como faz\u00ea-los!<\/strong><\/p>\n<p style=\"text-align: center;\"><strong>Huntrix &#8211; Rumi, Mira e Zoey<br \/>\nDupla 1 &#8211; Rumi &amp; Jinu<\/strong><br \/>\n<strong>Dupla 2 &#8211; Mira &amp; Zoey<\/strong><\/p>\n<ul>\n<li>Pe\u00e7as de aprox. 11 cm usando agulha 2.25mm;<\/li>\n<li>N\u00edvel de dificuldade: intermedi\u00e1rio e\/ou avan\u00e7ado;<\/li>\n<li>PDF&#8217;s cont\u00eam instru\u00e7\u00f5es detalhadas para fazer os amigurumis;<\/li>\n<li>Fotos e v\u00eddeos de apoio!<\/li>\n<\/ul>\n<p>Suporte dispon\u00edvel!<\/p>\n<p><a href=\"https:\/\/bosquegurumi.com\/index.php\/produto\/kpop-demon-hunters-amigurumis\" target=\"_blank\" rel=\"noopener\"><strong>=&gt; Patterns available in English<\/strong><\/a><\/p>\n<p>Veja mais <span style=\"text-decoration: underline;\"><a href=\"https:\/\/www.instagram.com\/bosquegurumi\/p\/DNf1yDCOan7\/\" target=\"_blank\" rel=\"noopener\">detalhes das pe\u00e7as<\/a><\/span><\/p>\n<p><strong>Padr\u00f5es para uso exclusivamente pessoal, por isso \u00e9 proibido compartilhar, distribuir, doar ou revender os PDFs. Ao comprar o produto voc\u00ea concorda automaticamente com estes termos.<\/strong><\/p>\n<p><em>Os padr\u00f5es estar\u00e3o dispon\u00edveis para download ap\u00f3s o pagamento. Acesse MINHA CONTA &gt;&gt; DOWNLOAD para baix\u00e1-los.<\/em><\/p>\n","protected":false},"excerpt":{"rendered":"<p style=\"text-align: center;\"><strong>Guerreiras do K-pop Receitas de Amigurumis<\/strong><\/p>\n<p style=\"text-align: center;\"><strong>Huntrix<br \/>\n<\/strong>Rumi, Mira e Zoey\u00a0amigurumi fanarts<\/p>\n<p style=\"text-align: center;\"><strong>Dupla I<br \/>\n<\/strong>Rumi &amp; Jinu amigurumi fanarts<\/p>\n<p style=\"text-align: center;\"><strong>Dupla II<\/strong><br \/>\nMira &amp; Zoey amigurumi fanarts<\/p>\n<p style=\"text-align: center;\"><a href=\"https:\/\/bosquegurumi.com\/index.php\/produto\/huntrix-amigurumi-keychains\/\" target=\"_blank\" rel=\"noopener\"><span style=\"text-decoration: underline;\"><strong>Padr\u00f5es dos chaveiros HUNTRIX aqui!<\/strong><\/span><\/a><\/p>\n<ul>\n<li>Pe\u00e7as de aprox. 11 cm usando agulha 2.25mm;<\/li>\n<li>N\u00edvel de dificuldade: intermedi\u00e1rio e\/ou avan\u00e7ado;<\/li>\n<li>PDF&#8217;s com instru\u00e7\u00f5es detalhadas, fotos e v\u00eddeos de apoio.<\/li>\n<\/ul>\n<p style=\"text-align: center;\"><span style=\"text-decoration: underline;\"><a href=\"https:\/\/bosquegurumi.com\/index.php\/produto\/kpop-demon-hunters-amigurumis\" target=\"_blank\" rel=\"noopener\">Check out the English patterns<\/a><\/span><\/p>\n<p><em>Os padr\u00f5es estar\u00e3o dispon\u00edveis para download ap\u00f3s o pagamento. Acesse MINHA CONTA &gt;&gt; DOWNLOAD para baix\u00e1-los.<\/em><\/p>\n<p>&nbsp;<\/p>\n","protected":false},"featured_media":12654,"template":"","meta":{"om_disable_all_campaigns":false,"_monsterinsights_skip_tracking":false,"_monsterinsights_sitenote_active":false,"_monsterinsights_sitenote_note":"","_monsterinsights_sitenote_category":0},"product_brand":[],"product_cat":[24,42],"product_tag":[49,55,157,155,156],"class_list":{"0":"post-12243","1":"product","2":"type-product","3":"status-publish","4":"has-post-thumbnail","6":"product_cat-receitas","7":"product_cat-filmes-serie","8":"product_tag-animacao","9":"product_tag-filmes","10":"product_tag-guerreiras-do-kpop","11":"product_tag-k-pop","12":"product_tag-kpop-demon-hunters","14":"first","15":"instock","16":"taxable","17":"shipping-taxable","18":"purchasable","19":"product-type-variable"},"aioseo_notices":[],"_links":{"self":[{"href":"https:\/\/bosquegurumi.com\/index.php\/wp-json\/wp\/v2\/product\/12243","targetHints":{"allow":["GET"]}}],"collection":[{"href":"https:\/\/bosquegurumi.com\/index.php\/wp-json\/wp\/v2\/product"}],"about":[{"href":"https:\/\/bosquegurumi.com\/index.php\/wp-json\/wp\/v2\/types\/product"}],"wp:featuredmedia":[{"embeddable":true,"href":"https:\/\/bosquegurumi.com\/index.php\/wp-json\/wp\/v2\/media\/12654"}],"wp:attachment":[{"href":"https:\/\/bosquegurumi.com\/index.php\/wp-json\/wp\/v2\/media?parent=12243"}],"wp:term":[{"taxonomy":"product_brand","embeddable":true,"href":"https:\/\/bosquegurumi.com\/index.php\/wp-json\/wp\/v2\/product_brand?post=12243"},{"taxonomy":"product_cat","embeddable":true,"href":"https:\/\/bosquegurumi.com\/index.php\/wp-json\/wp\/v2\/product_cat?post=12243"},{"taxonomy":"product_tag","embeddable":true,"href":"https:\/\/bosquegurumi.com\/index.php\/wp-json\/wp\/v2\/product_tag?post=12243"}],"curies":[{"name":"wp","href":"https:\/\/api.w.org\/{rel}","templated":true}]}}