{"id":1212,"date":"2022-01-28T00:18:38","date_gmt":"2022-01-28T03:18:38","guid":{"rendered":"https:\/\/bosquegurumi.com\/?post_type=product&#038;p=1212"},"modified":"2022-06-09T19:23:14","modified_gmt":"2022-06-09T22:23:14","slug":"demon-slayer-amigurumi","status":"publish","type":"product","link":"https:\/\/bosquegurumi.com\/index.php\/produto\/demon-slayer-amigurumi\/","title":{"rendered":"E-book Demon Slayer: 5 padr\u00f5es [EN\/PT] &#8211; Receitas\/Patterns"},"content":{"rendered":"<p style=\"text-align: center;\"><strong>Estas s\u00e3o receitas FANART.<\/strong><br \/>\n<strong>Arquivos digitais para confec\u00e7\u00e3o das pe\u00e7as e n\u00e3o os amigurumis prontos!<\/strong><\/p>\n<p>O e-book traz receitas para a confec\u00e7\u00e3o de amigurumis fanarts inspirados no anime\/mang\u00e1 Demon Slayer, sendo os personagens retratados no e-book Tanjiro, Nezuko, Zenitsu, Inosuke e Kanao. Eles foram elaborados no projeto &#8220;Hashiras do Amigurumi&#8221;, do qual fazem parte Paola (@bosquegurumi), Ana Karolina (@furifuri.amigurumi), Marina (@mavi.mundi) e Lari (@amigulari_).<\/p>\n<p>S\u00e3o <strong>quase cem p\u00e1ginas e dezenas de fotos<\/strong> que facilitam a execu\u00e7\u00e3o do trabalho. Al\u00e9m disso, os padr\u00f5es:<\/p>\n<ul>\n<li>Apresentam n\u00edvel de dificuldade intermedi\u00e1rio<\/li>\n<li>T\u00eam em m\u00e9dia de 22cm, dependendo dos fios e da agulha<\/li>\n<li>Trazem informa\u00e7\u00f5es t\u00e9cnicas (materiais, abrevia\u00e7\u00f5es, etc)<\/li>\n<li>E passo a passo detalhado para confec\u00e7\u00e3o dos amigurumis!<\/li>\n<\/ul>\n<p>Suporte dispon\u00edvel!<\/p>\n<p><strong>Ap\u00f3s a confirma\u00e7\u00e3o do pagamento, o arquivo digital ficar\u00e1 dispon\u00edvel para download na sua conta do <\/strong><strong>site na se\u00e7\u00e3o Minha Conta =&gt; Downloads.<\/strong><\/p>\n<p><strong>Padr\u00f5es de uso pessoal, individual e intransfer\u00edvel. Venda e\/ou compartilhamento s\u00e3o proibidos, seja <\/strong><strong>por meios f\u00edsicos ou digitais, de acordo com a lei de direitos autorais N\u00ba 9.610\/98. Ao realizar a <\/strong><strong>compra voc\u00ea concorda as referidas condi\u00e7\u00f5es de n\u00e3o compartilhamento.<\/strong><\/p>\n<hr \/>\n<p style=\"text-align: center;\"><strong>These products aren\u2019t dolls, but amigurumi patterns to make them!<\/strong><\/p>\n<p style=\"text-align: center;\">Tanjiro Kamado, Nezuko Kamado, Inosuke Hashibira, Zenitsu Agatsuma and Kanao Tsuyuri amigurumi fanarts from \u201cDemon Slayer\u201d anime\/manga. These patterns are part of Demon Slayer Amigurumi Fanart Collection, designed by a group of Brazilian designers.<\/p>\n<ul>\n<li>The patterns language is English;<\/li>\n<li>PDF contains detailed instructions to make the amigurumis fanart;<\/li>\n<li>More than 300 photos to facilitate your work!<\/li>\n<li>List of materials and stitches used;<\/li>\n<li>Approximately 22cm\/23cm (hook size 2.5);<\/li>\n<li>Patterns level: intermediate level.<\/li>\n<\/ul>\n<p>Designers (Instagram): @bosquegurumi, @amigulari, @furifuri.amigurumi, @mavi.mundi.<\/p>\n<p>If you have doubts, you can contact the seller through different channels.<\/p>\n<p><strong>The patterns are for personal use only, which means it\u2019s forbidden to share or to sell the PDF.<\/strong><\/p>\n<p><strong>The e-book will be available for download after the payment confirmation. Access MY ACCOUNT (Minha Conta) &gt;&gt; DOWNLOADS to download it.<\/strong><\/p>\n","protected":false},"excerpt":{"rendered":"<p>Padr\u00f5es digitais para confec\u00e7\u00e3o de amigurumis fanarts dos personagens <strong>Tanjiro, Nezuko, Zenitsu, Inosuke e Kanao<\/strong>, do anime\/mang\u00e1 Demon Slayer.<\/p>\n<p>O arquivo digital tem <strong>quase cem p\u00e1ginas e dezenas de fotos<\/strong> que facilitam a execu\u00e7\u00e3o do trabalho e com passo a passo detalhado para confec\u00e7\u00e3o dos amigurumis.<\/p>\n<p>J\u00e1 os amigurumis apresentam n\u00edvel de dificuldade intermedi\u00e1rio e t\u00eam em m\u00e9dia 22cm, dependendo dos fios e da agulha.<\/p>\n<p style=\"text-align: center;\">&#8211; &#8211; &#8211; &#8211; &#8211; &#8211; &#8211; &#8211; &#8211; &#8211; &#8211; &#8211; &#8211; &#8211; &#8211; &#8211; &#8211; &#8211; &#8211; &#8211; &#8211; &#8211; &#8211; &#8211;<\/p>\n<p><em>[ English description below ]<\/em><\/p>\n<p><em>The e-book will be available for download after the payment confirmation. Access MY ACCOUNT (Minha Conta) &gt;&gt; DOWNLOADS to download it.<\/em><\/p>\n<p>&nbsp;<\/p>\n<p>&nbsp;<\/p>\n<p>&nbsp;<\/p>\n","protected":false},"featured_media":1396,"template":"","meta":{"om_disable_all_campaigns":false,"_monsterinsights_skip_tracking":false,"_monsterinsights_sitenote_active":false,"_monsterinsights_sitenote_note":"","_monsterinsights_sitenote_category":0},"product_brand":[],"product_cat":[40,24,53],"product_tag":[58,66,59,60],"class_list":{"0":"post-1212","1":"product","2":"type-product","3":"status-publish","4":"has-post-thumbnail","6":"product_cat-patterns","7":"product_cat-receitas","8":"product_cat-otaku","9":"product_tag-anime","10":"product_tag-demon-slayer","11":"product_tag-manga","12":"product_tag-otaku","14":"first","15":"instock","16":"taxable","17":"shipping-taxable","18":"purchasable","19":"product-type-variable"},"aioseo_notices":[],"_links":{"self":[{"href":"https:\/\/bosquegurumi.com\/index.php\/wp-json\/wp\/v2\/product\/1212","targetHints":{"allow":["GET"]}}],"collection":[{"href":"https:\/\/bosquegurumi.com\/index.php\/wp-json\/wp\/v2\/product"}],"about":[{"href":"https:\/\/bosquegurumi.com\/index.php\/wp-json\/wp\/v2\/types\/product"}],"wp:featuredmedia":[{"embeddable":true,"href":"https:\/\/bosquegurumi.com\/index.php\/wp-json\/wp\/v2\/media\/1396"}],"wp:attachment":[{"href":"https:\/\/bosquegurumi.com\/index.php\/wp-json\/wp\/v2\/media?parent=1212"}],"wp:term":[{"taxonomy":"product_brand","embeddable":true,"href":"https:\/\/bosquegurumi.com\/index.php\/wp-json\/wp\/v2\/product_brand?post=1212"},{"taxonomy":"product_cat","embeddable":true,"href":"https:\/\/bosquegurumi.com\/index.php\/wp-json\/wp\/v2\/product_cat?post=1212"},{"taxonomy":"product_tag","embeddable":true,"href":"https:\/\/bosquegurumi.com\/index.php\/wp-json\/wp\/v2\/product_tag?post=1212"}],"curies":[{"name":"wp","href":"https:\/\/api.w.org\/{rel}","templated":true}]}}