{"id":12022,"date":"2025-05-31T08:37:36","date_gmt":"2025-05-31T11:37:36","guid":{"rendered":"https:\/\/bosquegurumi.com\/?post_type=product&#038;p=12022"},"modified":"2026-01-13T17:21:43","modified_gmt":"2026-01-13T20:21:43","slug":"apothecary-diaries-amigurumi-keychains","status":"publish","type":"product","link":"https:\/\/bosquegurumi.com\/index.php\/produto\/apothecary-diaries-amigurumi-keychains\/","title":{"rendered":"Apothecary Diaries amigurumi keychains \/ chaveiros de croch\u00ea [PT\/ENG]"},"content":{"rendered":"<p style=\"text-align: center;\"><strong>Este produto n\u00e3o se trata das pe\u00e7as prontas, mas de arquivos em PDF para confec\u00e7\u00e3o dos amigurumis!<\/strong><\/p>\n<p style=\"text-align: center;\">Este e-book re\u00fane padr\u00f5es em PDF para confec\u00e7\u00e3o de 3 <strong>chaveiros de croch\u00ea\/amigurumis fanarts<\/strong> inspirados em <span style=\"text-decoration: underline;\"><a href=\"https:\/\/bosquegurumi.com\/index.php\/produto-tag\/apothecary-diaries\/\" target=\"_blank\" rel=\"noopener\"><strong>Di\u00e1rios de uma Apotec\u00e1ria<\/strong><\/a><\/span> ou &#8220;The Apothecary Diaries&#8221;: <strong>Lady Gyokuyou, Maomao e Jinshi!<\/strong><\/p>\n<ul>\n<li style=\"text-align: left;\">Padr\u00f5es em portugu\u00eas;<\/li>\n<li style=\"text-align: left;\">Em m\u00e9dia 6cm (agulha 2,25mm) considerando apenas a cabe\u00e7a, sem corrente e acess\u00f3rios;<\/li>\n<li style=\"text-align: left;\">N\u00edvel de dificuldade: intermedi\u00e1rio (Maomao &amp; Jinshi) e avan\u00e7ado (Gyokuyou);<\/li>\n<li style=\"text-align: left;\">Receitas com v\u00eddeos de apoio e fotos.<\/li>\n<\/ul>\n<p style=\"text-align: center;\"><a href=\"https:\/\/www.youtube.com\/shorts\/z52NGNsMb7U\" target=\"_blank\" rel=\"noopener\"><strong><span style=\"text-decoration: underline;\">Confira detalhes dos chaveiros!<\/span><\/strong><\/a><\/p>\n<p><strong>Ap\u00f3s a confirma\u00e7\u00e3o do pagamento e o fim da pr\u00e9-venda, o(s) arquivo(s) digital(is) ficar\u00e1(\u00e3o) dispon\u00edvel(is) para download na sua conta do site na se\u00e7\u00e3o Minha conta &gt;&gt; Downloads .<\/strong><\/p>\n<p><strong>Este arquivo \u00e9 de uso pessoal, individual e intransfer\u00edvel. \u00c9 proibido revender, compartilhar ou distribuir o PDF por quaisquer meios, sejam f\u00edsicos ou digitais. Ao fazer a compra, voc\u00ea concordar com estes termos.<\/strong><\/p>\n<p style=\"text-align: center;\">____________________________________________________<\/p>\n<p style=\"text-align: center;\"><strong>These products aren\u2019t crochet keychains, but PDF patterns to make them!<\/strong><\/p>\n<p style=\"text-align: center;\">This is a PDF file on how to make three The Apothecary Diaries\/Kusuriya no Hitorigoto inspired amigurumis\/crochet keychains:<strong> Maomao, Jinshi, and Lady Gyokuyou<\/strong>.<\/p>\n<p style=\"text-align: center;\">You must<strong> <span style=\"text-decoration: underline;\"><a href=\"https:\/\/bosquegurumi.com\/index.php\/minha-conta\/\">log in<\/a><\/span><\/strong> to buy the PDFs and download them.<\/p>\n<p style=\"text-align: center;\"><a href=\"https:\/\/bosquegurumi.com\/index.php\/produto\/maomao-amigurumi-apothecary-diaries\/\" target=\"_blank\" rel=\"noopener\"><strong><span style=\"text-decoration: underline;\">Check out more &#8220;Apothecary&#8221; patterns!<\/span><\/strong><\/a><\/p>\n<ul>\n<li>The patterns language is English;<\/li>\n<li>Video tutorials and pictures to facilitate your work;<\/li>\n<li>List of materials and stitches used;<\/li>\n<li>Approximately 6cm\/2.3 inches (head only) using a 2.25mm crochet hook;<\/li>\n<li>Patterns level: intermediate level (Maomao &amp; Jinshi) and advanced level (Gyokuyou).<\/li>\n<\/ul>\n<p>If you have doubts, you can <a href=\"https:\/\/bosquegurumi.com\/index.php\/contactus\/\">contact me<\/a>.<\/p>\n<p>The price is in Brazilian Real. It&#8217;s converted by Paypal to your local currency during checkout.<\/p>\n<p><strong>The patterns are for personal use only, which means it\u2019s forbidden to share or to sell the PDFs.<\/strong><\/p>\n<p><strong>The files will be available to download after the payment. Access MY ACCOUNT (Minha Conta) &gt;&gt; DOWNLOADS to download them.<\/strong><\/p>\n","protected":false},"excerpt":{"rendered":"<p style=\"text-align: center;\"><span style=\"font-size: xx-small;\">Click on the USA flag on the top of the page to translate it to English<\/span><\/p>\n<p style=\"text-align: center;\">E-book de receitas para confec\u00e7\u00e3o dos chaveiros de croch\u00ea FANARTS da <strong>\u00a0Lady Gyokuyou, Maomo e Jinshi<\/strong>, de &#8220;Di\u00e1rios de uma Apotec\u00e1ria&#8221;.<\/p>\n<p style=\"text-align: center;\"><strong><a href=\"https:\/\/bosquegurumi.com\/index.php\/produto-tag\/apothecary-diaries\/\" target=\"_blank\" rel=\"noopener\"><span style=\"text-decoration: underline;\">Confira a cole\u00e7\u00e3o de receitas &#8220;Apotec\u00e1ria&#8221;<\/span><\/a><\/strong><\/p>\n<ul>\n<li style=\"text-align: left;\">Padr\u00f5es em portugu\u00eas;<\/li>\n<li style=\"text-align: left;\">Em m\u00e9dia 6cm (agulha 2,25mm) considerando apenas a cabe\u00e7a, sem corrente e acess\u00f3rios;<\/li>\n<li style=\"text-align: left;\">N\u00edvel de dificuldade: intermedi\u00e1rio (Maomao &amp; Jinshi) e avan\u00e7ado (Gyokuyou).<\/li>\n<\/ul>\n<p style=\"text-align: center;\">= = = = = = = = = = = = = = = = = =<\/p>\n<p style=\"text-align: center;\">This is PDF file includes three patterns: <strong>Maomao, Jinshi, and Lady Gyokuyou <\/strong><span style=\"text-decoration: underline;\"><a href=\"https:\/\/www.tiktok.com\/@bosquegurumi\/video\/7514749598091595014\" target=\"_blank\" rel=\"noopener\">amigurumi keychains<\/a><\/span>. Patterns inspired by &#8220;Kusuriya no Hitorigoto&#8221;.<\/p>\n<p style=\"text-align: center;\"><a href=\"https:\/\/bosquegurumi.com\/index.php\/produto\/jinshi-amigurumi\" target=\"_blank\" rel=\"noopener\"><strong><span style=\"text-decoration: underline;\">&#8220;Apothecary Diaries&#8221; inspired amigurumis<\/span><\/strong><\/a><\/p>\n<ul>\n<li>Patterns in English;<\/li>\n<li>Size: about 6cm\/ 2.25 inches (head only) using a 2.25mm crochet hook;<\/li>\n<li>Difficulty level: intermediate level (Maomao &amp; Jinshi) and advanced level (Gyokuyou).<\/li>\n<\/ul>\n<p><strong>International purchases: payment via PayPal<\/strong><\/p>\n<p>The price is in Brazilian Real. It&#8217;s converted by Paypal to your local currency during checkout.<\/p>\n<p><em><strong>You must <a href=\"https:\/\/bosquegurumi.com\/index.php\/minha-conta\/\">log in<\/a> to buy the PDFs and download them<\/strong>. Access MY ACCOUNT (Minha Conta) &gt;&gt; DOWNLOADS to download them after the payment.<\/em><\/p>\n<div>.<\/div>\n","protected":false},"featured_media":12105,"template":"","meta":{"om_disable_all_campaigns":false,"_monsterinsights_skip_tracking":false,"_monsterinsights_sitenote_active":false,"_monsterinsights_sitenote_note":"","_monsterinsights_sitenote_category":0},"product_brand":[],"product_cat":[152,40,24,53],"product_tag":[58,151,153,59],"class_list":{"0":"post-12022","1":"product","2":"type-product","3":"status-publish","4":"has-post-thumbnail","6":"product_cat-chaveiros-keychains","7":"product_cat-patterns","8":"product_cat-receitas","9":"product_cat-otaku","10":"product_tag-anime","11":"product_tag-apothecary-diaries","12":"product_tag-chaveiros","13":"product_tag-manga","15":"first","16":"instock","17":"taxable","18":"shipping-taxable","19":"purchasable","20":"product-type-variable","21":"has-default-attributes"},"aioseo_notices":[],"_links":{"self":[{"href":"https:\/\/bosquegurumi.com\/index.php\/wp-json\/wp\/v2\/product\/12022","targetHints":{"allow":["GET"]}}],"collection":[{"href":"https:\/\/bosquegurumi.com\/index.php\/wp-json\/wp\/v2\/product"}],"about":[{"href":"https:\/\/bosquegurumi.com\/index.php\/wp-json\/wp\/v2\/types\/product"}],"wp:featuredmedia":[{"embeddable":true,"href":"https:\/\/bosquegurumi.com\/index.php\/wp-json\/wp\/v2\/media\/12105"}],"wp:attachment":[{"href":"https:\/\/bosquegurumi.com\/index.php\/wp-json\/wp\/v2\/media?parent=12022"}],"wp:term":[{"taxonomy":"product_brand","embeddable":true,"href":"https:\/\/bosquegurumi.com\/index.php\/wp-json\/wp\/v2\/product_brand?post=12022"},{"taxonomy":"product_cat","embeddable":true,"href":"https:\/\/bosquegurumi.com\/index.php\/wp-json\/wp\/v2\/product_cat?post=12022"},{"taxonomy":"product_tag","embeddable":true,"href":"https:\/\/bosquegurumi.com\/index.php\/wp-json\/wp\/v2\/product_tag?post=12022"}],"curies":[{"name":"wp","href":"https:\/\/api.w.org\/{rel}","templated":true}]}}