{"id":12016,"date":"2024-03-01T19:55:18","date_gmt":"2024-03-01T22:55:18","guid":{"rendered":"https:\/\/bosquegurumi.com\/?post_type=product&#038;p=12016"},"modified":"2025-06-10T20:24:49","modified_gmt":"2025-06-10T23:24:49","slug":"chaveiros-frieren-amigurumi","status":"publish","type":"product","link":"https:\/\/bosquegurumi.com\/index.php\/produto\/chaveiros-frieren-amigurumi\/","title":{"rendered":"Frieren amigurumi keychains \/ chaveiros de croch\u00ea [ENG\/Portugu\u00eas]"},"content":{"rendered":"<p style=\"text-align: center;\"><strong>Este produto n\u00e3o se trata da(s) pe\u00e7a(s) prontas, mas de arquivo(s) em PDF para confec\u00e7\u00e3o do(s) amigurumi(s)!<\/strong><\/p>\n<p style=\"text-align: left;\">Este PDF inclui instru\u00e7\u00f5es para confec\u00e7\u00e3o do chaveiros de croch\u00ea\/amigurumis fanart da personagem <strong>Frieren<\/strong>, da obra &#8220;Frieren e a Jornada para o Al\u00e9m&#8221; ou &#8220;Frieren: Beyond Journey&#8217;s End&#8221;.<\/p>\n<ul>\n<li style=\"text-align: left;\">Padr\u00e3o em portugu\u00eas;<\/li>\n<li style=\"text-align: left;\">Em m\u00e9dia 6cm (cabe\u00e7a apenas) usando agulha 2,25mm;<\/li>\n<li style=\"text-align: left;\">N\u00edvel de dificuldade: f\u00e1cil\/intermedi\u00e1rio;<\/li>\n<li style=\"text-align: left;\">Receitas com v\u00eddeos de apoio e fotos.<\/li>\n<\/ul>\n<p style=\"text-align: center;\">____________________________________________________<\/p>\n<p style=\"text-align: center;\"><strong>This product isn\u2019t a crochet keychain, it&#8217;s a PDF pattern on how to make the piece!<\/strong><\/p>\n<p style=\"text-align: center;\">This is a PDF file on how to make <strong>Frieren<\/strong> inspired amigurumi\/crochet keychain inspired by &#8220;Frieren: Beyond Journey&#8217;s End&#8221;.<br \/>\nYou must <span style=\"text-decoration: underline;\"><a href=\"https:\/\/bosquegurumi.com\/index.php\/minha-conta\/\">log in<\/a><\/span> to buy the PDF and download it.<\/p>\n<ul>\n<li>The pattern language is English;<\/li>\n<li>Video tutorials and pictures to facilitate your work;<\/li>\n<li>List of materials and stitches used;<\/li>\n<li>Approximately 6cm\/2.3 inches (head only) using a 2.25mm crochet hook;<\/li>\n<li>Patterns level: easy\/intermediate level.<\/li>\n<\/ul>\n<p>If you have doubts, you can <a href=\"https:\/\/bosquegurumi.com\/index.php\/contactus\/\">contact me<\/a>.<\/p>\n<p>The price is in Brazilian Real. It&#8217;s converted by Paypal to your local currency during checkout.<\/p>\n<p><strong>The patterns are for personal use only, which means it\u2019s forbidden to share or to sell the PDFs.<\/strong><\/p>\n<p><strong>The files will be available to download after the payment. Access MY ACCOUNT (Minha Conta) &gt;&gt; DOWNLOADS to download them.<\/strong><\/p>\n","protected":false},"excerpt":{"rendered":"<p style=\"text-align: center;\"><span style=\"font-size: xx-small;\">Click on the USA flag on the top of the page to translate it to English<\/span><\/p>\n<p style=\"text-align: center;\">Arquivo para confec\u00e7\u00e3o do chaveiro de croch\u00ea da <strong>Frieren<\/strong>.<\/p>\n<p style=\"text-align: center;\"><a href=\"https:\/\/bosquegurumi.com\/index.php\/produto\/frieren-amigurumi\/\" target=\"_blank\" rel=\"noopener\"><strong><span style=\"text-decoration: underline;\">Confira mais amigurumis de &#8220;Frieren&#8221;<\/span><\/strong><\/a><\/p>\n<ul>\n<li style=\"text-align: left;\">Padr\u00e3o em portugu\u00eas;<\/li>\n<li style=\"text-align: left;\">Em m\u00e9dia 6cm (cabe\u00e7a apenas) usando agulha 2,25mm;<\/li>\n<li style=\"text-align: left;\">N\u00edvel de dificuldade: f\u00e1cil\/intermedi\u00e1rio.<\/li>\n<\/ul>\n<p style=\"text-align: center;\">= = = = = = = = = = = = = = = = = =<\/p>\n<p style=\"text-align: center;\">This is PDF file includes <strong>Frieren <\/strong>amigurumi keychain pattern; it&#8217;s inspired by &#8220;Frieren: Beyond Journey&#8217;s End&#8221;.<\/p>\n<p style=\"text-align: center;\"><a href=\"https:\/\/bosquegurumi.com\/index.php\/produto-tag\/frieren\/\" target=\"_blank\" rel=\"noopener\"><span style=\"text-decoration: underline;\"><strong>Check out more &#8220;Frieren&#8221; amigurumis!<\/strong><\/span><\/a><\/p>\n<ul>\n<li>Pattern in English;<\/li>\n<li>Size: about 6cm\/ 2.3 inches (head only) using a 2.25mm crochet hook;<\/li>\n<li>Difficulty level: easy\/intermediate level.<\/li>\n<\/ul>\n<p><strong>International purchases: payment via PayPal<\/strong><\/p>\n<p>The price is in Brazilian Real. It&#8217;s converted by Paypal to your local currency during checkout.<\/p>\n<p><em><strong>You must <a href=\"https:\/\/bosquegurumi.com\/index.php\/minha-conta\/\">log in<\/a> to buy the PDFs and download them<\/strong>. Access MY ACCOUNT (Minha Conta) &gt;&gt; DOWNLOADS to download them.<\/em><\/p>\n<div>.<\/div>\n","protected":false},"featured_media":8651,"template":"","meta":{"om_disable_all_campaigns":false,"_monsterinsights_skip_tracking":false,"_monsterinsights_sitenote_active":false,"_monsterinsights_sitenote_note":"","_monsterinsights_sitenote_category":0},"product_brand":[],"product_cat":[152,40,24,53],"product_tag":[58,153,125,59],"class_list":{"0":"post-12016","1":"product","2":"type-product","3":"status-publish","4":"has-post-thumbnail","6":"product_cat-chaveiros-keychains","7":"product_cat-patterns","8":"product_cat-receitas","9":"product_cat-otaku","10":"product_tag-anime","11":"product_tag-chaveiros","12":"product_tag-frieren","13":"product_tag-manga","15":"first","16":"instock","17":"taxable","18":"shipping-taxable","19":"purchasable","20":"product-type-variable","21":"has-default-attributes"},"aioseo_notices":[],"_links":{"self":[{"href":"https:\/\/bosquegurumi.com\/index.php\/wp-json\/wp\/v2\/product\/12016","targetHints":{"allow":["GET"]}}],"collection":[{"href":"https:\/\/bosquegurumi.com\/index.php\/wp-json\/wp\/v2\/product"}],"about":[{"href":"https:\/\/bosquegurumi.com\/index.php\/wp-json\/wp\/v2\/types\/product"}],"wp:featuredmedia":[{"embeddable":true,"href":"https:\/\/bosquegurumi.com\/index.php\/wp-json\/wp\/v2\/media\/8651"}],"wp:attachment":[{"href":"https:\/\/bosquegurumi.com\/index.php\/wp-json\/wp\/v2\/media?parent=12016"}],"wp:term":[{"taxonomy":"product_brand","embeddable":true,"href":"https:\/\/bosquegurumi.com\/index.php\/wp-json\/wp\/v2\/product_brand?post=12016"},{"taxonomy":"product_cat","embeddable":true,"href":"https:\/\/bosquegurumi.com\/index.php\/wp-json\/wp\/v2\/product_cat?post=12016"},{"taxonomy":"product_tag","embeddable":true,"href":"https:\/\/bosquegurumi.com\/index.php\/wp-json\/wp\/v2\/product_tag?post=12016"}],"curies":[{"name":"wp","href":"https:\/\/api.w.org\/{rel}","templated":true}]}}