{"id":11978,"date":"2025-06-05T18:44:51","date_gmt":"2025-06-05T21:44:51","guid":{"rendered":"https:\/\/bosquegurumi.com\/?post_type=product&#038;p=11978"},"modified":"2026-01-13T17:21:27","modified_gmt":"2026-01-13T20:21:27","slug":"maomao-amigurumi-apothecary-diaries","status":"publish","type":"product","link":"https:\/\/bosquegurumi.com\/index.php\/produto\/maomao-amigurumi-apothecary-diaries\/","title":{"rendered":"Maomao amigurumi pattern \/ receita de amigurumi [Portugu\u00eas\/English]"},"content":{"rendered":"<p style=\"text-align: center;\"><strong>MAOMAO AMIGURUMI<\/strong><\/p>\n<p style=\"text-align: center;\"><strong>Este produto n\u00e3o \u00e9 a pe\u00e7a pronta, mas arquivo(s) em PDF para confec\u00e7\u00e3o dos amigurumis!<\/strong><\/p>\n<p style=\"text-align: center;\">Este arquivo re\u00fane instru\u00e7\u00f5es para confec\u00e7\u00e3o do amigurumi fanart da personagem Maomao, da obra <b>&#8220;Di\u00e1rios de uma Apotec\u00e1ria&#8221;<\/b>.<\/p>\n<p style=\"text-align: center;\">Padr\u00e3o dispon\u00edvel <strong>individualmente<\/strong>, em <strong>dupla<\/strong> (casal) ou no <strong>combo<\/strong>, que inclui as receitas de dois amigurumis e <span style=\"text-decoration: underline;\"><a href=\"https:\/\/www.youtube.com\/shorts\/z52NGNsMb7U\" target=\"_blank\" rel=\"noopener\">tr\u00eas chaveiros de croch\u00ea<\/a><\/span>.<\/p>\n<ul>\n<li style=\"text-align: left;\">Padr\u00e3o em portugu\u00eas;<\/li>\n<li style=\"text-align: left;\">Em m\u00e9dia 15cm (Maomao) e 17cm (Jinshi);<\/li>\n<li style=\"text-align: left;\">Agulhas recomendadas: 2mm e 2,25mm;<\/li>\n<li style=\"text-align: left;\">N\u00edvel de dificuldade: intermedi\u00e1rio-avan\u00e7ado;<\/li>\n<li style=\"text-align: left;\">Receitas com v\u00eddeos de apoio e fotos.<\/li>\n<\/ul>\n<p><strong>Ap\u00f3s a confirma\u00e7\u00e3o do pagamento, o(s) arquivo(s) digital(is) ficar\u00e1(\u00e3o) dispon\u00edvel(is) para download na sua conta do site na se\u00e7\u00e3o Minha conta &gt;&gt; Downloads.<\/strong><\/p>\n<p><strong>Este arquivo \u00e9 de uso pessoal, individual e intransfer\u00edvel. \u00c9 proibido revender, compartilhar ou distribuir o PDF por quaisquer meios, sejam f\u00edsicos ou digitais. Ao fazer a compra, voc\u00ea concordar com estes termos.<\/strong><\/p>\n<p style=\"text-align: center;\">____________________________________________________<\/p>\n<p style=\"text-align: center;\"><strong>This product isn\u2019t the finished doll; it&#8217;s a PDF pattern on how to make the inspired amigurumi!<\/strong><\/p>\n<p style=\"text-align: center;\">These are fanarts inspired by the anime\/manga\/light novel &#8220;The Apothecary Diaries&#8221; aka &#8220;Kusuriya no Hitorigoto&#8221;.<\/p>\n<p style=\"text-align: center;\">PDF file on how to make<strong>\u00a0Maomao<\/strong> inspired amigurumi. The <strong>Jinshi <\/strong>pattern and the <a href=\"https:\/\/bosquegurumi.com\/index.php\/produto\/apothecary-diaries-amigurumi-keychains\/\" target=\"_blank\" rel=\"noopener\"><span style=\"text-decoration: underline;\"><strong>&#8220;Apothecary&#8221; crochet keychains patterns<\/strong><\/span><\/a> are also available as a &#8220;Bundle&#8221; option.<\/p>\n<p style=\"text-align: center;\">You must <span style=\"text-decoration: underline;\"><a href=\"https:\/\/bosquegurumi.com\/index.php\/minha-conta\/\">log in<\/a><\/span> to buy the PDFs and download them.<\/p>\n<ul>\n<li>The patterns language is English;<\/li>\n<li>Video tutorials and pictures to facilitate your work;<\/li>\n<li>List of materials and stitches used;<\/li>\n<li>Approximately 15cm (Maomao) and 17cm (Jinshi);<\/li>\n<li>The recommended hook sizes are 2mm and 2.25mm;<\/li>\n<li>Patterns level: intermediate-advanced level.<\/li>\n<\/ul>\n<p>If you have doubts, you can <a href=\"https:\/\/bosquegurumi.com\/index.php\/contactus\/\">contact me<\/a>.<\/p>\n<p>The price is in Brazilian Real. It&#8217;s converted by Paypal to your local currency during checkout.<\/p>\n<p><strong>The patterns are for personal use only, which means it\u2019s forbidden to share or to sell the PDFs.<\/strong><\/p>\n<p><strong>The files will be available to download after the payment. Access MY ACCOUNT (Minha Conta) &gt;&gt; DOWNLOADS to download them.<\/strong><\/p>\n","protected":false},"excerpt":{"rendered":"<p style=\"text-align: center;\"><span style=\"font-size: xx-small;\">Click on the USA flag on the top of the page to translate it to English<br \/>\n<\/span><\/p>\n<p style=\"text-align: center;\">Padr\u00e3o(s) em PDF confec\u00e7\u00e3o de amigurumi(s) da obra <strong>&#8220;Di\u00e1rios de uma Apotec\u00e1ria&#8221;<\/strong>.<\/p>\n<ul>\n<li>Padr\u00f5es dispon\u00edveis em portugu\u00eas e ingl\u00eas;<\/li>\n<li>Cerca de 15cm (Maomao) e 17cm (Jinshi);<\/li>\n<li>Agulhas sugeridas: 2mm e 2,25mm;<\/li>\n<li>N\u00edvel de dificuldade: intermedi\u00e1rio-avan\u00e7ado.<\/li>\n<\/ul>\n<p style=\"text-align: center;\">= = = = = = = = = = = = = = = = = =<\/p>\n<p style=\"text-align: center;\">&#8220;The Apothecary Diaries&#8221; \/ &#8220;Kusuriya no Hitorigoto&#8221; inspired amigurumi patterns.<\/p>\n<ul>\n<li>Patterns in English;<\/li>\n<li>Size: about 15cm (Maomao) and 17cm (Jinshi);<\/li>\n<li>The recommended hook sizes are 2mm and 2,25mm;<\/li>\n<li>Difficulty level: intermediate-advanced level.<\/li>\n<\/ul>\n<p><strong>International purchases: payment via PayPal<\/strong><\/p>\n<p>The price is in Brazilian Real. It&#8217;s converted by Paypal to your local currency during checkout.<\/p>\n<p><em><strong>You must <a href=\"https:\/\/bosquegurumi.com\/index.php\/minha-conta\/\">log in<\/a> to buy the PDFs and download them<\/strong>. Access MY ACCOUNT (Minha Conta) &gt;&gt; DOWNLOADS to download them.<\/em><\/p>\n<div>.<\/div>\n","protected":false},"featured_media":11695,"template":"","meta":{"om_disable_all_campaigns":false,"_monsterinsights_skip_tracking":false,"_monsterinsights_sitenote_active":false,"_monsterinsights_sitenote_note":"","_monsterinsights_sitenote_category":0},"product_brand":[],"product_cat":[40,24,53],"product_tag":[58,151,150,59],"class_list":{"0":"post-11978","1":"product","2":"type-product","3":"status-publish","4":"has-post-thumbnail","6":"product_cat-patterns","7":"product_cat-receitas","8":"product_cat-otaku","9":"product_tag-anime","10":"product_tag-apothecary-diaries","11":"product_tag-light-novel","12":"product_tag-manga","14":"first","15":"instock","16":"taxable","17":"shipping-taxable","18":"purchasable","19":"product-type-variable"},"aioseo_notices":[],"_links":{"self":[{"href":"https:\/\/bosquegurumi.com\/index.php\/wp-json\/wp\/v2\/product\/11978","targetHints":{"allow":["GET"]}}],"collection":[{"href":"https:\/\/bosquegurumi.com\/index.php\/wp-json\/wp\/v2\/product"}],"about":[{"href":"https:\/\/bosquegurumi.com\/index.php\/wp-json\/wp\/v2\/types\/product"}],"wp:featuredmedia":[{"embeddable":true,"href":"https:\/\/bosquegurumi.com\/index.php\/wp-json\/wp\/v2\/media\/11695"}],"wp:attachment":[{"href":"https:\/\/bosquegurumi.com\/index.php\/wp-json\/wp\/v2\/media?parent=11978"}],"wp:term":[{"taxonomy":"product_brand","embeddable":true,"href":"https:\/\/bosquegurumi.com\/index.php\/wp-json\/wp\/v2\/product_brand?post=11978"},{"taxonomy":"product_cat","embeddable":true,"href":"https:\/\/bosquegurumi.com\/index.php\/wp-json\/wp\/v2\/product_cat?post=11978"},{"taxonomy":"product_tag","embeddable":true,"href":"https:\/\/bosquegurumi.com\/index.php\/wp-json\/wp\/v2\/product_tag?post=11978"}],"curies":[{"name":"wp","href":"https:\/\/api.w.org\/{rel}","templated":true}]}}