{"id":11954,"date":"2022-06-03T20:49:06","date_gmt":"2022-06-03T23:49:06","guid":{"rendered":"https:\/\/bosquegurumi.com\/?post_type=product&#038;p=11954"},"modified":"2026-03-31T12:34:43","modified_gmt":"2026-03-31T15:34:43","slug":"peeta-mellark-amigurumi","status":"publish","type":"product","link":"https:\/\/bosquegurumi.com\/index.php\/produto\/peeta-mellark-amigurumi\/","title":{"rendered":"Peeta Mellark amigurumi pattern \/ receita de amigurumi [PT\/English]"},"content":{"rendered":"<p style=\"text-align: center;\"><strong>Este produto n\u00e3o se trata das pe\u00e7as prontas, mas de arquivos em PDF para confec\u00e7\u00e3o dos amigurumis!<\/strong><\/p>\n<p style=\"text-align: center;\">Este arquivo re\u00fane instru\u00e7\u00f5es para confec\u00e7\u00e3o do amigurumi fanart do personagem Peeta Mellark da obra <b>&#8220;Jogos Vorazes&#8221;<\/b>. Padr\u00e3o dispon\u00edvel individualmente ou no combo de dois padr\u00f5es.<\/p>\n<p style=\"text-align: center;\"><a href=\"https:\/\/www.instagram.com\/reel\/Cz8tgysOQ_P\/\" target=\"_blank\" rel=\"noopener\"><span style=\"text-decoration: underline;\"><strong>Confira detalhes das pe\u00e7as!<\/strong><\/span><\/a><\/p>\n<ul>\n<li style=\"text-align: left;\">Padr\u00e3o em portugu\u00eas;<\/li>\n<li style=\"text-align: left;\">Em m\u00e9dia 16cm;<\/li>\n<li style=\"text-align: left;\">Agulha recomendada: 2,25mm;<\/li>\n<li style=\"text-align: left;\">N\u00edvel de dificuldade: intermedi\u00e1rio;<\/li>\n<li style=\"text-align: left;\">Receitas com v\u00eddeos de apoio e fotos.<\/li>\n<\/ul>\n<p><strong>Ap\u00f3s a confirma\u00e7\u00e3o do pagamento, o arquivo digital ficar\u00e1 dispon\u00edvel para download na sua conta do site na se\u00e7\u00e3o Minha conta &gt;&gt; Downloads.<\/strong><\/p>\n<p><strong>Este arquivo \u00e9 de uso pessoal, individual e intransfer\u00edvel. \u00c9 proibido revender, compartilhar ou distribuir o PDF por quaisquer meios, sejam f\u00edsicos ou digitais. Ao fazer a compra, voc\u00ea concordar com estes termos.<\/strong><\/p>\n<p style=\"text-align: center;\">____________________________________________________<\/p>\n<p style=\"text-align: center;\"><strong>This product isn\u2019t the finished doll; it&#8217;s a PDF pattern on how to make the inspired amigurumi!<\/strong><\/p>\n<p style=\"text-align: center;\">PDF files on how to make the<a href=\"https:\/\/www.instagram.com\/reel\/Cz8tgysOQ_P\/\" target=\"_blank\" rel=\"noopener\"><span style=\"text-decoration: underline;\"><strong> Peetta Mellark<\/strong><\/span><\/a> inspired amigurumi.\u00a0You must <span style=\"text-decoration: underline;\"><a href=\"https:\/\/bosquegurumi.com\/index.php\/minha-conta\/\">log in<\/a><\/span> to buy the PDF(s) and download it (them).<\/p>\n<ul>\n<li>The patterns language is English;<\/li>\n<li>Video tutorials and pictures to facilitate your work;<\/li>\n<li>List of materials and stitches used;<\/li>\n<li>Approximately 16cm;<\/li>\n<li>The recommended hook size is 2,25mm;<\/li>\n<li>Patterns level: intermediate level.<\/li>\n<\/ul>\n<p>If you have doubts, you can <a href=\"https:\/\/bosquegurumi.com\/index.php\/contactus\/\">contact me<\/a>.<\/p>\n<p>The price is in Brazilian Real. It&#8217;s converted by Paypal to your local currency during checkout.<\/p>\n<p><strong>The patterns are for personal use only, which means it\u2019s forbidden to share or to sell the PDFs.<\/strong><\/p>\n<p><strong>The files will be available to download after the payment. Access MY ACCOUNT (Minha Conta) &gt;&gt; DOWNLOADS to download them.<\/strong><\/p>\n","protected":false},"excerpt":{"rendered":"<p style=\"text-align: center;\"><span style=\"font-size: xx-small;\">Click on the USA flag on the top of the page to translate it to English<\/span><\/p>\n<p style=\"text-align: center;\">Padr\u00e3o(s) em PDF confec\u00e7\u00e3o de amigurumi(s) fanart do <strong>Peeta<\/strong> de <strong>&#8220;Jogos Vorazes&#8221;<\/strong>.<\/p>\n<ul>\n<li>Padr\u00f5es dispon\u00edveis em portugu\u00eas e ingl\u00eas;<\/li>\n<li>Cerca de 16cm;<\/li>\n<li>Agulha sugerida: 2,25mm;<\/li>\n<li>N\u00edvel de dificuldade: intermedi\u00e1rio.<\/li>\n<\/ul>\n<p style=\"text-align: center;\">= = = = = = = = = = = = = = = = = =<\/p>\n<p style=\"text-align: center;\">Peeta-inspired amigurumi pattern; &#8220;Hunger Games&#8221; crochet fanart.<\/p>\n<ul>\n<li>Patterns in English;<\/li>\n<li>Size: about 16cm;<\/li>\n<li>The recommended hook size is 2,25mm;<\/li>\n<li>Difficulty level: intermediate level.<\/li>\n<\/ul>\n<p><strong>International purchases: payment via PayPal<\/strong><\/p>\n<p>The price is in Brazilian Real. It&#8217;s converted by Paypal to your local currency during checkout.<\/p>\n<p><em><strong>You must <a href=\"https:\/\/bosquegurumi.com\/index.php\/minha-conta\/\">log in<\/a> to buy the PDFs and download them<\/strong>. Access MY ACCOUNT (Minha Conta) &gt;&gt; DOWNLOADS to download them.<\/em><\/p>\n<div>.<\/div>\n","protected":false},"featured_media":11969,"template":"","meta":{"om_disable_all_campaigns":false,"_monsterinsights_skip_tracking":false,"_monsterinsights_sitenote_active":false,"_monsterinsights_sitenote_note":"","_monsterinsights_sitenote_category":0},"product_brand":[],"product_cat":[40,24,42],"product_tag":[35,55,148,147,149],"class_list":{"0":"post-11954","1":"product","2":"type-product","3":"status-publish","4":"has-post-thumbnail","6":"product_cat-patterns","7":"product_cat-receitas","8":"product_cat-filmes-serie","9":"product_tag-cinema","10":"product_tag-filmes","11":"product_tag-hunger-games","12":"product_tag-jogos-vorazes","13":"product_tag-livros","15":"first","16":"instock","17":"taxable","18":"shipping-taxable","19":"purchasable","20":"product-type-variable","21":"has-default-attributes"},"aioseo_notices":[],"_links":{"self":[{"href":"https:\/\/bosquegurumi.com\/index.php\/wp-json\/wp\/v2\/product\/11954","targetHints":{"allow":["GET"]}}],"collection":[{"href":"https:\/\/bosquegurumi.com\/index.php\/wp-json\/wp\/v2\/product"}],"about":[{"href":"https:\/\/bosquegurumi.com\/index.php\/wp-json\/wp\/v2\/types\/product"}],"wp:featuredmedia":[{"embeddable":true,"href":"https:\/\/bosquegurumi.com\/index.php\/wp-json\/wp\/v2\/media\/11969"}],"wp:attachment":[{"href":"https:\/\/bosquegurumi.com\/index.php\/wp-json\/wp\/v2\/media?parent=11954"}],"wp:term":[{"taxonomy":"product_brand","embeddable":true,"href":"https:\/\/bosquegurumi.com\/index.php\/wp-json\/wp\/v2\/product_brand?post=11954"},{"taxonomy":"product_cat","embeddable":true,"href":"https:\/\/bosquegurumi.com\/index.php\/wp-json\/wp\/v2\/product_cat?post=11954"},{"taxonomy":"product_tag","embeddable":true,"href":"https:\/\/bosquegurumi.com\/index.php\/wp-json\/wp\/v2\/product_tag?post=11954"}],"curies":[{"name":"wp","href":"https:\/\/api.w.org\/{rel}","templated":true}]}}