{"id":1152,"date":"2022-01-28T02:36:15","date_gmt":"2022-01-28T05:36:15","guid":{"rendered":"https:\/\/bosquegurumi.com\/?post_type=product&#038;p=1152"},"modified":"2022-02-07T00:00:06","modified_gmt":"2022-02-07T03:00:06","slug":"kageyama-haikyuu-amigurumi","status":"publish","type":"product","link":"https:\/\/bosquegurumi.com\/index.php\/produto\/kageyama-haikyuu-amigurumi\/","title":{"rendered":"Tobio Kageyama, Rei da Quadra (Haikyuu) &#8211; Receita de amigurumi fanart"},"content":{"rendered":"<p style=\"text-align: center;\"><strong>Esta \u00e9 uma receita FANART.<\/strong><br \/>\n<strong>Arquivo digital para confec\u00e7\u00e3o da pe\u00e7a e n\u00e3o o amigurumi pronto!<\/strong><\/p>\n<ul>\n<li>PDF com 29 p\u00e1ginas<\/li>\n<li>Mais de 120 fotos!<\/li>\n<li>V\u00eddeos de apoio<\/li>\n<li>Idioma portugu\u00eas<\/li>\n<li>N\u00edvel de dificuldade: intermedi\u00e1rio<\/li>\n<li>Cerca de 21cm, dependendo dos fios e da agulha<\/li>\n<\/ul>\n<p>Al\u00e9m disso, no arquivo digital voc\u00ea encontra:<\/p>\n<ul>\n<li>Duas op\u00e7\u00f5es de olhos (croch\u00ea ou com travas de seguran\u00e7a);<\/li>\n<li>Duas alternativas de cabelo (croch\u00ea ou fio a fio);<\/li>\n<li>Op\u00e7\u00e3o de acabamento da roupa em croch\u00ea e\/ou feltro;<\/li>\n<li>Instru\u00e7\u00f5es para fazer a coroa e a capa do &#8220;Rei da Quadra&#8221;;<\/li>\n<li>Informa\u00e7\u00f5es t\u00e9cnicas (materiais, abrevia\u00e7\u00f5es, etc);<\/li>\n<li>Passo a passo detalhado para confec\u00e7\u00e3o do amigurumi.<\/li>\n<\/ul>\n<p>Suporte dispon\u00edvel!<\/p>\n<p><strong>Ap\u00f3s a confirma\u00e7\u00e3o do pagamento, o arquivo digital ficar\u00e1 dispon\u00edvel para download na sua conta do <\/strong><strong>site na se\u00e7\u00e3o Minha Conta =&gt; Downloads.<\/strong><\/p>\n<p><strong>Padr\u00e3o de uso pessoal, individual e intransfer\u00edvel. Venda e\/ou compartilhamento s\u00e3o proibidos, seja <\/strong><strong>por meios f\u00edsicos ou digitais, de acordo com a lei de direitos autorais N\u00ba 9.610\/98. Ao realizar a <\/strong><strong>compra voc\u00ea concorda as referidas condi\u00e7\u00f5es de n\u00e3o compartilhamento.<\/strong><\/p>\n<p>&nbsp;<\/p>\n","protected":false},"excerpt":{"rendered":"<blockquote><p><em>&#8220;Os \u00faltimos de p\u00e9 s\u00e3o os vencedores. Apenas os mais fortes. Se quer ser um deles, fique forte.&#8221;<\/em><br \/>\nTobio Kageyama<\/p><\/blockquote>\n<p>&nbsp;<\/p>\n<p>Padr\u00e3o digital para confec\u00e7\u00e3o do amigurumi fanart do Tobio Kageyama, o &#8220;Rei da Quadra&#8221; de Haikyuu!! Inclui receitas da coroa e da capa, al\u00e9m de duas op\u00e7\u00f5es de cabelo (croch\u00ea ou fio a fio) e duas op\u00e7\u00f5es de olhos (croch\u00ea ou travas de seguran\u00e7a).<\/p>\n<ul>\n<li><strong>PDF com 29 p\u00e1ginas<\/strong><\/li>\n<li><strong>Mais de 120 fotos!<\/strong><\/li>\n<li><strong>V\u00eddeos de apoio<\/strong><\/li>\n<li><strong>Idioma portugu\u00eas<\/strong><\/li>\n<li><strong>N\u00edvel de dificuldade: intermedi\u00e1rio<\/strong><\/li>\n<li><strong>Cerca de 21cm, dependendo dos fios e da agulha<\/strong><\/li>\n<\/ul>\n<p>&nbsp;<\/p>\n","protected":false},"featured_media":1157,"template":"","meta":{"om_disable_all_campaigns":false,"_monsterinsights_skip_tracking":false,"_monsterinsights_sitenote_active":false,"_monsterinsights_sitenote_note":"","_monsterinsights_sitenote_category":0},"product_brand":[],"product_cat":[24,53],"product_tag":[58,62,59,60,61],"class_list":{"0":"post-1152","1":"product","2":"type-product","3":"status-publish","4":"has-post-thumbnail","6":"product_cat-receitas","7":"product_cat-otaku","8":"product_tag-anime","9":"product_tag-haikyuu","10":"product_tag-manga","11":"product_tag-otaku","12":"product_tag-volei","14":"first","15":"instock","16":"downloadable","17":"virtual","18":"taxable","19":"purchasable","20":"product-type-simple"},"aioseo_notices":[],"_links":{"self":[{"href":"https:\/\/bosquegurumi.com\/index.php\/wp-json\/wp\/v2\/product\/1152","targetHints":{"allow":["GET"]}}],"collection":[{"href":"https:\/\/bosquegurumi.com\/index.php\/wp-json\/wp\/v2\/product"}],"about":[{"href":"https:\/\/bosquegurumi.com\/index.php\/wp-json\/wp\/v2\/types\/product"}],"wp:featuredmedia":[{"embeddable":true,"href":"https:\/\/bosquegurumi.com\/index.php\/wp-json\/wp\/v2\/media\/1157"}],"wp:attachment":[{"href":"https:\/\/bosquegurumi.com\/index.php\/wp-json\/wp\/v2\/media?parent=1152"}],"wp:term":[{"taxonomy":"product_brand","embeddable":true,"href":"https:\/\/bosquegurumi.com\/index.php\/wp-json\/wp\/v2\/product_brand?post=1152"},{"taxonomy":"product_cat","embeddable":true,"href":"https:\/\/bosquegurumi.com\/index.php\/wp-json\/wp\/v2\/product_cat?post=1152"},{"taxonomy":"product_tag","embeddable":true,"href":"https:\/\/bosquegurumi.com\/index.php\/wp-json\/wp\/v2\/product_tag?post=1152"}],"curies":[{"name":"wp","href":"https:\/\/api.w.org\/{rel}","templated":true}]}}