{"id":1141,"date":"2022-01-27T23:10:41","date_gmt":"2022-01-28T02:10:41","guid":{"rendered":"https:\/\/bosquegurumi.com\/?post_type=product&#038;p=1141"},"modified":"2022-03-01T00:01:12","modified_gmt":"2022-03-01T03:01:12","slug":"harryquadribol-padraofanart","status":"publish","type":"product","link":"https:\/\/bosquegurumi.com\/index.php\/produto\/harryquadribol-padraofanart\/","title":{"rendered":"Combo Harry no Quadribol &#8211; Receitas de amigurumis fanart"},"content":{"rendered":"<p style=\"text-align: center;\"><strong>Estas s\u00e3o receitas FANART.<\/strong><br \/>\n<strong>Arquivos digitais para confec\u00e7\u00e3o das pe\u00e7as e n\u00e3o os amigurumis pronto!<\/strong><\/p>\n<p>Padr\u00e3o menor:<\/p>\n<ul>\n<li>PDF com 18 p\u00e1ginas<\/li>\n<li>Mais de 60 fotos<\/li>\n<li>V\u00eddeos de apoio<\/li>\n<li>Idioma portugu\u00eas<\/li>\n<li>N\u00edvel de dificuldade: f\u00e1cil-intermedi\u00e1rio<\/li>\n<li>Cerca de 18cm, dependendo dos fios e da agulha<\/li>\n<\/ul>\n<p>Padr\u00e3o maior:<\/p>\n<ul>\n<li>PDF com 22 p\u00e1ginas<\/li>\n<li>Mais de 80 fotos<\/li>\n<li>V\u00eddeos de apoio<\/li>\n<li>Idioma portugu\u00eas<\/li>\n<li>N\u00edvel de dificuldade: intermedi\u00e1rio<\/li>\n<li>Cerca de 23cm, dependendo dos fios e da agulha<\/li>\n<\/ul>\n<p>Al\u00e9m disso, nos arquivos digitais voc\u00ea encontra:<\/p>\n<ul>\n<li>Instru\u00e7\u00f5es para fazer os \u00f3culos e a vassoura<\/li>\n<li>Informa\u00e7\u00f5es t\u00e9cnicas (materiais, abrevia\u00e7\u00f5es, etc)<\/li>\n<li>Passo a passo detalhado para confec\u00e7\u00e3o do amigurumi<\/li>\n<\/ul>\n<p>Suporte dispon\u00edvel!<\/p>\n<p><strong>Ap\u00f3s a confirma\u00e7\u00e3o do pagamento, os arquivos digitais ficar\u00e3o dispon\u00edveis para download na sua conta do <\/strong><strong>site na se\u00e7\u00e3o Minha Conta =&gt; Downloads.<\/strong><\/p>\n<p><strong>Padr\u00f5es de uso pessoal, individual e intransfer\u00edvel. Venda e\/ou compartilhamento s\u00e3o proibidos, seja <\/strong><strong>por meios f\u00edsicos ou digitais, de acordo com a lei de direitos autorais N\u00ba 9.610\/98. Ao realizar a <\/strong><strong>compra voc\u00ea concorda as referidas condi\u00e7\u00f5es de n\u00e3o compartilhamento.<\/strong><\/p>\n<p>&nbsp;<\/p>\n","protected":false},"excerpt":{"rendered":"<blockquote><p><em>&#8220;Os esportes com vassouras surgiram assim que as vassouras se aperfei\u00e7oaram o suficiente para permitir aos pilotos fazerem curvas e variar de altitude e velocidade.&#8221;<\/em><br \/>\nQuadribol atrav\u00e9s dos s\u00e9culos<\/p><\/blockquote>\n<p>&nbsp;<\/p>\n<p>Padr\u00f5es digitais para confec\u00e7\u00e3o dos amigurumis fanart do Harry com uniforme de quadribol, o esporte favorito dos bruxos!<\/p>\n<ul>\n<li><strong>PDFs que totalizam 40 p\u00e1ginas<\/strong><\/li>\n<li><strong>Mais de 140 fotos!<\/strong><\/li>\n<li><strong>V\u00eddeos de apoio<\/strong><\/li>\n<li><strong>Idioma portugu\u00eas<\/strong><\/li>\n<li><strong>N\u00edvel de dificuldade: intermedi\u00e1rio<\/strong><\/li>\n<li><strong>Cerca de 18cm (menor) e 23cm (maior), dependendo dos fios e da agulha<\/strong><\/li>\n<\/ul>\n<p>&nbsp;<\/p>\n","protected":false},"featured_media":1149,"template":"","meta":{"om_disable_all_campaigns":false,"_monsterinsights_skip_tracking":false,"_monsterinsights_sitenote_active":false,"_monsterinsights_sitenote_note":"","_monsterinsights_sitenote_category":0},"product_brand":[],"product_cat":[24,42,54],"product_tag":[57,55,27,56],"class_list":{"0":"post-1141","1":"product","2":"type-product","3":"status-publish","4":"has-post-thumbnail","6":"product_cat-receitas","7":"product_cat-filmes-serie","8":"product_cat-harry-potter-receitas","9":"product_tag-bruxo","10":"product_tag-filmes","11":"product_tag-harry-potter","12":"product_tag-quadribol","14":"first","15":"instock","16":"downloadable","17":"virtual","18":"taxable","19":"purchasable","20":"product-type-simple"},"aioseo_notices":[],"_links":{"self":[{"href":"https:\/\/bosquegurumi.com\/index.php\/wp-json\/wp\/v2\/product\/1141","targetHints":{"allow":["GET"]}}],"collection":[{"href":"https:\/\/bosquegurumi.com\/index.php\/wp-json\/wp\/v2\/product"}],"about":[{"href":"https:\/\/bosquegurumi.com\/index.php\/wp-json\/wp\/v2\/types\/product"}],"wp:featuredmedia":[{"embeddable":true,"href":"https:\/\/bosquegurumi.com\/index.php\/wp-json\/wp\/v2\/media\/1149"}],"wp:attachment":[{"href":"https:\/\/bosquegurumi.com\/index.php\/wp-json\/wp\/v2\/media?parent=1141"}],"wp:term":[{"taxonomy":"product_brand","embeddable":true,"href":"https:\/\/bosquegurumi.com\/index.php\/wp-json\/wp\/v2\/product_brand?post=1141"},{"taxonomy":"product_cat","embeddable":true,"href":"https:\/\/bosquegurumi.com\/index.php\/wp-json\/wp\/v2\/product_cat?post=1141"},{"taxonomy":"product_tag","embeddable":true,"href":"https:\/\/bosquegurumi.com\/index.php\/wp-json\/wp\/v2\/product_tag?post=1141"}],"curies":[{"name":"wp","href":"https:\/\/api.w.org\/{rel}","templated":true}]}}