{"id":11354,"date":"2025-02-05T06:34:27","date_gmt":"2025-02-05T09:34:27","guid":{"rendered":"https:\/\/bosquegurumi.com\/?post_type=product&#038;p=11354"},"modified":"2026-01-13T17:27:41","modified_gmt":"2026-01-13T20:27:41","slug":"arcane-lol-receitas-de-amigurumis","status":"publish","type":"product","link":"https:\/\/bosquegurumi.com\/index.php\/produto\/arcane-lol-receitas-de-amigurumis\/","title":{"rendered":"Arcane\/LOL receitas de amigurumi: Caitlyn, Mel+ [Volume 2] Portugu\u00eas"},"content":{"rendered":"<p style=\"text-align: center;\"><strong>Estes produtos N\u00c3O S\u00c3O BONECOS PRONTOS, mas arquivos em PDF sobre como faz\u00ea-los!<\/strong><\/p>\n<p style=\"text-align: center;\"><strong>Arcane\/League of Legends (LOL) receitas de amigurumis<\/strong><\/p>\n<blockquote>\n<p style=\"text-align: center;\"><strong>Volume II &#8211; <\/strong><strong>Em breve!<br \/>\n<\/strong>Caitlyn, Mel &amp; Heimerdinger<br \/>\n<em>Caitlyn e Mel &#8211; PDFs dispon\u00edveis pra download<\/em><br \/>\n<em>Heimerdinger &#8211; download em breve!<\/em><\/p>\n<\/blockquote>\n<p style=\"text-align: center;\"><strong>&gt;&gt; Volume I &lt;&lt;<\/strong><br \/>\nVi, Jinx &amp; Ekko amigurumi fanarts<br \/>\n<em>Download imediato!<\/em><\/p>\n<ul>\n<li>Pe\u00e7as de aprox. 11 cm usando agulha 2.25mm;<\/li>\n<li>N\u00edvel de dificuldade: intermedi\u00e1rio e\/ou avan\u00e7ado;<\/li>\n<li>PDF&#8217;s cont\u00eam instru\u00e7\u00f5es detalhadas para fazer os amigurumis;<\/li>\n<li>Fotos e v\u00eddeos de apoio!<\/li>\n<\/ul>\n<p>Suporte dispon\u00edvel!<\/p>\n<p><a href=\"https:\/\/bosquegurumi.com\/index.php\/produto\/arcane-amigurumi-pattern-bundles\/\" target=\"_blank\" rel=\"noopener\"><strong>=&gt; Patterns available in English<\/strong><\/a><\/p>\n<p>Veja mais detalhes da <a href=\"https:\/\/www.tiktok.com\/@bosquegurumi\/video\/7439046178668334392\" target=\"_blank\" rel=\"noopener\">pe\u00e7a da Jinx<\/a> e da <a href=\"youtube.com\/watch?v=mi20PQ_wfxs\" target=\"_blank\" rel=\"noopener\">boneca da Vi<\/a> e do <a href=\"https:\/\/www.instagram.com\/bosquegurumi\/reel\/DDXaCWhuVYs\/\" target=\"_blank\" rel=\"noopener\">boneco em croch\u00ea do Ekko<\/a><\/p>\n<p><strong>Padr\u00f5es para uso exclusivamente pessoal, por isso \u00e9 proibido compartilhar, distribuir, doar ou revender os PDFs. Ao comprar o produto voc\u00ea concorda automaticamente com estes termos.<\/strong><\/p>\n<p><em>Os padr\u00f5es estar\u00e3o dispon\u00edveis para download ap\u00f3s o per\u00edodo de pr\u00e9-venda. Acesse MINHA CONTA &gt;&gt; DOWNLOAD para baix\u00e1-los.<\/em><\/p>\n","protected":false},"excerpt":{"rendered":"<p style=\"text-align: center;\"><strong>Arcane\/LOL receitas de amigurumis<\/strong><\/p>\n<blockquote>\n<p style=\"text-align: center;\"><strong>Volume II\u00a0 &#8211; Em breve!<br \/>\n<\/strong>Caitlyn, Mel &amp; Heimerdinger<br \/>\n<em>Caitlyn e Mel &#8211; PDFs dispon\u00edveis pra download<\/em><br \/>\n<em>Heimerdinger &#8211; download em breve!<\/em><\/p>\n<\/blockquote>\n<p style=\"text-align: center;\"><strong>&gt;&gt; Volume I &lt;&lt;<\/strong><br \/>\nVi, Jinx &amp; Ekko amigurumi fanarts<br \/>\n<em>Download imediato!<\/em><\/p>\n<ul>\n<li>Pe\u00e7as de aprox. 11 cm usando agulha 2.25mm;<\/li>\n<li>N\u00edvel de dificuldade: intermedi\u00e1rio e\/ou avan\u00e7ado;<\/li>\n<li>PDF&#8217;s com instru\u00e7\u00f5es detalhadas, fotos e v\u00eddeos de apoio.<\/li>\n<\/ul>\n<p style=\"text-align: center;\"><span style=\"text-decoration: underline;\"><a href=\"https:\/\/bosquegurumi.com\/index.php\/produto\/arcane-amigurumi-pattern-bundles\/\" target=\"_blank\" rel=\"noopener\">Check out the English patterns<\/a><\/span><\/p>\n<p style=\"text-align: center;\"><a href=\"https:\/\/bosquegurumi.com\/index.php\/produto\/jinx-amigurumi-vi-amigurumi-arcane-lol\/\" target=\"_blank\" rel=\"noopener\"><span style=\"text-decoration: underline;\">Vi, Jinx e Ekko:\u00a0<\/span><\/a><br \/>\n<span style=\"text-decoration: underline;\">padr\u00f5es individuais dispon\u00edveis aqui<\/span><\/p>\n<p><em>Os padr\u00f5es estar\u00e3o dispon\u00edveis para download ap\u00f3s o per\u00edodo de pr\u00e9-venda. Acesse MINHA CONTA &gt;&gt; DOWNLOAD para baix\u00e1-los.<\/em><\/p>\n<p>&nbsp;<\/p>\n","protected":false},"featured_media":11821,"template":"","meta":{"om_disable_all_campaigns":false,"_monsterinsights_skip_tracking":false,"_monsterinsights_sitenote_active":false,"_monsterinsights_sitenote_note":"","_monsterinsights_sitenote_category":0},"product_brand":[],"product_cat":[24,42],"product_tag":[49,136,135,72,43],"class_list":{"0":"post-11354","1":"product","2":"type-product","3":"status-publish","4":"has-post-thumbnail","6":"product_cat-receitas","7":"product_cat-filmes-serie","8":"product_tag-animacao","9":"product_tag-arcane","10":"product_tag-lol","11":"product_tag-minigurumi","12":"product_tag-series","14":"first","15":"instock","16":"taxable","17":"shipping-taxable","18":"purchasable","19":"product-type-variable"},"aioseo_notices":[],"_links":{"self":[{"href":"https:\/\/bosquegurumi.com\/index.php\/wp-json\/wp\/v2\/product\/11354","targetHints":{"allow":["GET"]}}],"collection":[{"href":"https:\/\/bosquegurumi.com\/index.php\/wp-json\/wp\/v2\/product"}],"about":[{"href":"https:\/\/bosquegurumi.com\/index.php\/wp-json\/wp\/v2\/types\/product"}],"wp:featuredmedia":[{"embeddable":true,"href":"https:\/\/bosquegurumi.com\/index.php\/wp-json\/wp\/v2\/media\/11821"}],"wp:attachment":[{"href":"https:\/\/bosquegurumi.com\/index.php\/wp-json\/wp\/v2\/media?parent=11354"}],"wp:term":[{"taxonomy":"product_brand","embeddable":true,"href":"https:\/\/bosquegurumi.com\/index.php\/wp-json\/wp\/v2\/product_brand?post=11354"},{"taxonomy":"product_cat","embeddable":true,"href":"https:\/\/bosquegurumi.com\/index.php\/wp-json\/wp\/v2\/product_cat?post=11354"},{"taxonomy":"product_tag","embeddable":true,"href":"https:\/\/bosquegurumi.com\/index.php\/wp-json\/wp\/v2\/product_tag?post=11354"}],"curies":[{"name":"wp","href":"https:\/\/api.w.org\/{rel}","templated":true}]}}