{"id":11351,"date":"2025-01-02T18:33:36","date_gmt":"2025-01-02T21:33:36","guid":{"rendered":"https:\/\/bosquegurumi.com\/?post_type=product&#038;p=11351"},"modified":"2025-08-07T23:24:34","modified_gmt":"2025-08-08T02:24:34","slug":"momo-ayase-amigurumi","status":"publish","type":"product","link":"https:\/\/bosquegurumi.com\/index.php\/produto\/momo-ayase-amigurumi\/","title":{"rendered":"Momo Ayase amigurumi pattern \/ receita [PT\/ENG] Dandadan"},"content":{"rendered":"<p style=\"text-align: center;\"><strong>Este produto n\u00e3o se trata das pe\u00e7as prontas, mas de arquivos em PDF para confec\u00e7\u00e3o dos amigurumis!<\/strong><\/p>\n<p style=\"text-align: center;\">Este arquivo re\u00fane instru\u00e7\u00f5es para confec\u00e7\u00e3o do amigurumis fanart da personagem <strong>Momo Ayase<\/strong>, do anime\/mang\u00e1 &#8220;Dandadan&#8221;.<\/p>\n<p style=\"text-align: center;\"><a href=\"https:\/\/bosquegurumi.com\/index.php\/produto\/dandadan-amigurumis-momo-okarun\/\" target=\"_blank\" rel=\"noopener\"><span style=\"text-decoration: underline;\"><strong>Confira aqui mais padr\u00f5es de &#8220;Dandadan&#8221;<\/strong><\/span><\/a><\/p>\n<ul>\n<li style=\"text-align: left;\">Padr\u00e3o em portugu\u00eas;<\/li>\n<li>Op\u00e7\u00e3o do padr\u00e3o sentado ou padr\u00e3o 2 em 1 (sentado e de p\u00e9);<\/li>\n<li style=\"text-align: left;\">Em m\u00e9dia 11cm (agulha 2,25mm) para o amigurumi sentado;<\/li>\n<li style=\"text-align: left;\">N\u00edvel de dificuldade: f\u00e1cil\/intermedi\u00e1rio;<\/li>\n<li style=\"text-align: left;\">Receitas com v\u00eddeos de apoio e fotos.<\/li>\n<\/ul>\n<p style=\"text-align: center;\">____________________________________________________<\/p>\n<p style=\"text-align: center;\"><strong>This product isn\u2019t the finished doll; it&#8217;s a PDF pattern on how to make the inspired amigurumi!<\/strong><\/p>\n<p style=\"text-align: center;\">This is a PDF file on how to make <strong>Momo Ayase<\/strong> (Dandadan) inspired amigurumi.<br \/>\nYou must <span style=\"text-decoration: underline;\"><a href=\"https:\/\/bosquegurumi.com\/index.php\/minha-conta\/\">log in<\/a><\/span> to buy the PDF and download it.<\/p>\n<p style=\"text-align: center;\"><a href=\"https:\/\/bosquegurumi.com\/index.php\/produto-tag\/dandadan\/\" target=\"_blank\" rel=\"noopener\"><span style=\"text-decoration: underline;\"><strong>Click here to check more Dandadan patterns!<\/strong><\/span><\/a><\/p>\n<ul>\n<li>The pattern language is English;<\/li>\n<li>2 options: seated body pattern OR 2-in-1 pattern (seated + standing bodies);<\/li>\n<li>Video tutorials and pictures to facilitate your work;<\/li>\n<li>List of materials and stitches used;<\/li>\n<li>Approximately 11cm (seated body) using a 2.25mm crochet hook;<\/li>\n<li>Patterns level: easy\/intermediate level.<\/li>\n<\/ul>\n<p>If you have doubts, you can <a href=\"https:\/\/bosquegurumi.com\/index.php\/contactus\/\">contact me<\/a>.<\/p>\n<p>The price is in Brazilian Real. It&#8217;s converted by Paypal to your local currency during checkout.<\/p>\n<p><strong>The patterns are for personal use only, which means it\u2019s forbidden to share or to sell the PDFs.<\/strong><\/p>\n<p><strong>The files will be available to download after the payment. Access MY ACCOUNT (Minha Conta) &gt;&gt; DOWNLOADS to download them.<\/strong><\/p>\n","protected":false},"excerpt":{"rendered":"<p><span style=\"font-size: xx-small;\">Click on the USA flag on the top of the page to translate it to English<\/span><\/p>\n<p style=\"text-align: center;\">Padr\u00e3o em PDF confec\u00e7\u00e3o ao amigurumi da <strong>Momo Ayase (Dandadan)<\/strong> nas op\u00e7\u00f5es de padr\u00e3o sentado (minigurumi cl\u00e1ssico) ou padr\u00e3o 2 em 1 (sentada e de p\u00e9).<\/p>\n<p style=\"text-align: center;\"><a href=\"https:\/\/bosquegurumi.com\/index.php\/produto-tag\/dandadan\/\" target=\"_blank\" rel=\"noopener\"><strong><span style=\"text-decoration: underline;\">Confira mais amigurumis de Dandadan<\/span><\/strong><\/a><\/p>\n<p style=\"text-align: center;\">= = = = = = = = = = = = = = = = = =<\/p>\n<p style=\"text-align: center;\"><strong>Momo Ayase (Dandadan) amigurumi pattern<\/strong>. There are two options: seated body (classic minigurumi) or 2-in-1 pattern (seated body + standing body).<\/p>\n<p style=\"text-align: center;\"><a href=\"https:\/\/bosquegurumi.com\/index.php\/produto-tag\/dandadan\/\" target=\"_blank\" rel=\"noopener\"><span style=\"text-decoration: underline;\"><strong>Check out more &#8220;Dandadan&#8221; amigurumi patterns!<\/strong><\/span><\/a><\/p>\n<ul>\n<li>Patterns in English;<\/li>\n<li>Size: about 11cm (seated body) using a 2.25mm crochet hook;<\/li>\n<li>Difficulty level: easy\/intermediate level.<\/li>\n<\/ul>\n<p><strong>International purchases: payment via PayPal<\/strong><\/p>\n<p>The price is in Brazilian Real. It&#8217;s converted by Paypal to your local currency during checkout.<\/p>\n<p><em><strong>You must <a href=\"https:\/\/bosquegurumi.com\/index.php\/minha-conta\/\">log in<\/a> to buy the PDFs and download them<\/strong>. Access MY ACCOUNT (Minha Conta) &gt;&gt; DOWNLOADS to download them.<\/em><\/p>\n<div>.<\/div>\n","protected":false},"featured_media":11334,"template":"","meta":{"om_disable_all_campaigns":false,"_monsterinsights_skip_tracking":false,"_monsterinsights_sitenote_active":false,"_monsterinsights_sitenote_note":"","_monsterinsights_sitenote_category":0},"product_brand":[],"product_cat":[40,24,53],"product_tag":[58,141,59],"class_list":{"0":"post-11351","1":"product","2":"type-product","3":"status-publish","4":"has-post-thumbnail","6":"product_cat-patterns","7":"product_cat-receitas","8":"product_cat-otaku","9":"product_tag-anime","10":"product_tag-dandadan","11":"product_tag-manga","13":"first","14":"instock","15":"taxable","16":"shipping-taxable","17":"purchasable","18":"product-type-variable"},"aioseo_notices":[],"_links":{"self":[{"href":"https:\/\/bosquegurumi.com\/index.php\/wp-json\/wp\/v2\/product\/11351","targetHints":{"allow":["GET"]}}],"collection":[{"href":"https:\/\/bosquegurumi.com\/index.php\/wp-json\/wp\/v2\/product"}],"about":[{"href":"https:\/\/bosquegurumi.com\/index.php\/wp-json\/wp\/v2\/types\/product"}],"wp:featuredmedia":[{"embeddable":true,"href":"https:\/\/bosquegurumi.com\/index.php\/wp-json\/wp\/v2\/media\/11334"}],"wp:attachment":[{"href":"https:\/\/bosquegurumi.com\/index.php\/wp-json\/wp\/v2\/media?parent=11351"}],"wp:term":[{"taxonomy":"product_brand","embeddable":true,"href":"https:\/\/bosquegurumi.com\/index.php\/wp-json\/wp\/v2\/product_brand?post=11351"},{"taxonomy":"product_cat","embeddable":true,"href":"https:\/\/bosquegurumi.com\/index.php\/wp-json\/wp\/v2\/product_cat?post=11351"},{"taxonomy":"product_tag","embeddable":true,"href":"https:\/\/bosquegurumi.com\/index.php\/wp-json\/wp\/v2\/product_tag?post=11351"}],"curies":[{"name":"wp","href":"https:\/\/api.w.org\/{rel}","templated":true}]}}