{"id":1129,"date":"2022-01-27T21:15:59","date_gmt":"2022-01-28T00:15:59","guid":{"rendered":"https:\/\/bosquegurumi.com\/?post_type=product&#038;p=1129"},"modified":"2022-03-01T00:01:12","modified_gmt":"2022-03-01T03:01:12","slug":"shera2-padraofanart","status":"publish","type":"product","link":"https:\/\/bosquegurumi.com\/index.php\/produto\/shera2-padraofanart\/","title":{"rendered":"Combo She-ra | Receitas de amigurumis fanart"},"content":{"rendered":"<p style=\"text-align: center;\"><strong>Estas s\u00e3o receitas FANART.<\/strong><br \/>\n<strong>Arquivos digitais para confec\u00e7\u00e3o das pe\u00e7as e n\u00e3o os amigurumis prontos!<\/strong><\/p>\n<p>&nbsp;<\/p>\n<p>Padr\u00e3o She-ra\/Adora:<\/p>\n<ul>\n<li>Arquivo digital com 29 p\u00e1ginas<\/li>\n<li>Mais de 100 fotos!<\/li>\n<li>V\u00eddeo de apoio<\/li>\n<li>Idioma portugu\u00eas<\/li>\n<li>N\u00edvel de dificuldade: intermedi\u00e1rio<\/li>\n<li>Cerca de 20cm, dependendo do material e da agulha<\/li>\n<\/ul>\n<p>Padr\u00e3o Felina\/Catra:<\/p>\n<ul>\n<li>Arquivo digital com 24 p\u00e1ginas<\/li>\n<li>Mais de 80 fotos!<\/li>\n<li>V\u00eddeo de apoio<\/li>\n<li>Idioma portugu\u00eas<\/li>\n<li>N\u00edvel de dificuldade: intermedi\u00e1rio<\/li>\n<li>Cerca de 20cm, dependendo do material e da agulha<\/li>\n<\/ul>\n<p>Al\u00e9m disso, nos arquivos digitais voc\u00ea encontra:<\/p>\n<ul>\n<li>Duas op\u00e7\u00f5es de bota da Adora;<\/li>\n<li>Duas op\u00e7\u00f5es de capa (feltro e croch\u00ea) da Adora;<\/li>\n<li>Duas op\u00e7\u00f5es de cabelo (fio a fio e rasqueado) para a Felina;<\/li>\n<li>Duas op\u00e7\u00f5es de m\u00e1scara (feltro e croch\u00ea) da Felina;<\/li>\n<li>Duas op\u00e7\u00f5es de bordado para os olhos da Felina;<\/li>\n<li>Instru\u00e7\u00f5es detalhadas para confec\u00e7\u00e3o das pe\u00e7as;<\/li>\n<li>Informa\u00e7\u00f5es t\u00e9cnicas (materiais, abrevia\u00e7\u00f5es, etc).<\/li>\n<\/ul>\n<p>Suporte dispon\u00edvel!<\/p>\n<p><strong>Ap\u00f3s a confirma\u00e7\u00e3o do pagamento, os arquivos digitais ficar\u00e3o dispon\u00edveis para download na sua conta do <\/strong><strong>site, na se\u00e7\u00e3o Minha Conta =&gt; Downloads.<\/strong><\/p>\n<p><strong>Padr\u00f5es de uso pessoal, individual e intransfer\u00edvel. Venda e\/ou compartilhamento s\u00e3o proibidos, seja <\/strong><strong>por meios f\u00edsicos ou digitais, de acordo com a lei de direitos autorais N\u00ba 9.610\/98. Ao realizar a <\/strong><strong>compra voc\u00ea concorda as referidas condi\u00e7\u00f5es de n\u00e3o compartilhamento.<\/strong><\/p>\n<p>&nbsp;<\/p>\n","protected":false},"excerpt":{"rendered":"<p>Padr\u00f5es digitais para confec\u00e7\u00e3o dos amigurumis fanart das personagens She-ra\/Adora e Felina\/Catra, da s\u00e9rie animada &#8220;She-Ra e as Princesas do Poder&#8221;.<\/p>\n<ul>\n<li><strong>PDF&#8217;s que totalizam 53 p\u00e1ginas<\/strong><\/li>\n<li><strong>Mais de 180 fotos!<\/strong><\/li>\n<li><strong>V\u00eddeos de apoio<\/strong><\/li>\n<li><strong>Idioma portugu\u00eas<\/strong><\/li>\n<li><strong>N\u00edvel de dificuldade: intermedi\u00e1rio<\/strong><\/li>\n<li><strong>Cerca de 20cm, dependendo do material e da agulha<\/strong><\/li>\n<\/ul>\n<p>&nbsp;<\/p>\n","protected":false},"featured_media":1123,"template":"","meta":{"om_disable_all_campaigns":false,"_monsterinsights_skip_tracking":false,"_monsterinsights_sitenote_active":false,"_monsterinsights_sitenote_note":"","_monsterinsights_sitenote_category":0},"product_brand":[],"product_cat":[24,52,42,46],"product_tag":[49,50,43],"class_list":{"0":"post-1129","1":"product","2":"type-product","3":"status-publish","4":"has-post-thumbnail","6":"product_cat-receitas","7":"product_cat-animacoes-ocidentais","8":"product_cat-filmes-serie","9":"product_cat-herois-viloes","10":"product_tag-animacao","11":"product_tag-colecao-etheria","12":"product_tag-series","14":"first","15":"instock","16":"downloadable","17":"virtual","18":"taxable","19":"purchasable","20":"product-type-simple"},"aioseo_notices":[],"_links":{"self":[{"href":"https:\/\/bosquegurumi.com\/index.php\/wp-json\/wp\/v2\/product\/1129","targetHints":{"allow":["GET"]}}],"collection":[{"href":"https:\/\/bosquegurumi.com\/index.php\/wp-json\/wp\/v2\/product"}],"about":[{"href":"https:\/\/bosquegurumi.com\/index.php\/wp-json\/wp\/v2\/types\/product"}],"wp:featuredmedia":[{"embeddable":true,"href":"https:\/\/bosquegurumi.com\/index.php\/wp-json\/wp\/v2\/media\/1123"}],"wp:attachment":[{"href":"https:\/\/bosquegurumi.com\/index.php\/wp-json\/wp\/v2\/media?parent=1129"}],"wp:term":[{"taxonomy":"product_brand","embeddable":true,"href":"https:\/\/bosquegurumi.com\/index.php\/wp-json\/wp\/v2\/product_brand?post=1129"},{"taxonomy":"product_cat","embeddable":true,"href":"https:\/\/bosquegurumi.com\/index.php\/wp-json\/wp\/v2\/product_cat?post=1129"},{"taxonomy":"product_tag","embeddable":true,"href":"https:\/\/bosquegurumi.com\/index.php\/wp-json\/wp\/v2\/product_tag?post=1129"}],"curies":[{"name":"wp","href":"https:\/\/api.w.org\/{rel}","templated":true}]}}