{"id":11155,"date":"2025-01-11T23:36:09","date_gmt":"2025-01-12T02:36:09","guid":{"rendered":"https:\/\/bosquegurumi.com\/?post_type=product&#038;p=11155"},"modified":"2025-07-10T16:15:58","modified_gmt":"2025-07-10T19:15:58","slug":"dandadan-amigurumis-momo-okarun","status":"publish","type":"product","link":"https:\/\/bosquegurumi.com\/index.php\/produto\/dandadan-amigurumis-momo-okarun\/","title":{"rendered":"Dandadan receitas de amigurumi [Portugu\u00eas] Momo, Okarun, Turbo Granny +"},"content":{"rendered":"<p style=\"text-align: center;\"><strong>Dandadan Amigurumis<br \/>\nEstes produtos N\u00c3O S\u00c3O BONECOS PRONTOS, mas arquivos em PDF sobre como faz\u00ea-los!<\/strong><\/p>\n<p style=\"text-align: center;\"><strong><br \/>\n&#8220;Dandadan&#8221; receitas de amigurumi: Volume I<br \/>\n<\/strong>Okarun amigurumi, Momo Ayase amigurmi, Turbo Granny amigurumi fanarts<\/p>\n<ul>\n<li>Pe\u00e7as de aprox. 11 cm usando agulha 2.25mm;<\/li>\n<li>N\u00edvel de dificuldade: intermedi\u00e1rio;<\/li>\n<li>PDF&#8217;s cont\u00eam instru\u00e7\u00f5es detalhadas para fazer os amigurumis;<\/li>\n<li>Fotos e v\u00eddeos de apoio!<\/li>\n<\/ul>\n<p>Suporte dispon\u00edvel!<\/p>\n<p style=\"text-align: center;\"><a href=\"https:\/\/bosquegurumi.com\/index.php\/produto\/dandadan-amigurumi-patterns\/\" target=\"_blank\" rel=\"noopener\"><strong><span style=\"text-decoration: underline;\"><span style=\"font-size: medium;\">Patterns available in English<\/span><\/span><\/strong><\/a><\/p>\n<p>Veja mais detalhes da <a href=\"https:\/\/youtube.com\/shorts\/pjAivkTOfc8\" target=\"_blank\" rel=\"noopener\">pe\u00e7a do Okarun<\/a><\/p>\n<p><strong>Os padr\u00f5es de amigurumi de &#8220;Dandadan&#8221; s\u00e3o para uso exclusivamente pessoal, por isso \u00e9 proibido compartilhar, distribuir, doar ou revender os PDFs. Ao comprar o produto voc\u00ea concorda automaticamente com estes termos.<\/strong><\/p>\n<p><em>Os padr\u00f5es estar\u00e3o dispon\u00edveis para download ap\u00f3s o pagamento. Acesse MINHA CONTA &gt;&gt; DOWNLOAD para baix\u00e1-los.<\/em><\/p>\n","protected":false},"excerpt":{"rendered":"<p style=\"text-align: center;\"><strong>Dandadan receitas de amigurumi<br \/>\n<\/strong>Okarun, Momo e Turbo Granny amigurumi fanarts<\/p>\n<ul>\n<li>Pe\u00e7as de aprox. 11 cm usando agulha 2.25mm;<\/li>\n<li>N\u00edvel de dificuldade: intermedi\u00e1rio;<\/li>\n<li>PDF&#8217;s com instru\u00e7\u00f5es detalhadas, fotos e v\u00eddeos de apoio.<\/li>\n<\/ul>\n<p style=\"text-align: center;\"><a href=\"https:\/\/bosquegurumi.com\/index.php\/produto-tag\/dandadan\/\" target=\"_blank\" rel=\"noopener\">Padr\u00f5es individuais aqui!<\/a><\/p>\n<p style=\"text-align: center;\"><a href=\"https:\/\/bosquegurumi.com\/index.php\/produto\/dandadan-amigurumi-patterns\/\" target=\"_blank\" rel=\"noopener\"><strong><span style=\"text-decoration: underline;\">Check out the English patterns<\/span><\/strong><\/a><\/p>\n<p>&nbsp;<\/p>\n<p><em>Os padr\u00f5es estar\u00e3o dispon\u00edveis para download ap\u00f3s o pagamento. Acesse MINHA CONTA &gt;&gt; DOWNLOAD para baix\u00e1-los.<\/em><\/p>\n<p>&nbsp;<\/p>\n","protected":false},"featured_media":11168,"template":"","meta":{"om_disable_all_campaigns":false,"_monsterinsights_skip_tracking":false,"_monsterinsights_sitenote_active":false,"_monsterinsights_sitenote_note":"","_monsterinsights_sitenote_category":0},"product_brand":[],"product_cat":[24,42],"product_tag":[58,141,59,72],"class_list":{"0":"post-11155","1":"product","2":"type-product","3":"status-publish","4":"has-post-thumbnail","6":"product_cat-receitas","7":"product_cat-filmes-serie","8":"product_tag-anime","9":"product_tag-dandadan","10":"product_tag-manga","11":"product_tag-minigurumi","13":"first","14":"instock","15":"taxable","16":"shipping-taxable","17":"purchasable","18":"product-type-variable","19":"has-default-attributes"},"aioseo_notices":[],"_links":{"self":[{"href":"https:\/\/bosquegurumi.com\/index.php\/wp-json\/wp\/v2\/product\/11155","targetHints":{"allow":["GET"]}}],"collection":[{"href":"https:\/\/bosquegurumi.com\/index.php\/wp-json\/wp\/v2\/product"}],"about":[{"href":"https:\/\/bosquegurumi.com\/index.php\/wp-json\/wp\/v2\/types\/product"}],"wp:featuredmedia":[{"embeddable":true,"href":"https:\/\/bosquegurumi.com\/index.php\/wp-json\/wp\/v2\/media\/11168"}],"wp:attachment":[{"href":"https:\/\/bosquegurumi.com\/index.php\/wp-json\/wp\/v2\/media?parent=11155"}],"wp:term":[{"taxonomy":"product_brand","embeddable":true,"href":"https:\/\/bosquegurumi.com\/index.php\/wp-json\/wp\/v2\/product_brand?post=11155"},{"taxonomy":"product_cat","embeddable":true,"href":"https:\/\/bosquegurumi.com\/index.php\/wp-json\/wp\/v2\/product_cat?post=11155"},{"taxonomy":"product_tag","embeddable":true,"href":"https:\/\/bosquegurumi.com\/index.php\/wp-json\/wp\/v2\/product_tag?post=11155"}],"curies":[{"name":"wp","href":"https:\/\/api.w.org\/{rel}","templated":true}]}}