{"id":10789,"date":"2024-11-25T19:10:05","date_gmt":"2024-11-25T22:10:05","guid":{"rendered":"https:\/\/bosquegurumi.com\/?post_type=product&#038;p=10789"},"modified":"2025-06-10T20:36:38","modified_gmt":"2025-06-10T23:36:38","slug":"chaveiros-arcane-lol-amigurumi-keychains","status":"publish","type":"product","link":"https:\/\/bosquegurumi.com\/index.php\/produto\/chaveiros-arcane-lol-amigurumi-keychains\/","title":{"rendered":"Arcane amigurumi keychains \/ chaveiros de croch\u00ea [PT\/ENG] 3 receitas \u2022 3 patterns"},"content":{"rendered":"<p style=\"text-align: center;\"><strong>Este produto n\u00e3o se trata das pe\u00e7as prontas, mas de arquivos em PDF para confec\u00e7\u00e3o dos amigurumis!<\/strong><\/p>\n<p style=\"text-align: center;\">Este e-book re\u00fane padr\u00f5es em PDF para confec\u00e7\u00e3o de 3 chaveiros de croch\u00ea\/amigurumis fanarts inspirados em Arcane\/League of Legends (LOL): <strong>Jinx, Vi e Caitlyn Kiramman!<\/strong><\/p>\n<ul>\n<li style=\"text-align: left;\">Padr\u00f5es em portugu\u00eas;<\/li>\n<li style=\"text-align: left;\">Em m\u00e9dia 5cm (agulha 2,25mm), desconsiderando corrente e acess\u00f3rios;<\/li>\n<li style=\"text-align: left;\">N\u00edvel de dificuldade: f\u00e1cil\/intermedi\u00e1rio;<\/li>\n<li style=\"text-align: left;\">Receitas com v\u00eddeos de apoio e fotos.<\/li>\n<\/ul>\n<p style=\"text-align: center;\"><a href=\"https:\/\/www.instagram.com\/reel\/DDfWOf3v6ZX\/\" target=\"_blank\" rel=\"noopener\"><strong>Clique aqui e veja um v\u00eddeo com detalhes dos chaveiros!<\/strong><\/a><\/p>\n<p style=\"text-align: center;\">____________________________________________________<\/p>\n<p style=\"text-align: center;\"><strong>These products aren\u2019t crochet keychains, but PDF patterns to make them!<\/strong><\/p>\n<p style=\"text-align: center;\">This is a PDF file on how to make three Arcane\/LOL inspired amigurumis\/crochet keychains:<strong> Jinx, Vi and Caitlyn Kiramman<\/strong>.<\/p>\n<p style=\"text-align: center;\">You must <span style=\"text-decoration: underline;\"><a href=\"https:\/\/bosquegurumi.com\/index.php\/minha-conta\/\">log in<\/a><\/span> to buy the PDFs and download them.<\/p>\n<ul>\n<li>The patterns language is English;<\/li>\n<li>Video tutorials and pictures to facilitate your work;<\/li>\n<li>List of materials and stitches used;<\/li>\n<li>Approximately 5cm\/2 inches (head only) using a 2.25mm crochet hook;<\/li>\n<li>Patterns level: easy\/intermediate level.<\/li>\n<\/ul>\n<p>If you have doubts, you can <a href=\"https:\/\/bosquegurumi.com\/index.php\/contactus\/\">contact me<\/a>.<\/p>\n<p>The price is in Brazilian Real. It&#8217;s converted by Paypal to your local currency during checkout.<\/p>\n<p><strong>The patterns are for personal use only, which means it\u2019s forbidden to share or to sell the PDFs.<\/strong><\/p>\n<p><strong>The files will be available to download after the payment. Access MY ACCOUNT (Minha Conta) &gt;&gt; DOWNLOADS to download them.<\/strong><\/p>\n","protected":false},"excerpt":{"rendered":"<p style=\"text-align: center;\"><span style=\"font-size: xx-small;\">Click on the USA flag on the top of the page to translate it to English<\/span><\/p>\n<p style=\"text-align: center;\">E-book de receitas para confec\u00e7\u00e3o dos chaveiros de croch\u00ea da <strong>Jinx, Vi e Caitlyn<\/strong>, de Arcane\/League of Legends.<\/p>\n<p style=\"text-align: center;\"><a href=\"https:\/\/bosquegurumi.com\/index.php\/produto-tag\/arcane\" target=\"_blank\" rel=\"noopener\"><strong><span style=\"text-decoration: underline;\">Confira mais amigurumis de Arcane\/LOL<\/span><\/strong><\/a><\/p>\n<p style=\"text-align: center;\">= = = = = = = = = = = = = = = = = =<\/p>\n<p style=\"text-align: center;\">This is PDF file includes three patterns: <strong>Jinx, Vi, and Caitlyn <\/strong>amigurumi keychains. Patterns inspired by Arcane\/League of Legends (LOL).<\/p>\n<p style=\"text-align: center;\"><a href=\"https:\/\/bosquegurumi.com\/index.php\/produto-tag\/lol\" target=\"_blank\" rel=\"noopener\"><span style=\"text-decoration: underline;\"><strong>Check out more Arcane amigurumis!<\/strong><\/span><\/a><\/p>\n<ul>\n<li>Patterns in English;<\/li>\n<li>Size: about 5cm\/ 2 inches (head only) using a 2.25mm crochet hook;<\/li>\n<li>Difficulty level: easy\/intermediate level.<\/li>\n<\/ul>\n<p><strong>International purchases: payment via PayPal<\/strong><\/p>\n<p>The price is in Brazilian Real. It&#8217;s converted by Paypal to your local currency during checkout.<\/p>\n<p><em><strong>You must <a href=\"https:\/\/bosquegurumi.com\/index.php\/minha-conta\/\">log in<\/a> to buy the PDFs and download them<\/strong>. Access MY ACCOUNT (Minha Conta) &gt;&gt; DOWNLOADS to download them.<\/em><\/p>\n<div>.<\/div>\n","protected":false},"featured_media":11128,"template":"","meta":{"om_disable_all_campaigns":false,"_monsterinsights_skip_tracking":false,"_monsterinsights_sitenote_active":false,"_monsterinsights_sitenote_note":"","_monsterinsights_sitenote_category":0},"product_brand":[],"product_cat":[152,40,24,53],"product_tag":[136,153,94,135,80,43],"class_list":{"0":"post-10789","1":"product","2":"type-product","3":"status-publish","4":"has-post-thumbnail","6":"product_cat-chaveiros-keychains","7":"product_cat-patterns","8":"product_cat-receitas","9":"product_cat-otaku","10":"product_tag-arcane","11":"product_tag-chaveiros","12":"product_tag-games","13":"product_tag-lol","14":"product_tag-serie-de-tv","15":"product_tag-series","17":"first","18":"instock","19":"taxable","20":"shipping-taxable","21":"purchasable","22":"product-type-variable","23":"has-default-attributes"},"aioseo_notices":[],"_links":{"self":[{"href":"https:\/\/bosquegurumi.com\/index.php\/wp-json\/wp\/v2\/product\/10789","targetHints":{"allow":["GET"]}}],"collection":[{"href":"https:\/\/bosquegurumi.com\/index.php\/wp-json\/wp\/v2\/product"}],"about":[{"href":"https:\/\/bosquegurumi.com\/index.php\/wp-json\/wp\/v2\/types\/product"}],"wp:featuredmedia":[{"embeddable":true,"href":"https:\/\/bosquegurumi.com\/index.php\/wp-json\/wp\/v2\/media\/11128"}],"wp:attachment":[{"href":"https:\/\/bosquegurumi.com\/index.php\/wp-json\/wp\/v2\/media?parent=10789"}],"wp:term":[{"taxonomy":"product_brand","embeddable":true,"href":"https:\/\/bosquegurumi.com\/index.php\/wp-json\/wp\/v2\/product_brand?post=10789"},{"taxonomy":"product_cat","embeddable":true,"href":"https:\/\/bosquegurumi.com\/index.php\/wp-json\/wp\/v2\/product_cat?post=10789"},{"taxonomy":"product_tag","embeddable":true,"href":"https:\/\/bosquegurumi.com\/index.php\/wp-json\/wp\/v2\/product_tag?post=10789"}],"curies":[{"name":"wp","href":"https:\/\/api.w.org\/{rel}","templated":true}]}}