{"id":1065,"date":"2021-11-28T12:36:54","date_gmt":"2021-11-28T15:36:54","guid":{"rendered":"https:\/\/bosquegurumi.com\/?post_type=product&#038;p=1065"},"modified":"2022-03-01T00:01:12","modified_gmt":"2022-03-01T03:01:12","slug":"lokis2-padraofanart","status":"publish","type":"product","link":"https:\/\/bosquegurumi.com\/index.php\/produto\/lokis2-padraofanart\/","title":{"rendered":"Combo Loki TVA + Sylvie &#8211; Receitas de amigurumi fanart"},"content":{"rendered":"<p style=\"text-align: center;\"><strong>Estas s\u00e3o receitas FANART.<\/strong><br \/>\n<strong>Arquivos digitais para confec\u00e7\u00e3o das pe\u00e7as e n\u00e3o os amigurumis prontos!<\/strong><\/p>\n<p>&nbsp;<\/p>\n<p>Padr\u00e3o Loki:<\/p>\n<ul>\n<li>PDF com 17 p\u00e1ginas<\/li>\n<li>Mais de 50 fotos<\/li>\n<li>Idioma portugu\u00eas<\/li>\n<li>N\u00edvel de dificuldade: f\u00e1cil-intermedi\u00e1rio<\/li>\n<li>Cerca de 15cm, dependendo dos fios e da agulha<\/li>\n<\/ul>\n<p>Padr\u00e3o Sylvie:<\/p>\n<ul>\n<li>PDF com 26 p\u00e1ginas<\/li>\n<li>Mais de 80 fotos!<\/li>\n<li>1 v\u00eddeo de apoio<\/li>\n<li>Idioma portugu\u00eas<\/li>\n<li>N\u00edvel de dificuldade: intermedi\u00e1rio<\/li>\n<li>Cerca de 15cm, dependendo dos fios e da agulha<\/li>\n<\/ul>\n<p>Al\u00e9m disso, nos arquivos digitais voc\u00ea encontra:<\/p>\n<ul>\n<li>Receitas de casacos e\u00a0acess\u00f3rio<\/li>\n<li>Instru\u00e7\u00f5es detalhadas para confec\u00e7\u00e3o dos amigurumis<\/li>\n<li>Informa\u00e7\u00f5es t\u00e9cnicas (materiais, abrevia\u00e7\u00f5es, etc)<\/li>\n<\/ul>\n<p>Suporte dispon\u00edvel!<\/p>\n<p>Como em todas as minhas receitas, os padr\u00f5es do Loki e da Sylvie focam na did\u00e1tica. Eles foram pensados para tornar o processo de confec\u00e7\u00e3o o mais claro e intuitivo poss\u00edvel, por isso as receitas acompanham fotos, v\u00eddeo e passo a passo bem completo! Tudo isso em arquivos inspirados no universo&#8230; Oops, multiverso de Loki!<\/p>\n<p><strong>Ap\u00f3s a confirma\u00e7\u00e3o do pagamento, os arquivos digitais ficar\u00e3o dispon\u00edveis para download na sua conta do <\/strong><strong>site na se\u00e7\u00e3o Minha Conta =&gt; Downloads.<\/strong><\/p>\n<p><strong>Padr\u00f5es de uso pessoal, individual e intransfer\u00edvel. Venda e\/ou compartilhamento s\u00e3o proibidos, seja <\/strong><strong>por meios f\u00edsicos ou digitais, de acordo com a lei de direitos autorais N\u00ba 9.610\/98. Ao realizar a <\/strong><strong>compra voc\u00ea concorda as referidas condi\u00e7\u00f5es de n\u00e3o compartilhamento.<\/strong><\/p>\n<p>&nbsp;<\/p>\n","protected":false},"excerpt":{"rendered":"<p>Padr\u00f5es digitais para confec\u00e7\u00e3o dos amigurumis fanart das variantes Sylvie e Loki TVA, protagonistas da s\u00e9rie &#8220;Loki&#8221;. A obra estreou em 2021 e fez grande sucesso&#8230;\u00a0 Em todo o Multiverso!<\/p>\n<ul>\n<li><strong>PDFs que totalizam 43 p\u00e1ginas<\/strong><\/li>\n<li><strong>Mais de 130 fotos!<\/strong><\/li>\n<li><strong>V\u00eddeo de apoio<\/strong><\/li>\n<li><strong>Idioma portugu\u00eas<\/strong><\/li>\n<li><strong>N\u00edvel de dificuldade: f\u00e1cil-intermedi\u00e1rio<\/strong><\/li>\n<li><strong>Cerca de 15cm, dependendo dos fios e da agulha<\/strong><\/li>\n<\/ul>\n<p>&nbsp;<\/p>\n","protected":false},"featured_media":1023,"template":"","meta":{"om_disable_all_campaigns":false,"_monsterinsights_skip_tracking":false,"_monsterinsights_sitenote_active":false,"_monsterinsights_sitenote_note":"","_monsterinsights_sitenote_category":0},"product_brand":[],"product_cat":[24,42,46],"product_tag":[44,45,43],"class_list":{"0":"post-1065","1":"product","2":"type-product","3":"status-publish","4":"has-post-thumbnail","6":"product_cat-receitas","7":"product_cat-filmes-serie","8":"product_cat-herois-viloes","9":"product_tag-loki","10":"product_tag-marvel","11":"product_tag-series","13":"first","14":"instock","15":"downloadable","16":"virtual","17":"taxable","18":"purchasable","19":"product-type-simple"},"aioseo_notices":[],"_links":{"self":[{"href":"https:\/\/bosquegurumi.com\/index.php\/wp-json\/wp\/v2\/product\/1065","targetHints":{"allow":["GET"]}}],"collection":[{"href":"https:\/\/bosquegurumi.com\/index.php\/wp-json\/wp\/v2\/product"}],"about":[{"href":"https:\/\/bosquegurumi.com\/index.php\/wp-json\/wp\/v2\/types\/product"}],"wp:featuredmedia":[{"embeddable":true,"href":"https:\/\/bosquegurumi.com\/index.php\/wp-json\/wp\/v2\/media\/1023"}],"wp:attachment":[{"href":"https:\/\/bosquegurumi.com\/index.php\/wp-json\/wp\/v2\/media?parent=1065"}],"wp:term":[{"taxonomy":"product_brand","embeddable":true,"href":"https:\/\/bosquegurumi.com\/index.php\/wp-json\/wp\/v2\/product_brand?post=1065"},{"taxonomy":"product_cat","embeddable":true,"href":"https:\/\/bosquegurumi.com\/index.php\/wp-json\/wp\/v2\/product_cat?post=1065"},{"taxonomy":"product_tag","embeddable":true,"href":"https:\/\/bosquegurumi.com\/index.php\/wp-json\/wp\/v2\/product_tag?post=1065"}],"curies":[{"name":"wp","href":"https:\/\/api.w.org\/{rel}","templated":true}]}}