{"id":10435,"date":"2024-11-25T13:08:50","date_gmt":"2024-11-25T16:08:50","guid":{"rendered":"https:\/\/bosquegurumi.com\/?post_type=product&#038;p=10435"},"modified":"2026-01-13T17:20:01","modified_gmt":"2026-01-13T20:20:01","slug":"elphaba-amigurumi-glinda-wicked","status":"publish","type":"product","link":"https:\/\/bosquegurumi.com\/index.php\/produto\/elphaba-amigurumi-glinda-wicked\/","title":{"rendered":"Elphaba e Glinda receitas de amigurumi [Wicked] Portugu\u00eas"},"content":{"rendered":"<p style=\"text-align: center;\"><strong>Estes produtos N\u00c3O S\u00c3O BONECAS PRONTAS, mas arquivos em PDF sobre como faz\u00ea-las!<\/strong><\/p>\n<p style=\"text-align: center;\"><strong>\ud83d\udc9a \ud83d\udc97 &#8220;Wicked&#8221; receitas de amigurumis \ud83d\udc9a \ud83d\udc97<br \/>\n<\/strong>Elphba Thropp e Glinda Upland amigurumi fanarts<\/p>\n<ul>\n<li>Pe\u00e7as de aprox. 17 cm usando agulhas 2mm a 2,5mm;<\/li>\n<li>N\u00edvel de dificuldade: intermedi\u00e1rio\/avan\u00e7ado;<\/li>\n<li>PDF&#8217;s cont\u00eam instru\u00e7\u00f5es detalhadas para fazer os amigurumis;<\/li>\n<li>Fotos e v\u00eddeos de apoio!<\/li>\n<\/ul>\n<p>Suporte dispon\u00edvel!<\/p>\n<p><a href=\"https:\/\/bosquegurumi.com\/index.php\/produto\/elphaba-amigurumi-glinda-amigurumi-wicked\/\" target=\"_blank\" rel=\"noopener\"><strong>=&gt; Patterns available in English<\/strong><\/a><\/p>\n<p>Veja mais detalhes da <a href=\"https:\/\/www.instagram.com\/bosquegurumi\/reel\/DCr2BfuPg81\/\" target=\"_blank\" rel=\"noopener\"><span style=\"text-decoration: underline;\">pe\u00e7a da Elphaba<\/span><\/a><\/p>\n<p><strong>Padr\u00f5es para uso exclusivamente pessoal, por isso \u00e9 proibido compartilhar, distribuir, doar ou revender os PDFs. Ao comprar o produto voc\u00ea concorda automaticamente com estes termos.<\/strong><\/p>\n<p><em>Os padr\u00f5es estar\u00e3o dispon\u00edveis para download ap\u00f3s o pagamento. Acesse MINHA CONTA &gt;&gt; DOWNLOAD para baix\u00e1-los.<\/em><\/p>\n","protected":false},"excerpt":{"rendered":"<p style=\"text-align: center;\"><strong>\ud83d\udc9a \ud83d\udc97 &#8220;Wicked&#8221; receitas de amigurumis \ud83d\udc9a \ud83d\udc97<br \/>\n<\/strong>Elphaba amigurumi fanart e Glinda amigurumi fanart<\/p>\n<ul>\n<li>Pe\u00e7as de aprox. 17 cm usando agulhas 2mm a 2,5mm;<\/li>\n<li>N\u00edvel de dificuldade: intermedi\u00e1rio (Elphaba) e avan\u00e7ado (Glinda);<\/li>\n<li>PDF&#8217;s com instru\u00e7\u00f5es detalhadas, fotos e v\u00eddeos de apoio.<\/li>\n<\/ul>\n<p style=\"text-align: center;\"><a href=\"https:\/\/bosquegurumi.com\/index.php\/produto\/elphaba-amigurumi-glinda-amigurumi-wicked\/\" target=\"_blank\" rel=\"noopener\"><span style=\"text-decoration: underline;\">Check out the English patterns<\/span><\/a><\/p>\n<p><em>Os padr\u00f5es estar\u00e3o dispon\u00edveis para download ap\u00f3s o pagamento. Acesse MINHA CONTA &gt;&gt; DOWNLOAD para baix\u00e1-los.<\/em><\/p>\n<p>&nbsp;<\/p>\n","protected":false},"featured_media":10923,"template":"","meta":{"om_disable_all_campaigns":false,"_monsterinsights_skip_tracking":false,"_monsterinsights_sitenote_active":false,"_monsterinsights_sitenote_note":"","_monsterinsights_sitenote_category":0},"product_brand":[],"product_cat":[24,42],"product_tag":[57,55,21,38,22],"class_list":{"0":"post-10435","1":"product","2":"type-product","3":"status-publish","4":"has-post-thumbnail","6":"product_cat-receitas","7":"product_cat-filmes-serie","8":"product_tag-bruxo","9":"product_tag-filmes","10":"product_tag-musicais","11":"product_tag-oz","12":"product_tag-wicked","14":"first","15":"instock","16":"taxable","17":"shipping-taxable","18":"purchasable","19":"product-type-variable","20":"has-default-attributes"},"aioseo_notices":[],"_links":{"self":[{"href":"https:\/\/bosquegurumi.com\/index.php\/wp-json\/wp\/v2\/product\/10435","targetHints":{"allow":["GET"]}}],"collection":[{"href":"https:\/\/bosquegurumi.com\/index.php\/wp-json\/wp\/v2\/product"}],"about":[{"href":"https:\/\/bosquegurumi.com\/index.php\/wp-json\/wp\/v2\/types\/product"}],"wp:featuredmedia":[{"embeddable":true,"href":"https:\/\/bosquegurumi.com\/index.php\/wp-json\/wp\/v2\/media\/10923"}],"wp:attachment":[{"href":"https:\/\/bosquegurumi.com\/index.php\/wp-json\/wp\/v2\/media?parent=10435"}],"wp:term":[{"taxonomy":"product_brand","embeddable":true,"href":"https:\/\/bosquegurumi.com\/index.php\/wp-json\/wp\/v2\/product_brand?post=10435"},{"taxonomy":"product_cat","embeddable":true,"href":"https:\/\/bosquegurumi.com\/index.php\/wp-json\/wp\/v2\/product_cat?post=10435"},{"taxonomy":"product_tag","embeddable":true,"href":"https:\/\/bosquegurumi.com\/index.php\/wp-json\/wp\/v2\/product_tag?post=10435"}],"curies":[{"name":"wp","href":"https:\/\/api.w.org\/{rel}","templated":true}]}}