{"id":10402,"date":"2024-11-26T07:10:45","date_gmt":"2024-11-26T10:10:45","guid":{"rendered":"https:\/\/bosquegurumi.com\/?post_type=product&#038;p=10402"},"modified":"2026-01-13T17:29:02","modified_gmt":"2026-01-13T20:29:02","slug":"jinx-amigurumi-vi-amigurumi-arcane-lol","status":"publish","type":"product","link":"https:\/\/bosquegurumi.com\/index.php\/produto\/jinx-amigurumi-vi-amigurumi-arcane-lol\/","title":{"rendered":"Jinx, Vi e Ekko receitas de amigurumi [Arcane\/LOL] Portugu\u00eas"},"content":{"rendered":"<p style=\"text-align: center;\"><strong>Estes produtos N\u00c3O S\u00c3O BONECOS PRONTOS, mas arquivos em PDF sobre como faz\u00ea-los!<\/strong><\/p>\n<p style=\"text-align: center;\"><strong>Arcane\/League of Legends (LOL) receitas de amigurumis<br \/>\n<\/strong>Vi, Jinx &amp; Ekko amigurumi fanarts<\/p>\n<ul>\n<li>Pe\u00e7as de aprox. 10 cm usando agulha 2.25mm;<\/li>\n<li>N\u00edvel de dificuldade: intermedi\u00e1rio;<\/li>\n<li>PDF&#8217;s cont\u00eam instru\u00e7\u00f5es detalhadas para fazer os amigurumis;<\/li>\n<li>Fotos e v\u00eddeos de apoio!<\/li>\n<\/ul>\n<p>Suporte dispon\u00edvel!<\/p>\n<p><a href=\"https:\/\/bosquegurumi.com\/index.php\/produto\/jinx-amigurumi-vi-ekko-arcane-lol\" target=\"_blank\" rel=\"noopener\"><strong>=&gt; Patterns available in English<\/strong><\/a><\/p>\n<p>Veja mais detalhes da <a href=\"https:\/\/www.tiktok.com\/@bosquegurumi\/video\/7439046178668334392\" target=\"_blank\" rel=\"noopener\">pe\u00e7a da Jinx<\/a> e da <a href=\"youtube.com\/watch?v=mi20PQ_wfxs\" target=\"_blank\" rel=\"noopener\">boneca da Vi<\/a> e do <a href=\"https:\/\/www.instagram.com\/bosquegurumi\/reel\/DDXaCWhuVYs\/\" target=\"_blank\" rel=\"noopener\">boneco em croch\u00ea do Ekko<\/a><\/p>\n<p><strong>Padr\u00f5es para uso exclusivamente pessoal, por isso \u00e9 proibido compartilhar, distribuir, doar ou revender os PDFs. Ao comprar o produto voc\u00ea concorda automaticamente com estes termos.<\/strong><\/p>\n<p><em>Os padr\u00f5es estar\u00e3o dispon\u00edveis para download ap\u00f3s o pagamento. Acesse MINHA CONTA &gt;&gt; DOWNLOAD para baix\u00e1-los.<\/em><\/p>\n","protected":false},"excerpt":{"rendered":"<p style=\"text-align: center;\"><strong>Arcane\/LOL receitas de amigurumis<br \/>\n<\/strong>Jinx, Vi e Ekko amigurumi fanarts<\/p>\n<ul>\n<li>Pe\u00e7as de aprox. 10 cm usando agulha 2.25mm;<\/li>\n<li>N\u00edvel de dificuldade: intermedi\u00e1rio;<\/li>\n<li>PDF&#8217;s com instru\u00e7\u00f5es detalhadas, fotos e v\u00eddeos de apoio.<\/li>\n<\/ul>\n<p style=\"text-align: center;\"><a href=\"https:\/\/bosquegurumi.com\/index.php\/produto\/jinx-amigurumi-vi-ekko-arcane-lol\" target=\"_blank\" rel=\"noopener\"><strong>Check out the English patterns<\/strong><\/a><\/p>\n<p style=\"text-align: center;\"><a href=\"https:\/\/bosquegurumi.com\/index.php\/produto\/arcane-lol-receitas-de-amigurumis\/\" target=\"_blank\" rel=\"noopener\"><strong>Combo &#8211; Vol. 2: Caitlyn, Mel &amp; Heimerdinger<\/strong><\/a><\/p>\n<p><em>Os padr\u00f5es estar\u00e3o dispon\u00edveis para download ap\u00f3s o pagamento. Acesse MINHA CONTA &gt;&gt; DOWNLOAD para baix\u00e1-los.<\/em><\/p>\n<p>&nbsp;<\/p>\n","protected":false},"featured_media":10781,"template":"","meta":{"om_disable_all_campaigns":false,"_monsterinsights_skip_tracking":false,"_monsterinsights_sitenote_active":false,"_monsterinsights_sitenote_note":"","_monsterinsights_sitenote_category":0},"product_brand":[],"product_cat":[24,42],"product_tag":[49,136,135,72,43],"class_list":{"0":"post-10402","1":"product","2":"type-product","3":"status-publish","4":"has-post-thumbnail","6":"product_cat-receitas","7":"product_cat-filmes-serie","8":"product_tag-animacao","9":"product_tag-arcane","10":"product_tag-lol","11":"product_tag-minigurumi","12":"product_tag-series","14":"first","15":"instock","16":"taxable","17":"shipping-taxable","18":"purchasable","19":"product-type-variable"},"aioseo_notices":[],"_links":{"self":[{"href":"https:\/\/bosquegurumi.com\/index.php\/wp-json\/wp\/v2\/product\/10402","targetHints":{"allow":["GET"]}}],"collection":[{"href":"https:\/\/bosquegurumi.com\/index.php\/wp-json\/wp\/v2\/product"}],"about":[{"href":"https:\/\/bosquegurumi.com\/index.php\/wp-json\/wp\/v2\/types\/product"}],"wp:featuredmedia":[{"embeddable":true,"href":"https:\/\/bosquegurumi.com\/index.php\/wp-json\/wp\/v2\/media\/10781"}],"wp:attachment":[{"href":"https:\/\/bosquegurumi.com\/index.php\/wp-json\/wp\/v2\/media?parent=10402"}],"wp:term":[{"taxonomy":"product_brand","embeddable":true,"href":"https:\/\/bosquegurumi.com\/index.php\/wp-json\/wp\/v2\/product_brand?post=10402"},{"taxonomy":"product_cat","embeddable":true,"href":"https:\/\/bosquegurumi.com\/index.php\/wp-json\/wp\/v2\/product_cat?post=10402"},{"taxonomy":"product_tag","embeddable":true,"href":"https:\/\/bosquegurumi.com\/index.php\/wp-json\/wp\/v2\/product_tag?post=10402"}],"curies":[{"name":"wp","href":"https:\/\/api.w.org\/{rel}","templated":true}]}}